{"id":69748,"date":"2022-11-28T12:05:51","date_gmt":"2022-11-28T11:05:51","guid":{"rendered":"https:\/\/secureus.se\/produkt\/overfalls-smart-knapp-enkeltryck-tradlos-vit\/"},"modified":"2026-04-07T20:09:19","modified_gmt":"2026-04-07T18:09:19","slug":"ajax-button-vit-enkeltryck-vit","status":"publish","type":"product","link":"https:\/\/secureus.se\/fr\/ajax-button-vit-enkeltryck-vit\/","title":{"rendered":"Bouton Ajax - Alarme d'agression Bouton simple - Bouton intelligent - Blanc"},"content":{"rendered":"<h3>Le bouton Ajax est un bouton d&#039;urgence sans fil avanc\u00e9 con\u00e7u pour fournir une r\u00e9ponse rapide et garantir que les situations d&#039;urgence sont trait\u00e9es imm\u00e9diatement.<\/h3>\n<p>Il ne s&#039;agit pas simplement d&#039;un bouton de panique, mais d&#039;un appareil intelligent qui peut \u00eatre utilis\u00e9 dans plusieurs situations critiques, notamment en cas de cambriolage, de fuite de gaz, d&#039;incendie et d&#039;urgence m\u00e9dicale.<\/p>\n<p>Sa simplicit\u00e9 d&#039;utilisation en fait un outil de s\u00e9curit\u00e9 pr\u00e9cieux, que vous soyez \u00e0 la maison, au travail ou dans un lieu public.<\/p>\n<p>Le bouton Ajax vous permet d&#039;appeler rapidement \u00e0 l&#039;aide d&#039;une simple pression sur le bouton, ce qui le rend particuli\u00e8rement utile dans les situations dangereuses.<\/p>\n<p>Le bouton peut \u00eatre programm\u00e9 pour g\u00e9rer jusqu&#039;\u00e0 huit types d&#039;\u00e9v\u00e9nements diff\u00e9rents, ce qui lui permet d&#039;\u00eatre personnalis\u00e9 pour diff\u00e9rents types de situations d&#039;urgence.<\/p>\n<p>En appuyant sur le bouton, vous pouvez imm\u00e9diatement informer le personnel de s\u00e9curit\u00e9, d\u00e9clencher des alarmes vers les stations de surveillance ou m\u00eame activer des appareils domestiques intelligents tels que des d\u00e9tecteurs de fum\u00e9e ou des alarmes de gaz.<\/p>\n<p>L&#039;une des fonctionnalit\u00e9s les plus importantes du bouton Ajax est sa capacit\u00e9 \u00e0 emp\u00eacher les fausses alarmes.<\/p>\n<p>Pour qu&#039;une alarme s&#039;active, l&#039;utilisateur doit appuyer deux fois sur le bouton ou le maintenir enfonc\u00e9, minimisant ainsi le risque d&#039;appuis accidentels.<\/p>\n<p>Cela garantit que seules les urgences pr\u00e9vues sont signal\u00e9es et vous pouvez \u00eatre s\u00fbr que l&#039;alarme est toujours authentique.<\/p>\n<p>Le bouton fonctionne avec le syst\u00e8me Ajax via le protocole radio Jeweller, qui offre une port\u00e9e impressionnante allant jusqu&#039;\u00e0 1300 m\u00e8tres en terrain d\u00e9couvert.<\/p>\n<p>Cela vous permet de l&#039;utiliser n&#039;importe o\u00f9 dans votre maison, votre bureau ou m\u00eame sur une plus grande propri\u00e9t\u00e9. Lorsque vous appuyez sur le bouton, vous obtenez une confirmation via une LED verte clignotante, qui garantit que l&#039;alarme a \u00e9t\u00e9 envoy\u00e9e.<\/p>\n<p>Le bouton Ajax est class\u00e9 IP55, ce qui signifie qu&#039;il est r\u00e9sistant \u00e0 l&#039;eau et prot\u00e9g\u00e9 contre la poussi\u00e8re, ce qui le rend durable pour une utilisation int\u00e9rieure et ext\u00e9rieure.<\/p>\n<p>Sa pile CR2032 a une dur\u00e9e de vie allant jusqu&#039;\u00e0 5 ans, ce qui signifie que le bouton n\u00e9cessite un minimum d&#039;entretien et peut \u00eatre utilis\u00e9 longtemps sans avoir besoin d&#039;\u00eatre remplac\u00e9.<\/p>\n<p><strong>Exemples d&#039;utilisation<\/strong>:<\/p>\n<ul>\n<li><strong>Mode panique<\/strong>: Appuyez sur le bouton pour appeler le personnel de s\u00e9curit\u00e9 en cas d&#039;effraction ou de menace.<\/li>\n<li><strong>Feu<\/strong>: Utilisez le bouton pour signaler rapidement un incendie ou une fuite de gaz.<\/li>\n<li><strong>Urgence m\u00e9dicale<\/strong>: Utilisez le bouton pour demander de l&#039;aide en cas de probl\u00e8mes de sant\u00e9 soudains.<\/li>\n<li><strong>Mesures pr\u00e9ventives<\/strong>: Placez le bouton \u00e0 la porte ou \u00e0 proximit\u00e9 des postes de travail pour effectuer rapidement des actions telles que l&#039;activation d&#039;alarmes ou de lumi\u00e8res de s\u00e9curit\u00e9.<\/li>\n<\/ul>\n<p>Le bouton peut \u00e9galement \u00eatre utilis\u00e9 pour contr\u00f4ler d&#039;autres appareils domestiques intelligents, ce qui en fait un appareil multifonctionnel pour votre syst\u00e8me de s\u00e9curit\u00e9.<\/p>\n<p><strong>Sp\u00e9cifications techniques<\/strong>:<\/p>\n<ul>\n<li><strong>Compatibilit\u00e9<\/strong>: Fonctionne avec tous les hubs Ajax avec OS Malevich 2.7 ou sup\u00e9rieur.<\/li>\n<li><strong>Temps de transmission de l&#039;alarme<\/strong>: Jusqu&#039;\u00e0 0,15 seconde<\/li>\n<li><strong>Alimentation<\/strong>: pile CR2032 (3V)<\/li>\n<li><strong>Autonomie de la batterie<\/strong>: Jusqu&#039;\u00e0 5 ans<\/li>\n<li><strong>Espace communication<\/strong>: Jusqu&#039;\u00e0 1 300 km de terrain ouvert<\/li>\n<li><strong>Classe de protection<\/strong>: IP55 (\u00e9tanche et anti-poussi\u00e8re)<\/li>\n<li><strong>Plage de temp\u00e9rature de travail<\/strong>: -10\u00b0C \u00e0 +40\u00b0C<\/li>\n<li><strong>Fonctions<\/strong>: Bouton panique, alarme incendie, alarme gaz, urgence m\u00e9dicale, d\u00e9clenchement d&#039;alarme<\/li>\n<li><strong>Dimensions<\/strong>: 47 \u00d7 35 \u00d7 13 mm<\/li>\n<li><strong>Poids<\/strong>: 16g<\/li>\n<\/ul>","protected":false},"excerpt":{"rendered":"<p>Le bouton Ajax est un bouton d&#039;assaut sans fil qui permet une gestion rapide et s\u00fbre des alarmes dans des situations d&#039;urgence telles qu&#039;une intrusion, une fuite de gaz, un incendie ou une urgence m\u00e9dicale.<\/p>\n<p>Avec une simple pression et une longue dur\u00e9e de vie de la batterie, ce bouton assure la s\u00e9curit\u00e9 de la maison et de l&#039;entreprise.<\/p>","protected":false},"featured_media":155501,"template":"","meta":{"_acf_changed":false},"product_brand":[],"product_cat":[3165,1319],"product_tag":[3127,2137,4863],"class_list":{"0":"post-69748","1":"product","2":"type-product","3":"status-publish","4":"has-post-thumbnail","6":"product_cat-overfallslarm-knappar","7":"product_cat-ajax-larm","8":"product_tag-kontrollprodukt","9":"product_tag-lager-ajax","10":"product_tag-pf","11":"product_shipping_class-postnord-varubrev","12":"pa_ajax-tradlosa-larm-fjarr-overfallsknapp","13":"pa_brands-ajax-systems","14":"pa_color-vit","15":"pa_farg-vit","16":"tm-no-options","18":"first","19":"instock","20":"sale","21":"featured","22":"taxable","23":"shipping-taxable","24":"purchasable","25":"product-type-simple"},"acf":[],"_links":{"self":[{"href":"https:\/\/secureus.se\/fr\/wp-json\/wp\/v2\/product\/69748","targetHints":{"allow":["GET"]}}],"collection":[{"href":"https:\/\/secureus.se\/fr\/wp-json\/wp\/v2\/product"}],"about":[{"href":"https:\/\/secureus.se\/fr\/wp-json\/wp\/v2\/types\/product"}],"wp:featuredmedia":[{"embeddable":true,"href":"https:\/\/secureus.se\/fr\/wp-json\/wp\/v2\/media\/155501"}],"wp:attachment":[{"href":"https:\/\/secureus.se\/fr\/wp-json\/wp\/v2\/media?parent=69748"}],"wp:term":[{"taxonomy":"product_brand","embeddable":true,"href":"https:\/\/secureus.se\/fr\/wp-json\/wp\/v2\/product_brand?post=69748"},{"taxonomy":"product_cat","embeddable":true,"href":"https:\/\/secureus.se\/fr\/wp-json\/wp\/v2\/product_cat?post=69748"},{"taxonomy":"product_tag","embeddable":true,"href":"https:\/\/secureus.se\/fr\/wp-json\/wp\/v2\/product_tag?post=69748"}],"curies":[{"name":"wp","href":"https:\/\/api.w.org\/{rel}","templated":true}]}}