{"id":69765,"date":"2022-11-28T12:05:45","date_gmt":"2022-11-28T11:05:45","guid":{"rendered":"https:\/\/secureus.se\/produkt\/kameradetektor-utomhus-phod-tradlos-vit-2\/"},"modified":"2026-04-30T15:49:12","modified_gmt":"2026-04-30T13:49:12","slug":"ajax-motioncam-outdoor-phod-vit","status":"publish","type":"product","link":"https:\/\/secureus.se\/fr\/ajax-motioncam-outdoor-phod-vit\/","title":{"rendered":"D\u00e9tecteur de cam\u00e9ra Ajax MotionCam Outdoor (PhOD) Blanc"},"content":{"rendered":"<h3>L&#039;Ajax MotionCam Outdoor (PhOD) Jeweller est le d\u00e9tecteur de mouvement ext\u00e9rieur sans fil ultime, con\u00e7u pour offrir une s\u00e9curit\u00e9 sup\u00e9rieure et une v\u00e9rification instantan\u00e9e des photos lorsqu&#039;un mouvement est d\u00e9tect\u00e9.<\/h3>\n<p>Cet appareil combine une d\u00e9tection de haute technologie avec une transmission rapide d&#039;images, donnant aux utilisateurs la possibilit\u00e9 d&#039;obtenir une confirmation visuelle des \u00e9v\u00e9nements en quelques secondes, directement via l&#039;application Ajax.<\/p>\n<p>Parfait pour une utilisation \u00e0 la maison, au bureau ou dans des locaux commerciaux o\u00f9 la protection ext\u00e9rieure est essentielle.<\/p>\n<p><strong>Caract\u00e9ristiques et avantages\u00a0:<\/strong><\/p>\n<ul>\n<li><strong>Zone de d\u00e9tection r\u00e9glable\u00a0:<\/strong> L&#039;Ajax MotionCam Outdoor dispose d&#039;une zone de d\u00e9tection flexible de 3 \u00e0 15 m\u00e8tres et est id\u00e9ale pour tous les types d&#039;environnements ext\u00e9rieurs. Il peut \u00eatre adapt\u00e9 pour couvrir de grandes surfaces, ce qui en fait une solution polyvalente pour les propri\u00e9t\u00e9s priv\u00e9es et commerciales.<\/li>\n<li><strong>V\u00e9rification des photos en temps r\u00e9el\u00a0:<\/strong> Lorsqu&#039;un mouvement est d\u00e9tect\u00e9, la cam\u00e9ra peut prendre jusqu&#039;\u00e0 cinq images en seulement 9 secondes. Cela fournit une v\u00e9rification visuelle instantan\u00e9e qui peut \u00eatre envoy\u00e9e aux utilisateurs et aux soci\u00e9t\u00e9s de s\u00e9curit\u00e9. Il permet de comprendre rapidement la situation et d\u2019agir si n\u00e9cessaire.<\/li>\n<li><strong>\u00c9clairage IR int\u00e9gr\u00e9\u00a0:<\/strong> Pour garantir des images de haute qualit\u00e9 m\u00eame dans des conditions de faible luminosit\u00e9, MotionCam Outdoor est \u00e9quip\u00e9e d&#039;un \u00e9clairage infrarouge (IR), qui permet d&#039;obtenir des images claires m\u00eame dans des environnements sombres.<\/li>\n<li><strong>Immunit\u00e9 aux animaux\u00a0:<\/strong> Une fonctionnalit\u00e9 intelligente qui permet \u00e0 l&#039;appareil d&#039;ignorer les mouvements des petits animaux jusqu&#039;\u00e0 20 kg et 50 cm de hauteur, minimisant ainsi le risque de fausses alarmes caus\u00e9es par les animaux.<\/li>\n<li><strong>Compensation de temp\u00e9rature\u00a0:<\/strong> Pour garantir une d\u00e9tection efficace dans des conditions froides et chaudes, MotionCam Outdoor est \u00e9quip\u00e9e d&#039;une compensation de temp\u00e9rature. Cela signifie qu&#039;il conserve sa fonction quelles que soient les conditions m\u00e9t\u00e9orologiques.<\/li>\n<li><strong>Conception compacte et robuste\u00a0:<\/strong> Avec l&#039;indice IP55, l&#039;appareil est prot\u00e9g\u00e9 \u00e0 la fois contre la poussi\u00e8re et les conditions m\u00e9t\u00e9orologiques telles que la pluie et l&#039;humidit\u00e9. Cela le rend parfait pour r\u00e9sister aux conditions ext\u00e9rieures sans affecter les performances.<\/li>\n<li><strong>Gestion s\u00e9curis\u00e9e des donn\u00e9es et confidentialit\u00e9\u00a0:<\/strong> Toutes les images prises sont crypt\u00e9es et prot\u00e9g\u00e9es selon les normes RGPD. Les utilisateurs peuvent g\u00e9rer l&#039;acc\u00e8s aux images et aux donn\u00e9es visuelles via une r\u00e9partition stricte des \u00e9tats dans l&#039;application Ajax.<\/li>\n<li><strong>Communication et flexibilit\u00e9\u00a0:<\/strong> MotionCam Outdoor utilise les protocoles sans fil Jeweller et Wing pour garantir une transmission rapide et fiable des alarmes et des photos. Avec une port\u00e9e de communication allant jusqu&#039;\u00e0 1 700 m\u00e8tres, il est id\u00e9al pour les grandes propri\u00e9t\u00e9s et zones.<\/li>\n<li><strong>Protection anti-sabotage et masquage\u00a0:<\/strong> L&#039;appareil dispose de fonctions anti-sabotage int\u00e9gr\u00e9es qui prot\u00e8gent contre les manipulations et les tentatives de sabotage. Si une perte de communication est d\u00e9tect\u00e9e ou si l&#039;appareil est tent\u00e9 d&#039;\u00eatre retir\u00e9, des alertes imm\u00e9diates sont envoy\u00e9es \u00e0 l&#039;utilisateur et \u00e0 la soci\u00e9t\u00e9 de s\u00e9curit\u00e9.<\/li>\n<\/ul>\n<p><strong>Compatibilit\u00e9 et facilit\u00e9 d&#039;installation :<\/strong> MotionCam Outdoor (PhOD) est compatible avec tous les Ajax Hub 2, Hub 2 Plus et Hub Hybrid. L&#039;installation est simple via le code QR et le d\u00e9tecteur peut \u00eatre rapidement connect\u00e9 au syst\u00e8me via l&#039;application Ajax. Il peut \u00eatre install\u00e9 \u00e0 plusieurs endroits gr\u00e2ce au SmartBracket et est pr\u00eat \u00e0 fonctionner en quelques minutes seulement.<\/p>\n<p><strong>Sp\u00e9cifications techniques\u00a0:<\/strong><\/p>\n<ul>\n<li><strong>Horaires d&#039;ouverture\u00a0:<\/strong> Jusqu&#039;\u00e0 4 ans avec les piles pr\u00e9install\u00e9es.<\/li>\n<li><strong>Plage de temp\u00e9rature\u00a0:<\/strong> De -25\u00b0C \u00e0 +60\u00b0C, ce qui le rend id\u00e9al pour une utilisation dans des conditions m\u00e9t\u00e9orologiques difficiles.<\/li>\n<li><strong>\u00c9clairage infrarouge\u00a0:<\/strong> Oui, pour prendre des photos dans des conditions sombres.<\/li>\n<li><strong>Immunit\u00e9 aux animaux\u00a0:<\/strong> Jusqu&#039;\u00e0 20 kg et 50 cm.<\/li>\n<li><strong>Batterie:<\/strong> 4 x CR123A.<\/li>\n<li><strong>V\u00e9rification des photos\u00a0:<\/strong> Prend jusqu&#039;\u00e0 5 photos en cas d&#039;alarme, sur demande ou lors de d\u00e9tection de fum\u00e9e.<\/li>\n<li><strong>Classe de protection\u00a0:<\/strong> IP55 (protection contre la pluie et la poussi\u00e8re).<\/li>\n<\/ul>\n<p><strong>Le paquet contient :<\/strong><\/p>\n<ul>\n<li>D\u00e9tecteur MotionCam Outdoor (PhOD)<\/li>\n<li>Panneau de montage SmartBracket<\/li>\n<li>Piles CR123A pr\u00e9install\u00e9es<\/li>\n<li>Manuel d&#039;installation<\/li>\n<\/ul>\n<p>Ajax MotionCam Outdoor (PhOD) est le choix optimal pour assurer votre surveillance ext\u00e9rieure avec une v\u00e9rification photo rapide, fiable et s\u00e9curis\u00e9e.<\/p>\n<p>En combinant une d\u00e9tection de mouvement de haute technologie et une v\u00e9rification d&#039;image, cet appareil offre une protection compl\u00e8te et augmente la s\u00e9curit\u00e9 de la maison et de l&#039;entreprise.<\/p>","protected":false},"excerpt":{"rendered":"<p>Ajax MotionCam Outdoor (PhOD) est un d\u00e9tecteur de mouvement ext\u00e9rieur sans fil avec cam\u00e9ra int\u00e9gr\u00e9e pour la v\u00e9rification des photos.<\/p>\n<p>Il offre une d\u00e9tection de mouvement rapide, une transmission d&#039;image claire avec \u00e9clairage IR et une prise en charge des protocoles sans fil Jeweler et Wing.<\/p>\n<p>Dot\u00e9 d\u2019une batterie longue dur\u00e9e et d\u2019une fonction anti-sabotage int\u00e9gr\u00e9e, il est parfait pour accro\u00eetre la s\u00e9curit\u00e9 en ext\u00e9rieur.<\/p>","protected":false},"featured_media":155510,"template":"","meta":{"_acf_changed":false},"product_brand":[],"product_cat":[3157,1319,3155,3156],"product_tag":[3152,3127,2137,4863],"class_list":{"0":"post-69765","1":"product","2":"type-product","3":"status-publish","4":"has-post-thumbnail","6":"product_cat-utomhussakerhet","7":"product_cat-ajax-larm","8":"product_cat-larmenheter","9":"product_cat-rorelse-och-kamera","10":"product_tag-cr123-tillbehor","11":"product_tag-kontrollprodukt","12":"product_tag-lager-ajax","13":"product_tag-pf","14":"product_shipping_class-postnord-varubrev","15":"pa_ajax-tradlosa-larm-kameradetektor","16":"pa_brands-ajax-systems","17":"pa_color-vit","18":"pa_farg-vit","19":"tm-no-options","21":"first","22":"instock","23":"sale","24":"featured","25":"taxable","26":"shipping-taxable","27":"purchasable","28":"product-type-simple"},"acf":[],"_links":{"self":[{"href":"https:\/\/secureus.se\/fr\/wp-json\/wp\/v2\/product\/69765","targetHints":{"allow":["GET"]}}],"collection":[{"href":"https:\/\/secureus.se\/fr\/wp-json\/wp\/v2\/product"}],"about":[{"href":"https:\/\/secureus.se\/fr\/wp-json\/wp\/v2\/types\/product"}],"wp:featuredmedia":[{"embeddable":true,"href":"https:\/\/secureus.se\/fr\/wp-json\/wp\/v2\/media\/155510"}],"wp:attachment":[{"href":"https:\/\/secureus.se\/fr\/wp-json\/wp\/v2\/media?parent=69765"}],"wp:term":[{"taxonomy":"product_brand","embeddable":true,"href":"https:\/\/secureus.se\/fr\/wp-json\/wp\/v2\/product_brand?post=69765"},{"taxonomy":"product_cat","embeddable":true,"href":"https:\/\/secureus.se\/fr\/wp-json\/wp\/v2\/product_cat?post=69765"},{"taxonomy":"product_tag","embeddable":true,"href":"https:\/\/secureus.se\/fr\/wp-json\/wp\/v2\/product_tag?post=69765"}],"curies":[{"name":"wp","href":"https:\/\/api.w.org\/{rel}","templated":true}]}}