{"id":69781,"date":"2022-11-28T11:22:21","date_gmt":"2022-11-28T10:22:21","guid":{"rendered":"https:\/\/secureus.se\/produkt\/passerkort-mifare-desfire-vit\/"},"modified":"2026-04-30T15:57:33","modified_gmt":"2026-04-30T13:57:33","slug":"ajax-passerkort-mifare-desfire-vit","status":"publish","type":"product","link":"https:\/\/secureus.se\/fr\/ajax-passerkort-mifare-desfire-vit\/","title":{"rendered":"Ajax Pass \u2013 Carte d&#039;acc\u00e8s Mifare DESFire blanche"},"content":{"rendered":"<h3><strong>Carte Ajax Pass Mifare DESFire<\/strong> est un moyen avanc\u00e9 et s\u00e9curis\u00e9 de g\u00e9rer votre syst\u00e8me d&#039;alarme Ajax.<\/h3>\n<p>Equip\u00e9 de <strong>Technologie DESFire\u00ae<\/strong>, un syst\u00e8me internationalement reconnu bas\u00e9 sur <strong>OIN 14443<\/strong> (13,56 MHz), la carte d&#039;acc\u00e8s offre \u00e0 la fois <strong>Cryptage 128 bits<\/strong> et <strong>protection contre la copie<\/strong> pour une s\u00e9curit\u00e9 maximale.<\/p>\n<p>Cela en fait une excellente solution pour activer et d\u00e9sactiver rapidement et efficacement votre syst\u00e8me de s\u00e9curit\u00e9 sans avoir besoin d\u2019utiliser un mot de passe ou une application mobile.<\/p>\n<p><strong>Principales caract\u00e9ristiques\u00a0:<\/strong><\/p>\n<ul>\n<li><strong>Haute s\u00e9curit\u00e9 :<\/strong> La carte d&#039;acc\u00e8s est \u00e9quip\u00e9e de <strong>Cryptage 128 bits<\/strong> et <strong>protection contre la copie<\/strong>, qui garantit qu&#039;il n&#039;est utilis\u00e9 que par des utilisateurs autoris\u00e9s.<\/li>\n<li><strong>Compatibilit\u00e9:<\/strong> Fonctionne avec <strong>Ajax KeyPad Plus DESFire<\/strong> et peut \u00eatre connect\u00e9 jusqu&#039;\u00e0 <strong>13 p\u00f4les<\/strong>. Vous pouvez facilement g\u00e9rer l&#039;acc\u00e8s via l&#039;application Ajax.<\/li>\n<li><strong>Convivial:<\/strong> Activez ou d\u00e9sactivez l&#039;alarme en pla\u00e7ant simplement la carte ou le porte-cl\u00e9s sur le clavier compatible, sans avoir \u00e0 vous connecter \u00e0 une application ni \u00e0 utiliser un mot de passe.<\/li>\n<li><strong>Surveillance de l&#039;acc\u00e8s\u00a0:<\/strong> Toutes les donn\u00e9es utilisateur sont enregistr\u00e9es dans le flux d&#039;\u00e9v\u00e9nements du syst\u00e8me et les administrateurs peuvent \u00e0 tout moment modifier les droits d&#039;acc\u00e8s directement dans l&#039;application.<\/li>\n<li><strong>Plage de temp\u00e9rature\u00a0:<\/strong> Fonctionne efficacement dans une plage de temp\u00e9rature allant de <strong>-10\u00b0C \u00e0 +40\u00b0C<\/strong> et avec une humidit\u00e9 allant jusqu&#039;\u00e0 <strong>75%<\/strong>, ce qui le rend durable dans diff\u00e9rentes conditions.<\/li>\n<li><strong>Installation en douceur\u00a0:<\/strong> La carte d&#039;acc\u00e8s s&#039;int\u00e8gre facilement au syst\u00e8me via l&#039;application Ajax, et tous les appareils et n\u0153uds peuvent \u00eatre g\u00e9r\u00e9s sans proc\u00e9dures d&#039;installation compliqu\u00e9es.<\/li>\n<\/ul>\n<p><strong>Domaines d&#039;utilisation :<\/strong><\/p>\n<ul>\n<li><strong>Entreprises et locaux commerciaux :<\/strong> Contr\u00f4le d&#039;acc\u00e8s efficace pour les employ\u00e9s ou les agents de s\u00e9curit\u00e9.<\/li>\n<li><strong>R\u00e9sidences :<\/strong> Solution simple pour garantir que seules les personnes autoris\u00e9es peuvent activer ou d\u00e9sactiver l&#039;alarme.<\/li>\n<li><strong>Maison intelligente\u00a0:<\/strong> Une solution fiable pour int\u00e9grer et g\u00e9rer la s\u00e9curit\u00e9 dans une maison intelligente.<\/li>\n<\/ul>\n<p><strong>Sp\u00e9cifications techniques\u00a0:<\/strong><\/p>\n<ul>\n<li><strong>Compatibilit\u00e9:<\/strong> Fonctionne avec Ajax KeyPad Plus DESFire, se connecte \u00e0 jusqu&#039;\u00e0 13 hubs<\/li>\n<li><strong>Technique:<\/strong> Mifare DESFire\u00ae, ISO 14443<\/li>\n<li><strong>Temp\u00e9rature:<\/strong> -10\u00b0C \u00e0 +40\u00b0C<\/li>\n<li><strong>Humidit\u00e9:<\/strong> Jusqu&#039;\u00e0 75%<\/li>\n<li><strong>Cryptage\u00a0:<\/strong> Cryptage 128 bits et protection contre la copie<\/li>\n<li><strong>Autonomie de la batterie\u00a0:<\/strong> Utilisation \u00e0 long terme sans changements fr\u00e9quents de batterie<\/li>\n<\/ul>\n<p><strong>Le paquet contient :<\/strong><\/p>\n<ul>\n<li>1 x Carte Pass Mifare DESFire<\/li>\n<li>Instructions d&#039;installation et d&#039;utilisation<\/li>\n<\/ul>\n<p>Avec <strong>Carte Ajax Pass Mifare DESFire<\/strong> vous obtenez une solution simple, s\u00fbre et efficace pour g\u00e9rer et prot\u00e9ger votre installation sans avoir \u00e0 vous soucier de codes ou d&#039;applications compliqu\u00e9s.<\/p>\n<p>&nbsp;<\/p>","protected":false},"excerpt":{"rendered":"<p>Ajax Passerkort Mifare DESFire est une carte de s\u00e9curit\u00e9 pour une gestion et une activation faciles de votre syst\u00e8me d&#039;alarme.<\/p>\n<p>Equip\u00e9 d&#039;un cryptage 128 bits et d&#039;une haute s\u00e9curit\u00e9 via la technologie DESFire, il peut \u00eatre utilis\u00e9 sur jusqu&#039;\u00e0 13 hubs diff\u00e9rents et offre un acc\u00e8s rapide et sans contact.<\/p>","protected":false},"featured_media":158667,"template":"","meta":{"_acf_changed":false},"product_brand":[],"product_cat":[5129],"product_tag":[3127,4863],"class_list":{"0":"post-69781","1":"product","2":"type-product","3":"status-publish","4":"has-post-thumbnail","6":"product_cat-ajax-taggar-kort","7":"product_tag-kontrollprodukt","8":"product_tag-pf","9":"product_shipping_class-postnord-varubrev","10":"pa_ajax-tradlosa-larm-passerkort-tagg","11":"pa_brands-ajax-systems","12":"pa_color-vit","13":"pa_farg-vit","14":"tm-no-options","16":"first","17":"instock","18":"sale","19":"featured","20":"taxable","21":"shipping-taxable","22":"purchasable","23":"product-type-simple"},"acf":[],"_links":{"self":[{"href":"https:\/\/secureus.se\/fr\/wp-json\/wp\/v2\/product\/69781","targetHints":{"allow":["GET"]}}],"collection":[{"href":"https:\/\/secureus.se\/fr\/wp-json\/wp\/v2\/product"}],"about":[{"href":"https:\/\/secureus.se\/fr\/wp-json\/wp\/v2\/types\/product"}],"wp:featuredmedia":[{"embeddable":true,"href":"https:\/\/secureus.se\/fr\/wp-json\/wp\/v2\/media\/158667"}],"wp:attachment":[{"href":"https:\/\/secureus.se\/fr\/wp-json\/wp\/v2\/media?parent=69781"}],"wp:term":[{"taxonomy":"product_brand","embeddable":true,"href":"https:\/\/secureus.se\/fr\/wp-json\/wp\/v2\/product_brand?post=69781"},{"taxonomy":"product_cat","embeddable":true,"href":"https:\/\/secureus.se\/fr\/wp-json\/wp\/v2\/product_cat?post=69781"},{"taxonomy":"product_tag","embeddable":true,"href":"https:\/\/secureus.se\/fr\/wp-json\/wp\/v2\/product_tag?post=69781"}],"curies":[{"name":"wp","href":"https:\/\/api.w.org\/{rel}","templated":true}]}}