{"id":69792,"date":"2022-11-28T11:21:53","date_gmt":"2022-11-28T10:21:53","guid":{"rendered":"https:\/\/secureus.se\/produkt\/ridadetektor-dubbel-utomhus-4-15m-tradlos-vit\/"},"modified":"2026-04-30T15:47:08","modified_gmt":"2026-04-30T13:47:08","slug":"ajax-dualcurtain-outdoor-vit","status":"publish","type":"product","link":"https:\/\/secureus.se\/fr\/ajax-dualcurtain-outdoor-vit\/","title":{"rendered":"Ajax DualCurtain Outdoor D\u00e9tecteur de rideau Ext\u00e9rieur Blanc"},"content":{"rendered":"<h3>Ajax DualCurtain Outdoor est la solution optimale pour prot\u00e9ger les limites de votre propri\u00e9t\u00e9 avec une technologie et une pr\u00e9cision avanc\u00e9es.<\/h3>\n<p>Ce d\u00e9tecteur de mouvement sans fil est \u00e9quip\u00e9 de deux capteurs IR ind\u00e9pendants, ce qui donne la possibilit\u00e9 de param\u00e9trer deux zones de d\u00e9tection distinctes.<\/p>\n<p>Ces capteurs couvrent une superficie allant jusqu&#039;\u00e0 30 m\u00e8tres, permettant de cr\u00e9er une barri\u00e8re de s\u00e9curit\u00e9 efficace pour les portes, fen\u00eatres, portails et autres espaces ouverts.<\/p>\n<p>Gr\u00e2ce \u00e0 sa technologie unique ELSA (Extended Live Signal Analysis), DualCurtain Outdoor peut filtrer les fausses alarmes caus\u00e9es par les conditions m\u00e9t\u00e9orologiques, les animaux ou d&#039;autres interf\u00e9rences naturelles.<\/p>\n<p>Lorsque les deux capteurs du m\u00eame c\u00f4t\u00e9 du d\u00e9tecteur sont activ\u00e9s, une alarme imm\u00e9diate est envoy\u00e9e au syst\u00e8me, vous permettant de r\u00e9agir rapidement en cas de cambriolage ou autre danger.<\/p>\n<p>L&#039;une des caract\u00e9ristiques les plus impressionnantes est la possibilit\u00e9 de r\u00e9glage de la zone de d\u00e9tection. Chaque capteur peut \u00eatre r\u00e9gl\u00e9 individuellement pour couvrir les zones souhait\u00e9es et \u00e9viter tout \u00ab angle mort \u00bb.<\/p>\n<p>La conception compacte et l&#039;angle de d\u00e9tection \u00e9troit (4,5\u00b0) permettent d&#039;installer le d\u00e9tecteur \u00e0 des endroits strat\u00e9giques sans cr\u00e9er de risques de s\u00e9curit\u00e9 inutiles.<\/p>\n<p>DualCurtain Outdoor offre \u00e9galement une protection impressionnante contre le sabotage et dispose d&#039;un syst\u00e8me de masquage int\u00e9gr\u00e9 qui d\u00e9tecte si quelqu&#039;un tente de bloquer les capteurs.<\/p>\n<p>Ceci, associ\u00e9 \u00e0 une longue dur\u00e9e de vie de la batterie allant jusqu&#039;\u00e0 4 ans, en fait une solution rentable et fiable pour une s\u00e9curit\u00e9 \u00e0 long terme.<\/p>\n<p><strong>Compatibilit\u00e9 et installation<\/strong>:<br \/>\nDualCurtain Outdoor est compatible avec tous les appareils Ajax Hub, notamment Hub 2, Hub 2 Plus et Hub Hybrid.<\/p>\n<p>Il peut \u00e9galement \u00eatre connect\u00e9 \u00e0 un r\u00e9p\u00e9teur de signal ReX pour fournir une zone de couverture encore plus longue, parfaite pour les grandes propri\u00e9t\u00e9s.<\/p>\n<p>L&#039;installation est simple en scannant un code QR via l&#039;application Ajax, ce qui la rend rapide \u00e0 utiliser.<\/p>\n<p><strong>Immunit\u00e9 aux animaux et protection contre les fausses alarmes<\/strong>:<br \/>\nPour garantir que le d\u00e9tecteur ne d\u00e9clenche pas d&#039;alarme en raison d&#039;animaux domestiques, DualCurtain Outdoor propose une fonction d&#039;immunit\u00e9 aux animaux domestiques.<\/p>\n<p>Si le d\u00e9tecteur est correctement install\u00e9 et configur\u00e9, les animaux mesurant jusqu&#039;\u00e0 80 cm n&#039;activeront pas l&#039;alarme.<\/p>\n<p>De plus, il dispose d&#039;un syst\u00e8me avanc\u00e9 pour filtrer les mouvements ind\u00e9sirables, ce qui r\u00e9duit le risque de fausses alarmes caus\u00e9es par des animaux ou d&#039;autres facteurs externes.<\/p>\n<p><strong>Avantages<\/strong>:<\/p>\n<ul>\n<li>Deux capteurs IR pour une d\u00e9tection pr\u00e9cise<\/li>\n<li>R\u00e9solution jusqu&#039;\u00e0 30 m\u00e8tres de port\u00e9e de d\u00e9tection<\/li>\n<li>Zones de d\u00e9tection haute sensibilit\u00e9 et r\u00e9glables<\/li>\n<li>Protection contre le sabotage et le masquage<\/li>\n<li>Longue dur\u00e9e de vie de la batterie jusqu&#039;\u00e0 4 ans<\/li>\n<li>Installation et configuration faciles via l&#039;application Ajax<\/li>\n<li>Immunit\u00e9 aux animaux jusqu&#039;\u00e0 80 cm pour les animaux de compagnie<\/li>\n<\/ul>\n<p><strong>Sp\u00e9cifications techniques<\/strong>:<\/p>\n<ul>\n<li>Port\u00e9e de d\u00e9tection : jusqu&#039;\u00e0 30 m\u00e8tres (divis\u00e9 en deux zones)<\/li>\n<li>Angle de d\u00e9tection : 4,5\u00b0 horizontal<\/li>\n<li>Autonomie de la batterie : jusqu&#039;\u00e0 4 ans<\/li>\n<li>Communication\u00a0: Protocole Jeweller, port\u00e9e jusqu&#039;\u00e0 1\u00a0700\u00a0m\u00e8tres<\/li>\n<li>Compatibilit\u00e9 : Hub Plus, Hub 2, Hub 2 Plus, Hub Hybrid, r\u00e9p\u00e9teur de signal ReX<\/li>\n<li>R\u00e9sistance \u00e0 la temp\u00e9rature : -25\u00b0C \u00e0 +60\u00b0C<\/li>\n<li>Classe d&#039;humidit\u00e9 : IP54<\/li>\n<li>Masquage : Protection contre le sabotage et les tentatives de blocage<\/li>\n<\/ul>\n<p>&nbsp;<\/p>","protected":false},"excerpt":{"rendered":"<p>Ajax DualCurtain Outdoor est un d\u00e9tecteur de mouvement sans fil avanc\u00e9 pour une utilisation en ext\u00e9rieur.<\/p>\n<p>Il est con\u00e7u pour prot\u00e9ger les limites de propri\u00e9t\u00e9 \u00e0 l&#039;aide d&#039;un syst\u00e8me de d\u00e9tection bidirectionnel et d&#039;une technologie avanc\u00e9e qui minimise le risque de fausses alarmes.<\/p>\n<p>Avec une port\u00e9e de d\u00e9tection allant jusqu&#039;\u00e0 30 m\u00e8tres, une sensibilit\u00e9 \u00e9lev\u00e9e et une protection contre les animaux, ce d\u00e9tecteur offre une solution de s\u00e9curit\u00e9 fiable pour les maisons et les entreprises.<\/p>","protected":false},"featured_media":152164,"template":"","meta":{"_acf_changed":false},"product_brand":[],"product_cat":[3157,1319],"product_tag":[3127,2137,4863],"class_list":{"0":"post-69792","1":"product","2":"type-product","3":"status-publish","4":"has-post-thumbnail","6":"product_cat-utomhussakerhet","7":"product_cat-ajax-larm","8":"product_tag-kontrollprodukt","9":"product_tag-lager-ajax","10":"product_tag-pf","11":"product_shipping_class-tunga-paket","12":"pa_ajax-tradlosa-larm-detektorer","13":"pa_brands-ajax-systems","14":"pa_color-vit","15":"pa_farg-vit","16":"tm-no-options","18":"first","19":"instock","20":"sale","21":"featured","22":"taxable","23":"shipping-taxable","24":"purchasable","25":"product-type-simple"},"acf":[],"_links":{"self":[{"href":"https:\/\/secureus.se\/fr\/wp-json\/wp\/v2\/product\/69792","targetHints":{"allow":["GET"]}}],"collection":[{"href":"https:\/\/secureus.se\/fr\/wp-json\/wp\/v2\/product"}],"about":[{"href":"https:\/\/secureus.se\/fr\/wp-json\/wp\/v2\/types\/product"}],"wp:featuredmedia":[{"embeddable":true,"href":"https:\/\/secureus.se\/fr\/wp-json\/wp\/v2\/media\/152164"}],"wp:attachment":[{"href":"https:\/\/secureus.se\/fr\/wp-json\/wp\/v2\/media?parent=69792"}],"wp:term":[{"taxonomy":"product_brand","embeddable":true,"href":"https:\/\/secureus.se\/fr\/wp-json\/wp\/v2\/product_brand?post=69792"},{"taxonomy":"product_cat","embeddable":true,"href":"https:\/\/secureus.se\/fr\/wp-json\/wp\/v2\/product_cat?post=69792"},{"taxonomy":"product_tag","embeddable":true,"href":"https:\/\/secureus.se\/fr\/wp-json\/wp\/v2\/product_tag?post=69792"}],"curies":[{"name":"wp","href":"https:\/\/api.w.org\/{rel}","templated":true}]}}