{"id":69799,"date":"2022-11-28T11:21:46","date_gmt":"2022-11-28T10:21:46","guid":{"rendered":"https:\/\/secureus.se\/produkt\/relamodul-230vac-tradlos\/"},"modified":"2026-04-01T11:12:11","modified_gmt":"2026-04-01T09:12:11","slug":"ajax-wallswitch-relamodul-230-v","status":"publish","type":"product","link":"https:\/\/secureus.se\/fr\/ajax-wallswitch-relamodul-230-v\/","title":{"rendered":"Module de relais Ajax WallSwitch avec contr\u00f4le sans fil 230 V CA"},"content":{"rendered":"<h3>Ajax WallSwitch est un module relais puissant et intelligent qui permet de contr\u00f4ler \u00e0 distance l&#039;alimentation \u00e9lectrique des appareils connect\u00e9s via le syst\u00e8me d&#039;alarme Ajax.<\/h3>\n<p>Le WallSwitch peut \u00eatre connect\u00e9 directement \u00e0 une source d&#039;alimentation 230 V~ ou 110 V~ et g\u00e9rer une charge maximale de 3 kW (charge r\u00e9sistive) ou 1,5 kW (\u00e0 110 V).<\/p>\n<p>Cela permet aux utilisateurs d&#039;allumer ou d&#039;\u00e9teindre facilement les appareils \u00e9lectriques et de surveiller leur consommation d&#039;\u00e9nergie via l&#039;application Ajax.<\/p>\n<p>L&#039;une des caract\u00e9ristiques les plus importantes de WallSwitch est sa s\u00e9curit\u00e9 sup\u00e9rieure. L&#039;appareil est \u00e9quip\u00e9 de plusieurs protections, notamment une protection contre les surtensions, une protection contre le courant et une protection contre la temp\u00e9rature.<\/p>\n<p>Cela garantit que les appareils connect\u00e9s sont prot\u00e9g\u00e9s contre les dommages potentiels caus\u00e9s par les fluctuations de puissance ou les surcharges.<\/p>\n<p>WallSwitch peut \u00e9galement \u00eatre utilis\u00e9 pour surveiller et contr\u00f4ler la consommation d\u2019\u00e9nergie, facilitant ainsi le suivi des co\u00fbts d\u2019exploitation et de l\u2019efficacit\u00e9.<\/p>\n<p>WallSwitch est \u00e9galement incroyablement flexible et convivial. Il prend en charge les modes impulsionnel et bistable, donnant aux utilisateurs la possibilit\u00e9 d&#039;ajuster le fonctionnement de l&#039;appareil en fonction de leurs besoins sp\u00e9cifiques.<\/p>\n<p>Le mode impulsion a une dur\u00e9e d&#039;impulsion r\u00e9glable entre 1 et 255 secondes, ce qui permet d&#039;adapter la r\u00e9action de l&#039;appareil \u00e0 diff\u00e9rents sc\u00e9narios. Les utilisateurs peuvent \u00e9galement r\u00e9gler l&#039;appareil en mode normal pour avoir un contr\u00f4le pr\u00e9cis sur le moment o\u00f9 il doit allumer ou \u00e9teindre l&#039;appareil.<\/p>\n<p>L&#039;installation du WallSwitch est simple et rapide. L&#039;appareil se connecte au syst\u00e8me d&#039;alarme Ajax en scannant un code QR via l&#039;application Ajax, et tous les param\u00e8tres peuvent \u00eatre ajust\u00e9s en temps r\u00e9el.<\/p>\n<p>Une conception compacte et une antenne flexible garantissent une communication stable, m\u00eame dans les grandes installations. WallSwitch est \u00e9galement compatible avec tous les hubs et prolongateurs de port\u00e9e Ajax, permettant d&#039;\u00e9tendre la port\u00e9e et de couvrir des zones plus grandes.<\/p>\n<p>En plus de fournir un contr\u00f4le s\u00e9curis\u00e9 des appareils \u00e9lectriques, WallSwitch permet aux utilisateurs de cr\u00e9er des sc\u00e9narios d&#039;automatisation pour rationaliser la vie quotidienne.<\/p>\n<p>Par exemple, l&#039;\u00e9clairage peut \u00eatre allum\u00e9 lorsqu&#039;une alarme antivol est activ\u00e9e ou une serrure \u00e9lectrique peut \u00eatre ferm\u00e9e lorsque le syst\u00e8me est activ\u00e9. Ce niveau d&#039;int\u00e9gration permet de maximiser \u00e0 la fois la s\u00e9curit\u00e9 et le confort \u00e0 la maison ou sur le lieu de travail.<\/p>\n<p>Avec une autonomie allant jusqu&#039;\u00e0 4,5 ans (selon l&#039;utilisation) et une dimension compacte de 39 x 33 x 18 mm, le WallSwitch est la solution ultime pour tous ceux qui recherchent une solution intelligente et efficace pour contr\u00f4ler et surveiller \u00e0 distance la consommation \u00e9lectrique.<\/p>","protected":false},"excerpt":{"rendered":"<p>WallSwitch peut \u00eatre connect\u00e9 directement \u00e0 un<span style=\"text-decoration: underline\"><strong> 230V<\/strong><\/span>~ ou une source d&#039;alimentation de 110 V~ et peut supporter une charge maximale de <span style=\"text-decoration: underline\"><strong>3 kW (charge r\u00e9sistive)<\/strong><\/span> ou 1,5 kW (\u00e0 110 V).<\/p>\n<p>L&#039;Ajax WallSwitch est un module relais sans fil qui permet aux utilisateurs de contr\u00f4ler \u00e0 distance l&#039;alimentation \u00e9lectrique des appareils \u00e9lectriques via le syst\u00e8me d&#039;alarme Ajax.<\/p>\n<p>Avec une capacit\u00e9 de g\u00e9rer des charges jusqu&#039;\u00e0 3 kW et une protection contre les surtensions et les surintensit\u00e9s, WallSwitch est la solution parfaite pour surveiller et contr\u00f4ler la consommation \u00e9lectrique et assurer la s\u00e9curit\u00e9 de votre maison ou de votre entreprise.<\/p>","protected":false},"featured_media":155622,"template":"","meta":{"_acf_changed":false},"product_brand":[],"product_cat":[3167,1319,3169],"product_tag":[3127,4863],"class_list":{"0":"post-69799","1":"product","2":"type-product","3":"status-publish","4":"has-post-thumbnail","6":"product_cat-avancerat","7":"product_cat-ajax-larm","8":"product_cat-automation","9":"product_tag-kontrollprodukt","10":"product_tag-pf","11":"product_shipping_class-postnord-varubrev","12":"pa_ajax-tradlosa-larm-rela-multisandare","13":"pa_brands-ajax-systems","14":"pa_color-svart","15":"pa_farg-svart","16":"tm-no-options","18":"first","19":"instock","20":"sale","21":"featured","22":"taxable","23":"shipping-taxable","24":"purchasable","25":"product-type-simple"},"acf":[],"_links":{"self":[{"href":"https:\/\/secureus.se\/fr\/wp-json\/wp\/v2\/product\/69799","targetHints":{"allow":["GET"]}}],"collection":[{"href":"https:\/\/secureus.se\/fr\/wp-json\/wp\/v2\/product"}],"about":[{"href":"https:\/\/secureus.se\/fr\/wp-json\/wp\/v2\/types\/product"}],"wp:featuredmedia":[{"embeddable":true,"href":"https:\/\/secureus.se\/fr\/wp-json\/wp\/v2\/media\/155622"}],"wp:attachment":[{"href":"https:\/\/secureus.se\/fr\/wp-json\/wp\/v2\/media?parent=69799"}],"wp:term":[{"taxonomy":"product_brand","embeddable":true,"href":"https:\/\/secureus.se\/fr\/wp-json\/wp\/v2\/product_brand?post=69799"},{"taxonomy":"product_cat","embeddable":true,"href":"https:\/\/secureus.se\/fr\/wp-json\/wp\/v2\/product_cat?post=69799"},{"taxonomy":"product_tag","embeddable":true,"href":"https:\/\/secureus.se\/fr\/wp-json\/wp\/v2\/product_tag?post=69799"}],"curies":[{"name":"wp","href":"https:\/\/api.w.org\/{rel}","templated":true}]}}