{"id":69832,"date":"2022-11-28T11:19:59","date_gmt":"2022-11-28T10:19:59","guid":{"rendered":"https:\/\/secureus.se\/produkt\/din-faste-for-relamodul\/"},"modified":"2026-03-11T23:00:10","modified_gmt":"2026-03-11T22:00:10","slug":"ajax-din-holder-din-relamodul","status":"publish","type":"product","link":"https:\/\/secureus.se\/fr\/ajax-din-holder-din-relamodul\/","title":{"rendered":"Ajax DIN Holder Support DIN pour module relais"},"content":{"rendered":"<h3>Le support DIN Ajax est une solution robuste et fiable pour monter des modules de relais Ajax sur un rail DIN, rendant l&#039;installation facile et s\u00fbre.<\/h3>\n<p>Ce support est con\u00e7u pour s&#039;adapter parfaitement aux modules de relais Ajax, tels que le WallSwitch, et est utilis\u00e9 pour contr\u00f4ler et automatiser des appareils tels que des pompes, des \u00e9clairages et d&#039;autres appareils \u00e9lectriques.<\/p>\n<p>Avec ce support, vous b\u00e9n\u00e9ficiez d&#039;une installation ordonn\u00e9e et s\u00e9curis\u00e9e de votre module relais dans une bo\u00eete de jonction, une armoire serveur ou un panneau \u00e9lectrique.<\/p>\n<p>Le support DIN est un \u00e9l\u00e9ment important dans la cr\u00e9ation d&#039;une installation \u00e9lectrique fiable et s\u00fbre, et il aide \u00e0 maintenir vos appareils Ajax correctement mont\u00e9s et prot\u00e9g\u00e9s dans diff\u00e9rents types d&#039;installations.<\/p>\n<p>L&#039;un des grands avantages de ce produit est qu&#039;il offre un acc\u00e8s facile et une utilisation facile lorsque vous devez installer ou mettre \u00e0 niveau votre \u00e9quipement d&#039;alarme.<\/p>\n<p>Le support est compatible avec les modules de relais Ajax les plus courants (r\u00e9f\u00e9rences 50459019 et 50459020) et rend l&#039;installation sur le rail DIN un processus rapide et pratique.<\/p>\n<p>Pour faciliter l&#039;installation, un jeu d&#039;autocollants est inclus pour permettre l&#039;\u00e9tiquetage des appareils ou des circuits contr\u00f4l\u00e9s par chaque relais, minimisant ainsi le risque d&#039;installation ou de fonctionnement incorrect.<\/p>\n<p>Cette fonction garantit \u00e9galement que les utilisateurs et les installateurs ont une vue d&#039;ensemble claire de la structure du syst\u00e8me et quel relais contr\u00f4le quel appareil ou fonction.<\/p>\n<p>Ajax est un leader dans le domaine des syst\u00e8mes de s\u00e9curit\u00e9 et a d\u00e9velopp\u00e9 des technologies avanc\u00e9es qui s&#039;int\u00e8grent parfaitement \u00e0 une utilisation quotidienne pour am\u00e9liorer \u00e0 la fois la s\u00e9curit\u00e9 et le confort.<\/p>\n<p>L&#039;entreprise est un acteur mondial et prot\u00e8ge aujourd&#039;hui plus de 1,8 million d&#039;utilisateurs dans 169 pays.<\/p>\n<p>Le syst\u00e8me Ajax permet aux utilisateurs de surveiller et de contr\u00f4ler leur maison ou leur entreprise depuis n&#039;importe o\u00f9 via une application mobile, et le syst\u00e8me offre des solutions filaires et sans fil pour se prot\u00e9ger contre le cambriolage, les incendies, les fuites d&#039;eau et d&#039;autres menaces potentielles.<\/p>\n<p>Ce support DIN vous offre la flexibilit\u00e9 et la s\u00e9curit\u00e9 n\u00e9cessaires pour pouvoir installer et g\u00e9rer les solutions de s\u00e9curit\u00e9 Ajax de mani\u00e8re efficace et durable.<\/p>\n<p>&nbsp;<\/p>","protected":false},"excerpt":{"rendered":"<p>Ajax DIN-Holder est un support con\u00e7u pour monter en toute s\u00e9curit\u00e9 des modules de relais Ajax tels que WallSwitch sur un rail DIN.<\/p>\n<p>Parfait pour une installation dans des bo\u00eetes de jonction, des armoires de serveurs ou des panneaux \u00e9lectriques.<\/p>\n<p>Comprend un autocollant pour le marquage.<\/p>","protected":false},"featured_media":151871,"template":"","meta":{"_acf_changed":false},"product_brand":[],"product_cat":[3169,3128],"product_tag":[4863],"class_list":{"0":"post-69832","1":"product","2":"type-product","3":"status-publish","4":"has-post-thumbnail","6":"product_cat-automation","7":"product_cat-ajax-reservdelar-fasten","8":"product_tag-pf","9":"product_shipping_class-postnord-varubrev","10":"pa_ajax-tradlosa-larm-rela-multisandare","11":"pa_brands-ajax-systems","12":"pa_color-svart","13":"pa_farg-svart","14":"tm-no-options","16":"first","17":"instock","18":"sale","19":"featured","20":"taxable","21":"shipping-taxable","22":"purchasable","23":"product-type-simple"},"acf":[],"_links":{"self":[{"href":"https:\/\/secureus.se\/fr\/wp-json\/wp\/v2\/product\/69832","targetHints":{"allow":["GET"]}}],"collection":[{"href":"https:\/\/secureus.se\/fr\/wp-json\/wp\/v2\/product"}],"about":[{"href":"https:\/\/secureus.se\/fr\/wp-json\/wp\/v2\/types\/product"}],"wp:featuredmedia":[{"embeddable":true,"href":"https:\/\/secureus.se\/fr\/wp-json\/wp\/v2\/media\/151871"}],"wp:attachment":[{"href":"https:\/\/secureus.se\/fr\/wp-json\/wp\/v2\/media?parent=69832"}],"wp:term":[{"taxonomy":"product_brand","embeddable":true,"href":"https:\/\/secureus.se\/fr\/wp-json\/wp\/v2\/product_brand?post=69832"},{"taxonomy":"product_cat","embeddable":true,"href":"https:\/\/secureus.se\/fr\/wp-json\/wp\/v2\/product_cat?post=69832"},{"taxonomy":"product_tag","embeddable":true,"href":"https:\/\/secureus.se\/fr\/wp-json\/wp\/v2\/product_tag?post=69832"}],"curies":[{"name":"wp","href":"https:\/\/api.w.org\/{rel}","templated":true}]}}