{"id":69841,"date":"2022-11-28T11:19:44","date_gmt":"2022-11-28T10:19:44","guid":{"rendered":"https:\/\/secureus.se\/produkt\/batteri-li-ion-3ah-for-hub2plus\/"},"modified":"2026-03-09T17:40:21","modified_gmt":"2026-03-09T16:40:21","slug":"ajax-batteri-li-ion-3ah-for-hub2plus","status":"publish","type":"product","link":"https:\/\/secureus.se\/fr\/ajax-batteri-li-ion-3ah-for-hub2plus\/","title":{"rendered":"Batterie Ajax pour Hub 2 Plus \u2013 Pi\u00e8ce d\u00e9tach\u00e9e, Li-ion 3 Ah"},"content":{"rendered":"<h3>La batterie Ajax Li-ion 3Ah pour Hub 2 Plus est la solution optimale pour garantir que votre centre de s\u00e9curit\u00e9 soit toujours pr\u00eat \u00e0 prot\u00e9ger votre maison ou votre entreprise.<\/h3>\n<p>Cette batterie est con\u00e7ue pour fonctionner avec l&#039;Ajax Hub 2 Plus et constitue un composant n\u00e9cessaire au maintien des performances du syst\u00e8me.<\/p>\n<p>Avec sa haute capacit\u00e9 de 3 Ah, la batterie offre une longue dur\u00e9e de vie et un fonctionnement fiable.<\/p>\n<p>Il est important de changer r\u00e9guli\u00e8rement la batterie de votre Ajax Hub 2 Plus pour garantir le bon fonctionnement de votre syst\u00e8me de s\u00e9curit\u00e9.<\/p>\n<p>Ajax recommande de remplacer la batterie chaque ann\u00e9e pour \u00e9viter les temps d&#039;arr\u00eat et garantir que toutes les fonctions, y compris les alarmes d&#039;urgence et autres fonctions critiques, sont toujours activ\u00e9es.<\/p>\n<p>Un changement de batterie doit \u00eatre effectu\u00e9 environ un an avant le changement recommand\u00e9, ou si vous recevez un avertissement de batterie dans l&#039;application indiquant que la batterie est faible.<\/p>\n<p>En changeant la batterie \u00e0 temps, vous \u00e9vitez les interruptions inattendues du syst\u00e8me et garantissez que tous les appareils sont connect\u00e9s et que votre maison ou votre entreprise est toujours prot\u00e9g\u00e9e.<\/p>\n<p>La batterie est de type Li-ion (lithium-ion), qui offre une longue dur\u00e9e de vie et une densit\u00e9 \u00e9nerg\u00e9tique \u00e9lev\u00e9e. Les batteries lithium-ion pr\u00e9sentent plusieurs avantages par rapport aux autres types de batteries, tels qu&#039;une longue dur\u00e9e de vie, une charge rapide et une faible autod\u00e9charge.<\/p>\n<p>Cela permet \u00e0 la batterie de faire fonctionner votre syst\u00e8me de s\u00e9curit\u00e9 pendant une longue p\u00e9riode avec un minimum d&#039;entretien.<\/p>\n<p>La batterie Ajax Li-ion 3Ah pour Hub 2 Plus a une installation fluide et peut \u00eatre facilement remplac\u00e9e par l&#039;utilisateur sans avoir besoin de l&#039;aide d&#039;un professionnel.<\/p>\n<p>Lorsque la batterie est remplac\u00e9e, le Hub 2 Plus se connecte automatiquement \u00e0 la nouvelle batterie et continue de fonctionner comme avant.<\/p>\n<p>Les avantages d&#039;utiliser la batterie Ajax Li-ion 3Ah pour Hub 2 Plus :<\/p>\n<ul>\n<li>Longue dur\u00e9e de vie et fonctionnement fiable<\/li>\n<li>Facile \u00e0 installer et \u00e0 remplacer<\/li>\n<li>Compatible avec Ajax Hub 2 Plus<\/li>\n<li>Assure le fonctionnement ininterrompu de votre syst\u00e8me de s\u00e9curit\u00e9<\/li>\n<li>Emp\u00eache les temps d&#039;arr\u00eat en cas de batterie faible<\/li>\n<li>Haute capacit\u00e9 de 3 Ah pour un fonctionnement \u00e0 long terme<\/li>\n<\/ul>\n<p><strong>Sp\u00e9cifications techniques\u00a0:<\/strong><\/p>\n<ul>\n<li>Type de batterie : Li-ion (Lithium-ion)<\/li>\n<li>Capacit\u00e9 : 3Ah<\/li>\n<li>Compatibilit\u00e9 : Ajax Hub 2 Plus<\/li>\n<li>Temps de charge\u00a0: charge rapide avec une longue dur\u00e9e de vie de la batterie<\/li>\n<li>Capacit\u00e9 op\u00e9rationnelle\u00a0: assure un fonctionnement \u00e0 long terme<\/li>\n<li>M\u00e9thode d&#039;installation : basculement simple via l&#039;application Ajax<\/li>\n<\/ul>\n<p><strong>Avantages de la batterie Ajax Li-ion 3Ah :<\/strong><\/p>\n<ul>\n<li>Am\u00e9liore la disponibilit\u00e9 et la s\u00e9curit\u00e9<\/li>\n<li>Facile \u00e0 installer et \u00e0 remplacer<\/li>\n<li>Haute capacit\u00e9 pour une utilisation \u00e0 long terme<\/li>\n<li>Fiable et efficace pour votre Hub 2 Plus<\/li>\n<\/ul>","protected":false},"excerpt":{"rendered":"<p>Ajax Battery Li-ion 3Ah pour Hub 2 Plus est une solution de batterie de remplacement qui garantit un fonctionnement stable et \u00e0 long terme de votre Hub 2 Plus.<\/p>\n<p>Une batterie fiable qui maintient votre syst\u00e8me de s\u00e9curit\u00e9 en fonctionnement et \u00e9vite les temps d&#039;arr\u00eat.<\/p>","protected":false},"featured_media":151915,"template":"","meta":{"_acf_changed":false},"product_brand":[],"product_cat":[3128,1862],"product_tag":[4863],"class_list":{"0":"post-69841","1":"product","2":"type-product","3":"status-publish","4":"has-post-thumbnail","6":"product_cat-ajax-reservdelar-fasten","7":"product_cat-batterier-knappcell","8":"product_tag-pf","9":"product_shipping_class-postnord-varubrev","10":"pa_ajax-tradlosa-larm-hub-centralenhet","11":"pa_ajax-tradlosa-larm-ovriga-tillbehor-monteringsfaste","12":"pa_ajax-tradlosa-larm-reservdelar-stromforsorjning","13":"pa_brands-ajax-systems","14":"pa_color-vit","15":"pa_farg-vit","16":"tm-no-options","18":"first","19":"instock","20":"sale","21":"featured","22":"taxable","23":"shipping-taxable","24":"purchasable","25":"product-type-simple"},"acf":[],"_links":{"self":[{"href":"https:\/\/secureus.se\/fr\/wp-json\/wp\/v2\/product\/69841","targetHints":{"allow":["GET"]}}],"collection":[{"href":"https:\/\/secureus.se\/fr\/wp-json\/wp\/v2\/product"}],"about":[{"href":"https:\/\/secureus.se\/fr\/wp-json\/wp\/v2\/types\/product"}],"wp:featuredmedia":[{"embeddable":true,"href":"https:\/\/secureus.se\/fr\/wp-json\/wp\/v2\/media\/151915"}],"wp:attachment":[{"href":"https:\/\/secureus.se\/fr\/wp-json\/wp\/v2\/media?parent=69841"}],"wp:term":[{"taxonomy":"product_brand","embeddable":true,"href":"https:\/\/secureus.se\/fr\/wp-json\/wp\/v2\/product_brand?post=69841"},{"taxonomy":"product_cat","embeddable":true,"href":"https:\/\/secureus.se\/fr\/wp-json\/wp\/v2\/product_cat?post=69841"},{"taxonomy":"product_tag","embeddable":true,"href":"https:\/\/secureus.se\/fr\/wp-json\/wp\/v2\/product_tag?post=69841"}],"curies":[{"name":"wp","href":"https:\/\/api.w.org\/{rel}","templated":true}]}}