{"id":69855,"date":"2022-11-28T11:19:22","date_gmt":"2022-11-28T10:19:22","guid":{"rendered":"https:\/\/secureus.se\/produkt\/stromforsorjningsdel-230vac-psu-for-hub2-hub2plus-reservdel\/"},"modified":"2026-04-07T13:06:12","modified_gmt":"2026-04-07T11:06:12","slug":"ajax-stromforsorjningsdel-230vac","status":"publish","type":"product","link":"https:\/\/secureus.se\/fr\/ajax-stromforsorjningsdel-230vac\/","title":{"rendered":"Pi\u00e8ce d&#039;alimentation Ajax 230VAC PSU pour pi\u00e8ce de rechange Hub2\/Hub2Plus"},"content":{"rendered":"<h3>L&#039;unit\u00e9 d&#039;alimentation Ajax 230VAC PSU est un adaptateur secteur puissant et fiable con\u00e7u pour fournir aux unit\u00e9s Ajax Hub2 et Hub2Plus l&#039;alimentation stable requise pour garantir des performances optimales de votre syst\u00e8me de s\u00e9curit\u00e9.<\/h3>\n<p>En tant qu&#039;\u00e9l\u00e9ment essentiel du syst\u00e8me de s\u00e9curit\u00e9 Ajax, cette alimentation fournit une source d&#039;\u00e9lectricit\u00e9 stable, garantissant que tous les appareils sont pleinement op\u00e9rationnels.<\/p>\n<p>Ce bloc d&#039;alimentation (Power Supply Unit) est sp\u00e9cialement con\u00e7u pour fonctionner avec Ajax Hub2 et Hub2Plus, ce qui en fait un \u00e9l\u00e9ment indispensable du syst\u00e8me en cas de panne de l&#039;alimentation d&#039;origine ou si vous avez besoin d&#039;une source d&#039;alimentation suppl\u00e9mentaire pour garantir un fonctionnement ininterrompu. L&#039;alimentation est facile \u00e0 remplacer et \u00e0 installer, et elle est livr\u00e9e avec tout ce dont vous avez besoin pour la connecter \u00e0 votre syst\u00e8me Ajax.<\/p>\n<p><strong>Avantages du bloc d&#039;alimentation Ajax 230VAC\u00a0:<\/strong><\/p>\n<ul>\n<li><strong>Alimentation fiable et stable\u00a0:<\/strong> Garantit que votre syst\u00e8me de s\u00e9curit\u00e9 Ajax dispose d\u2019une alimentation \u00e9lectrique constante et stable pour tous les appareils.<\/li>\n<li><strong>Compatibilit\u00e9:<\/strong> Fonctionne avec Hub2 et Hub2Plus et garantit que tous les syst\u00e8mes fonctionnent parfaitement.<\/li>\n<li><strong>Installation facile\u00a0:<\/strong> Remplacez facilement votre ancien bloc d&#039;alimentation par ce mod\u00e8le et restaurez le fonctionnement sans tracas.<\/li>\n<li><strong>Performances \u00e0 long terme\u00a0:<\/strong> Con\u00e7u pour assurer un fonctionnement durable et s\u00fbr de votre syst\u00e8me de s\u00e9curit\u00e9.<\/li>\n<li><strong>Partie:<\/strong> Parfait comme pi\u00e8ce de rechange ou pour remplacer une alimentation cass\u00e9e.<\/li>\n<\/ul>\n<p><strong>Sp\u00e9cifications techniques\u00a0:<\/strong><\/p>\n<ul>\n<li><strong>Compatibilit\u00e9:<\/strong> Hub2, Hub2Plus<\/li>\n<li><strong>tension:<\/strong> 230 VCA<\/li>\n<li><strong>Charge de courant maximale\u00a0:<\/strong> Adapt\u00e9 pour Ajax Hub2 et Hub2Plus<\/li>\n<li><strong>M\u00e9thode d&#039;installation\u00a0:<\/strong> Installation facile avec tous les c\u00e2bles et connexions n\u00e9cessaires.<\/li>\n<li><strong>Garantie:<\/strong> 24 mois<\/li>\n<\/ul>\n<p><strong>Installation et utilisation\u00a0:<\/strong><br \/>\nL&#039;installation du bloc d&#039;alimentation Ajax Power Supply 230VAC est simple et peut \u00eatre effectu\u00e9e sans avoir \u00e0 d\u00e9monter votre configuration actuelle.<\/p>\n<p>Connectez simplement le nouveau bloc d&#039;alimentation \u00e0 votre syst\u00e8me via les c\u00e2bles fournis, et l&#039;alimentation commencera imm\u00e9diatement \u00e0 fournir \u00e0 l&#039;Ajax Hub2 ou Hub2Plus une \u00e9lectricit\u00e9 stable.<\/p>\n<p>Vous pouvez \u00eatre s\u00fbr que votre syst\u00e8me de s\u00e9curit\u00e9 continuera \u00e0 fonctionner comme il se doit, m\u00eame en cas de panne d&#039;alimentation \u00e9lectrique.<\/p>","protected":false},"excerpt":{"rendered":"<p>Ajax Power Supply Part 230VAC PSU est une pi\u00e8ce de rechange fiable pour Ajax Hub2 et Hub2Plus, garantissant que votre syst\u00e8me de s\u00e9curit\u00e9 dispose d&#039;une alimentation \u00e9lectrique constante et stable.<\/p>\n<p>Il est facile \u00e0 installer et assure un fonctionnement \u00e0 long terme de votre syst\u00e8me de s\u00e9curit\u00e9.<\/p>","protected":false},"featured_media":151889,"template":"","meta":{"_acf_changed":false},"product_brand":[],"product_cat":[3171,1319],"product_tag":[4863],"class_list":{"0":"post-69855","1":"product","2":"type-product","3":"status-publish","4":"has-post-thumbnail","6":"product_cat-psu-stromforsorjning","7":"product_cat-ajax-larm","8":"product_tag-pf","9":"product_shipping_class-postnord-varubrev","10":"pa_ajax-tradlosa-larm-reservdelar-stromforsorjning","11":"pa_brands-ajax-systems","12":"pa_color-svart","13":"pa_farg-svart","14":"tm-no-options","16":"first","17":"onbackorder","18":"sale","19":"featured","20":"taxable","21":"shipping-taxable","22":"purchasable","23":"product-type-simple"},"acf":[],"_links":{"self":[{"href":"https:\/\/secureus.se\/fr\/wp-json\/wp\/v2\/product\/69855","targetHints":{"allow":["GET"]}}],"collection":[{"href":"https:\/\/secureus.se\/fr\/wp-json\/wp\/v2\/product"}],"about":[{"href":"https:\/\/secureus.se\/fr\/wp-json\/wp\/v2\/types\/product"}],"wp:featuredmedia":[{"embeddable":true,"href":"https:\/\/secureus.se\/fr\/wp-json\/wp\/v2\/media\/151889"}],"wp:attachment":[{"href":"https:\/\/secureus.se\/fr\/wp-json\/wp\/v2\/media?parent=69855"}],"wp:term":[{"taxonomy":"product_brand","embeddable":true,"href":"https:\/\/secureus.se\/fr\/wp-json\/wp\/v2\/product_brand?post=69855"},{"taxonomy":"product_cat","embeddable":true,"href":"https:\/\/secureus.se\/fr\/wp-json\/wp\/v2\/product_cat?post=69855"},{"taxonomy":"product_tag","embeddable":true,"href":"https:\/\/secureus.se\/fr\/wp-json\/wp\/v2\/product_tag?post=69855"}],"curies":[{"name":"wp","href":"https:\/\/api.w.org\/{rel}","templated":true}]}}