{"id":69857,"date":"2022-11-28T11:19:22","date_gmt":"2022-11-28T10:19:22","guid":{"rendered":"https:\/\/secureus.se\/produkt\/monteringsfaste-hub-svart\/"},"modified":"2026-03-09T17:40:11","modified_gmt":"2026-03-09T16:40:11","slug":"ajax-smart-bracket-faste-hub-svart","status":"publish","type":"product","link":"https:\/\/secureus.se\/fr\/ajax-smart-bracket-faste-hub-svart\/","title":{"rendered":"Support de fixation\/hub d&#039;accessoires Ajax Smart Bracket, pi\u00e8ce de rechange noire"},"content":{"rendered":"<h3>Le support de montage Ajax Smart Bracket pour le Hub est la solution parfaite pour installer facilement et efficacement l&#039;Ajax Hub dans votre maison ou votre entreprise.<\/h3>\n<p>Avec sa construction robuste et ses options d&#039;installation flexibles, le Smart Bracket offre la stabilit\u00e9 et la s\u00e9curit\u00e9 n\u00e9cessaires pour assurer le fonctionnement optimal de votre syst\u00e8me de s\u00e9curit\u00e9.<\/p>\n<p>Ce panneau de montage est sp\u00e9cialement con\u00e7u pour fixer l&#039;Ajax Hub sur une surface verticale ou dans un coin de la pi\u00e8ce, rendant l&#039;installation \u00e0 la fois fluide et peu encombrante.<\/p>\n<p>L&#039;installation prend quelques minutes et toutes les vis et attaches n\u00e9cessaires sont incluses pour garantir que l&#039;unit\u00e9 est solidement fix\u00e9e.<\/p>\n<p>C&#039;est une solution simple pour maintenir votre hub Ajax en place et garantir que tous les composants de votre syst\u00e8me sont connect\u00e9s et fonctionnent de mani\u00e8re optimale.<\/p>\n<p>Pour optimiser l&#039;installation et garantir la meilleure force du signal, vous pouvez utiliser des tests de force du signal pour v\u00e9rifier que l&#039;Ajax Hub a la meilleure qualit\u00e9 de communication possible avec d&#039;autres appareils, tels que Jewels et Wings.<\/p>\n<p>Si la force du signal est trop faible, vous pouvez ajuster l&#039;emplacement ou utiliser un ReX 2 pour \u00e9tendre la couverture radio.<\/p>\n<p><strong>L&#039;installation se fait en quelques \u00e9tapes simples :<\/strong><\/p>\n<ol>\n<li>Retirez le panneau de montage Smart Bracket de l&#039;appareil.<\/li>\n<li>Fixez le panneau sur une surface verticale ou dans un coin de la pi\u00e8ce avec du ruban adh\u00e9sif double face ou des vis.<\/li>\n<li>Installez l&#039;appareil sur le panneau et ajustez-le pour garantir une force de signal optimale.<\/li>\n<li>Utilisez les fonctionnalit\u00e9s de l&#039;application Ajax pour tester et ajuster le signal selon vos besoins.<\/li>\n<\/ol>\n<p>Cela rend cette solution non seulement simple mais \u00e9galement flexible pour s&#039;adapter \u00e0 vos besoins particuliers en mati\u00e8re d&#039;espace et de s\u00e9curit\u00e9.<\/p>\n<p><strong>Avantages du support de montage Ajax Smart Bracket\u00a0:<\/strong><\/p>\n<ul>\n<li><strong>Installation stable\u00a0:<\/strong> Garantit que votre Hub est correctement mont\u00e9 et stable.<\/li>\n<li><strong>Utilisation flexible :<\/strong> Peut \u00eatre install\u00e9 sur une surface verticale ou dans un coin de la pi\u00e8ce selon votre d\u00e9cor.<\/li>\n<li><strong>Compatibilit\u00e9:<\/strong> Fonctionne parfaitement avec tous les appareils Ajax Hub.<\/li>\n<li><strong>Force du signal optimale\u00a0:<\/strong> En utilisant des tests, vous pouvez garantir la meilleure communication possible entre les appareils.<\/li>\n<li><strong>Installation facile :<\/strong> Les attaches sont incluses pour faciliter l&#039;installation.<\/li>\n<\/ul>\n<p><strong>Sp\u00e9cifications techniques :<\/strong><\/p>\n<ul>\n<li><strong>Compatibilit\u00e9:<\/strong> Hub Ajax, Hub Plus<\/li>\n<li><strong>M\u00e9thode d&#039;installation\u00a0:<\/strong> Montage mural ou en coin<\/li>\n<li><strong>Accessoires inclus :<\/strong> Vis de montage et ruban adh\u00e9sif double face<\/li>\n<li><strong>Mat\u00e9riel:<\/strong> Plastique et m\u00e9tal robustes<\/li>\n<li><strong>Peinture:<\/strong> Noir<\/li>\n<li><strong>Mesure:<\/strong> Dimensions personnalis\u00e9es pour une installation facile<\/li>\n<\/ul>\n<p>&nbsp;<\/p>","protected":false},"excerpt":{"rendered":"<p>Le support de montage Ajax Smart Bracket pour Hub est une solution flexible et s\u00fbre pour installer votre Ajax Hub sur une surface verticale ou dans un coin.<\/p>\n<p>Il facilite l&#039;installation et assure la stabilit\u00e9 du syst\u00e8me de s\u00e9curit\u00e9, garantissant une communication fiable entre les appareils.<\/p>","protected":false},"featured_media":0,"template":"","meta":{"_acf_changed":false},"product_brand":[],"product_cat":[3128],"product_tag":[],"class_list":{"0":"post-69857","1":"product","2":"type-product","3":"status-publish","5":"product_cat-ajax-reservdelar-fasten","6":"product_shipping_class-postnord-varubrev","7":"pa_ajax-tradlosa-larm-ovriga-tillbehor-monteringsfaste","8":"pa_brands-ajax-systems","9":"pa_color-svart","10":"pa_farg-svart","11":"tm-no-options","13":"first","14":"instock","15":"sale","16":"featured","17":"taxable","18":"shipping-taxable","19":"purchasable","20":"product-type-simple"},"acf":[],"_links":{"self":[{"href":"https:\/\/secureus.se\/fr\/wp-json\/wp\/v2\/product\/69857","targetHints":{"allow":["GET"]}}],"collection":[{"href":"https:\/\/secureus.se\/fr\/wp-json\/wp\/v2\/product"}],"about":[{"href":"https:\/\/secureus.se\/fr\/wp-json\/wp\/v2\/types\/product"}],"wp:attachment":[{"href":"https:\/\/secureus.se\/fr\/wp-json\/wp\/v2\/media?parent=69857"}],"wp:term":[{"taxonomy":"product_brand","embeddable":true,"href":"https:\/\/secureus.se\/fr\/wp-json\/wp\/v2\/product_brand?post=69857"},{"taxonomy":"product_cat","embeddable":true,"href":"https:\/\/secureus.se\/fr\/wp-json\/wp\/v2\/product_cat?post=69857"},{"taxonomy":"product_tag","embeddable":true,"href":"https:\/\/secureus.se\/fr\/wp-json\/wp\/v2\/product_tag?post=69857"}],"curies":[{"name":"wp","href":"https:\/\/api.w.org\/{rel}","templated":true}]}}