{"id":69876,"date":"2022-11-28T11:05:22","date_gmt":"2022-11-28T10:05:22","guid":{"rendered":"https:\/\/secureus.se\/produkt\/kameradetektor-husdjur-12m-tradlos-vit\/"},"modified":"2026-03-16T21:46:38","modified_gmt":"2026-03-16T20:46:38","slug":"ajax-motioncam-kameradetektor-husdjur-vit","status":"publish","type":"product","link":"https:\/\/secureus.se\/fr\/ajax-motioncam-kameradetektor-husdjur-vit\/","title":{"rendered":"D\u00e9tecteur de cam\u00e9ra Ajax MotionCam, fonction animal domestique, blanc"},"content":{"rendered":"<h3><strong>Ajax MotionCam \u2013 D\u00e9tecteur de mouvement sans fil avec cam\u00e9ra et immunit\u00e9 aux animaux<\/strong><\/h3>\n<p>Ajax MotionCam est un d\u00e9tecteur de mouvement sans fil qui prend des photos en cas d&#039;alarme, permettant une v\u00e9rification imm\u00e9diate des \u00e9v\u00e9nements.<\/p>\n<p>Avec une immunit\u00e9 int\u00e9gr\u00e9e aux animaux de compagnie et une technologie avanc\u00e9e pour minimiser les fausses alarmes, il s\u2019agit de la solution de syst\u00e8me de s\u00e9curit\u00e9 ultime.<\/p>\n<p>MotionCam n&#039;est pas seulement un d\u00e9tecteur, mais un outil puissant pour une v\u00e9rification rapide et fiable des alarmes.<\/p>\n<p><strong>Principales caract\u00e9ristiques\u00a0:<\/strong><\/p>\n<ol>\n<li><strong>V\u00e9rification rapide des photos (9 secondes)\u00a0:<\/strong> Lorsque le d\u00e9tecteur de mouvement est activ\u00e9, MotionCam prend imm\u00e9diatement des photos et les envoie \u00e0 votre smartphone ou centre de s\u00e9curit\u00e9.<\/li>\n<li>Cela vous permet d&#039;obtenir une confirmation visuelle imm\u00e9diate de ce qui s&#039;est pass\u00e9 sans avoir \u00e0 attendre des donn\u00e9es suppl\u00e9mentaires.<\/li>\n<li><strong>Immunit\u00e9 aux animaux\u00a0:<\/strong> MotionCam est immunis\u00e9 contre les animaux pesant jusqu&#039;\u00e0 20 kg et 50 cm.<\/li>\n<li>Cela signifie que vous pouvez activer votre syst\u00e8me de s\u00e9curit\u00e9 sans vous soucier des fausses alarmes caus\u00e9es par vos animaux de compagnie.<\/li>\n<li><strong>R\u00e9solution d&#039;image r\u00e9glable\u00a0:<\/strong> Pour r\u00e9pondre \u00e0 diff\u00e9rents besoins, la r\u00e9solution de l&#039;image peut \u00eatre ajust\u00e9e pour \u00e9conomiser de la bande passante et de l&#039;espace de stockage.<\/li>\n<li>Une r\u00e9solution plus \u00e9lev\u00e9e peut \u00eatre utilis\u00e9e pour des images plus d\u00e9taill\u00e9es si n\u00e9cessaire.<\/li>\n<li><strong>\u00c9clairage IR pour les conditions sombres\u00a0:<\/strong> Gr\u00e2ce \u00e0 l&#039;\u00e9clairage IR int\u00e9gr\u00e9, la MotionCam peut prendre des photos m\u00eame dans les espaces sombres, vous pouvez donc \u00eatre s\u00fbr que rien ne passe inaper\u00e7u, m\u00eame la nuit.<\/li>\n<li><strong>Fonction de compensation de temp\u00e9rature\u00a0:<\/strong> MotionCam ajuste ses param\u00e8tres de d\u00e9tection en fonction de la temp\u00e9rature ambiante, ce qui la rend efficace dans les environnements chauds et froids.<\/li>\n<\/ol>\n<p><strong>Sp\u00e9cifications techniques\u00a0:<\/strong><\/p>\n<ul>\n<li><strong>Distance de d\u00e9tection\u00a0:<\/strong> Jusqu&#039;\u00e0 12 m\u00e8tres<\/li>\n<li><strong>Immunit\u00e9 aux animaux\u00a0:<\/strong> Jusqu&#039;\u00e0 20 kg et 50 cm<\/li>\n<li><strong>Heure de v\u00e9rification des photos\u00a0:<\/strong> 9 secondes<\/li>\n<li><strong>Autonomie de la batterie\u00a0:<\/strong> Jusqu&#039;\u00e0 4 ans selon l&#039;utilisation<\/li>\n<li><strong>Zone de communication avec hub\u00a0:<\/strong> Jusqu&#039;\u00e0 1300 m\u00e8tres (en terrain d\u00e9couvert)<\/li>\n<li><strong>Alimentation\u00a0:<\/strong> 1 pile CR123A<\/li>\n<li><strong>Mesure:<\/strong> 130x70x60mm<\/li>\n<li><strong>Poids:<\/strong> 200 g<\/li>\n<li><strong>Classe de protection\u00a0:<\/strong> IP50<\/li>\n<li><strong>Compensation de temp\u00e9rature\u00a0:<\/strong> Oui<\/li>\n<li><strong>\u00c9clairage infrarouge\u00a0:<\/strong> Oui<\/li>\n<\/ul>\n<p><strong>Confidentialit\u00e9 et protection des donn\u00e9es\u00a0:<\/strong><\/p>\n<ul>\n<li><strong>Chiffrement et conformit\u00e9 RGPD :<\/strong> Toutes les images et donn\u00e9es sont crypt\u00e9es pour garantir qu&#039;aucune personne non autoris\u00e9e ne puisse acc\u00e9der aux informations sensibles.<\/li>\n<li>Seuls les utilisateurs autoris\u00e9s peuvent visualiser les images via l&#039;application Ajax, et la transmission des donn\u00e9es est s\u00e9curis\u00e9e gr\u00e2ce \u00e0 l&#039;utilisation du cryptage par blocs et du saut de fr\u00e9quence.<\/li>\n<\/ul>\n<p><strong>Technologie sans fil\u00a0:<\/strong><\/p>\n<ul>\n<li><strong>Protocole Bijoutier et Ailes\u00a0:<\/strong> MotionCam utilise les protocoles sans fil Jeweller et Wing pour une communication rapide et fiable.<\/li>\n<li>Jeweler assure une transmission s\u00e9curis\u00e9e des alarmes, tandis que Wings assure une transmission rapide des photos.<\/li>\n<\/ul>\n<p><strong>Fonctionnalit\u00e9s anti-sabotage\u00a0:<\/strong><\/p>\n<ul>\n<li>MotionCam d\u00e9tecte si l&#039;appareil est sabot\u00e9 ou si une perte de communication se produit et envoie imm\u00e9diatement une alerte.<\/li>\n<li>Cela garantit que l&#039;appareil reste s\u00e9curis\u00e9 et fonctionnel, m\u00eame en cas de tentatives de falsification.<\/li>\n<\/ul>\n<p><strong>Installation et int\u00e9gration\u00a0:<\/strong> MotionCam est facile \u00e0 installer via l&#039;application Ajax.<\/p>\n<p>En scannant le code QR, vous pouvez rapidement ajouter l&#039;appareil au syst\u00e8me sans rien d\u00e9monter.<\/p>\n<p>Le d\u00e9tecteur est install\u00e9 sur un support SmartBracket et est pr\u00eat \u00e0 \u00eatre utilis\u00e9 en quelques minutes.<\/p>\n<p><strong>Avantages :<\/strong><\/p>\n<ul>\n<li><strong>V\u00e9rification rapide des alarmes\u00a0:<\/strong> Obtenez un aper\u00e7u instantan\u00e9 des \u00e9v\u00e9nements de s\u00e9curit\u00e9.<\/li>\n<li><strong>R\u00e9duit les fausses alarmes\u00a0:<\/strong> L&#039;immunit\u00e9 aux animaux et le filtrage logiciel avanc\u00e9 vous permettent d&#039;\u00eatre s\u00fbr que le syst\u00e8me r\u00e9agit correctement.<\/li>\n<li><strong>S\u00e9curit\u00e9 accrue :<\/strong> S\u00e9curit\u00e9 accrue gr\u00e2ce \u00e0 la v\u00e9rification visuelle des \u00e9v\u00e9nements.<\/li>\n<li><strong>Facilit\u00e9 d&#039;utilisation et d&#039;installation :<\/strong> Facile \u00e0 installer et \u00e0 configurer via l&#039;application.<\/li>\n<li><strong>Plus grande confidentialit\u00e9 et protection des donn\u00e9es\u00a0:<\/strong> Le cryptage et le contr\u00f4le d\u2019acc\u00e8s strict prot\u00e8gent vos informations.<\/li>\n<\/ul>\n<p><strong>Domaines d&#039;utilisation :<\/strong><\/p>\n<ul>\n<li><strong>Maison:<\/strong> V\u00e9rifiez les intrusions et obtenez une confirmation visuelle instantan\u00e9e sur le syst\u00e8me de votre smartphone.<\/li>\n<li><strong>Entreprise:<\/strong> Surveillez les locaux de votre entreprise et obtenez des informations rapides sur les menaces de s\u00e9curit\u00e9.<\/li>\n<li><strong>Objet de l&#039;assurance\u00a0:<\/strong> Obtenez de la documentation sur les \u00e9v\u00e9nements de s\u00e9curit\u00e9 pour prouver les violations et les dommages.<\/li>\n<\/ul>","protected":false},"excerpt":{"rendered":"<p>Ajax MotionCam est un d\u00e9tecteur de mouvement sans fil dot\u00e9 d&#039;une cam\u00e9ra int\u00e9gr\u00e9e qui offre une v\u00e9rification rapide des photos en 9 secondes.<\/p>\n<p>Il est \u00e9quip\u00e9 d&#039;une immunit\u00e9 aux animaux domestiques, d&#039;une r\u00e9solution d&#039;image r\u00e9glable et d&#039;un \u00e9clairage IR pour capturer des images m\u00eame dans des conditions sombres.<\/p>\n<p>Une solution fiable pour r\u00e9duire les fausses alarmes et fournir un aper\u00e7u rapide des intrusions.<\/p>","protected":false},"featured_media":155437,"template":"","meta":{"_acf_changed":false},"product_brand":[],"product_cat":[3156,1319,3155],"product_tag":[3127,2137,4863],"class_list":{"0":"post-69876","1":"product","2":"type-product","3":"status-publish","4":"has-post-thumbnail","6":"product_cat-rorelse-och-kamera","7":"product_cat-ajax-larm","8":"product_cat-larmenheter","9":"product_tag-kontrollprodukt","10":"product_tag-lager-ajax","11":"product_tag-pf","12":"product_shipping_class-postnord-varubrev","13":"pa_ajax-tradlosa-larm-kameradetektor","14":"pa_brands-ajax-systems","15":"pa_color-vit","16":"pa_farg-vit","17":"tm-no-options","19":"first","20":"instock","21":"sale","22":"featured","23":"taxable","24":"shipping-taxable","25":"purchasable","26":"product-type-simple"},"acf":[],"_links":{"self":[{"href":"https:\/\/secureus.se\/fr\/wp-json\/wp\/v2\/product\/69876","targetHints":{"allow":["GET"]}}],"collection":[{"href":"https:\/\/secureus.se\/fr\/wp-json\/wp\/v2\/product"}],"about":[{"href":"https:\/\/secureus.se\/fr\/wp-json\/wp\/v2\/types\/product"}],"wp:featuredmedia":[{"embeddable":true,"href":"https:\/\/secureus.se\/fr\/wp-json\/wp\/v2\/media\/155437"}],"wp:attachment":[{"href":"https:\/\/secureus.se\/fr\/wp-json\/wp\/v2\/media?parent=69876"}],"wp:term":[{"taxonomy":"product_brand","embeddable":true,"href":"https:\/\/secureus.se\/fr\/wp-json\/wp\/v2\/product_brand?post=69876"},{"taxonomy":"product_cat","embeddable":true,"href":"https:\/\/secureus.se\/fr\/wp-json\/wp\/v2\/product_cat?post=69876"},{"taxonomy":"product_tag","embeddable":true,"href":"https:\/\/secureus.se\/fr\/wp-json\/wp\/v2\/product_tag?post=69876"}],"curies":[{"name":"wp","href":"https:\/\/api.w.org\/{rel}","templated":true}]}}