{"id":69895,"date":"2022-11-28T11:05:22","date_gmt":"2022-11-28T10:05:22","guid":{"rendered":"https:\/\/secureus.se\/produkt\/manoverpanel-plus-desfire-tradlos-vit\/"},"modified":"2026-03-26T13:13:39","modified_gmt":"2026-03-26T12:13:39","slug":"ajax-keypad-plus-rfid-desfire-vit","status":"publish","type":"product","link":"https:\/\/secureus.se\/fr\/ajax-keypad-plus-rfid-desfire-vit\/","title":{"rendered":"Ajax KeyPad Plus Centrale DESFire blanc - Lecteur RFID int\u00e9gr\u00e9"},"content":{"rendered":"<h3>L&#039;Ajax KeyPad Plus est la solution ultime de gestion de la s\u00e9curit\u00e9, permettant aux utilisateurs d&#039;armer ou de d\u00e9sarmer leur syst\u00e8me facilement et en toute s\u00e9curit\u00e9, de g\u00e9rer des groupes sp\u00e9cifiques et d&#039;activer le mode nuit via un acc\u00e8s sans contact.<\/h3>\n<p>Il est \u00e9quip\u00e9 de la derni\u00e8re technologie DESFire\u00ae, qui utilise un cryptage 128 bits pour emp\u00eacher tout acc\u00e8s non autoris\u00e9 et garantir que votre s\u00e9curit\u00e9 ne peut \u00eatre alt\u00e9r\u00e9e.<\/p>\n<p><strong>Caract\u00e9ristiques et fonctions\u00a0:<\/strong><\/p>\n<ol>\n<li><strong>Acc\u00e8s sans contact avec RFID\u00a0:<\/strong><br \/>\nKeyPad Plus utilise la technologie RFID DESFire pour l&#039;identification sans contact avec des cartes d&#039;acc\u00e8s ou des porte-cl\u00e9s. Cette technologie est bas\u00e9e sur la norme ISO 14443 et allie haute s\u00e9curit\u00e9 et simplicit\u00e9 d&#039;utilisation. En pla\u00e7ant simplement une carte ou un porte-cl\u00e9s devant le lecteur, les utilisateurs peuvent armer ou d\u00e9sarmer leur syst\u00e8me rapidement et facilement sans avoir \u00e0 saisir de code.<\/li>\n<li><strong>Longue dur\u00e9e de vie de la batterie et installation facile :<\/strong><br \/>\nAvec une autonomie de batterie allant jusqu&#039;\u00e0 4,5 ans et une installation facile via un code QR, le KeyPad Plus est parfait pour une utilisation \u00e0 la maison et au travail. L&#039;installation est rapide et ne n\u00e9cessite pas d&#039;\u00e9tapes compliqu\u00e9es. Il est \u00e9galement compatible avec Ajax Hub 2, Hub 2 Plus et Hub Hybrid.<\/li>\n<li><strong>Param\u00e8tres de s\u00e9curit\u00e9 personnalis\u00e9s\u00a0:<\/strong><br \/>\nKeyPad Plus permet \u00e0 l&#039;administrateur syst\u00e8me de cr\u00e9er des codes personnels et d&#039;attribuer l&#039;acc\u00e8s \u00e0 des utilisateurs sp\u00e9cifiques via l&#039;application Ajax. Cela facilite la gestion des autorisations d&#039;acc\u00e8s pour les utilisateurs permanents et temporaires. Les utilisateurs peuvent \u00eatre facilement supprim\u00e9s ou restreints dans leurs autorisations, et toutes les modifications sont enregistr\u00e9es dans le journal des \u00e9v\u00e9nements du syst\u00e8me.<\/li>\n<li><strong>S\u00e9curit\u00e9 et sabotage\u00a0:<\/strong><br \/>\nKeyPad Plus est \u00e9quip\u00e9 d\u2019une protection int\u00e9gr\u00e9e contre l\u2019effraction et le masquage. Si quelqu&#039;un tente de falsifier l&#039;appareil, une alarme est d\u00e9clench\u00e9e, garantissant que toute tentative non autoris\u00e9e de retrait ou de falsification de l&#039;appareil est imm\u00e9diatement d\u00e9tect\u00e9e.<\/li>\n<li><strong>Utilisation flexible avec plusieurs codes utilisateurs :<\/strong><br \/>\nIl prend en charge jusqu&#039;\u00e0 200 cartes d&#039;acc\u00e8s ou porte-cl\u00e9s et jusqu&#039;\u00e0 99 codes d&#039;utilisateur, ce qui le rend id\u00e9al pour les petits et grands \u00e9tablissements. Pour plus de s\u00e9curit\u00e9, un code d&#039;urgence peut \u00eatre utilis\u00e9 pour d\u00e9sarmer silencieusement le syst\u00e8me sans r\u00e9v\u00e9ler l&#039;identit\u00e9 de l&#039;utilisateur.<\/li>\n<li><strong>Alarme silencieuse et communication bidirectionnelle\u00a0:<\/strong><br \/>\nKeyPad Plus permet l&#039;activation silencieuse de l&#039;alarme en cas de besoin, permettant ainsi de d\u00e9sarmer l&#039;alarme sans alerter un intrus. Toutes les alarmes et changements sont enregistr\u00e9s dans le journal des \u00e9v\u00e9nements du syst\u00e8me et peuvent \u00eatre surveill\u00e9s via l&#039;application Ajax. La communication entre l&#039;appareil et le hub s&#039;effectue via le protocole s\u00e9curis\u00e9 Jeweler, qui garantit que tous les transferts de donn\u00e9es sont crypt\u00e9s et prot\u00e9g\u00e9s contre le piratage.<\/li>\n<\/ol>\n<p><strong>Sp\u00e9cifications techniques\u00a0:<\/strong><\/p>\n<ul>\n<li><strong>Compatibilit\u00e9:<\/strong> Hub 2, Hub 2 Plus, Hub hybride, Hub Plus<\/li>\n<li><strong>Alimentation\u00a0:<\/strong> 4 piles au lithium AA, jusqu&#039;\u00e0 4,5 ans d&#039;autonomie<\/li>\n<li><strong>Plage de temp\u00e9rature\u00a0:<\/strong> -10\u00b0C \u00e0 +40\u00b0C<\/li>\n<li><strong>Communication:<\/strong> Protocole radio bijoutier, port\u00e9e jusqu&#039;\u00e0 1700 m sans obstacles<\/li>\n<li><strong>Protection:<\/strong> Anti-sabotage et authentification contre les utilisations non autoris\u00e9es<\/li>\n<li><strong>Mesure:<\/strong> 165 \u00d7 113 \u00d7 20 mm<\/li>\n<li><strong>Poids:<\/strong> 267 g<\/li>\n<li><strong>Attestation\u00a0:<\/strong> EN 50131, certifi\u00e9 CE<\/li>\n<li><strong>Caract\u00e9ristiques:<\/strong> Contr\u00f4le d&#039;alarme, mode nuit, communication bidirectionnelle, lecture de la carte d&#039;acc\u00e8s et du porte-cl\u00e9s<\/li>\n<\/ul>","protected":false},"excerpt":{"rendered":"<p>Ajax KeyPad Plus est une centrale sans fil avec lecteur RFID DESFire pour une gestion simple et s\u00fbre de votre alarme.<\/p>\n<p>Il offre un acc\u00e8s sans contact via des cartes d&#039;acc\u00e8s et des porte-cl\u00e9s, avec le plus haut niveau de s\u00e9curit\u00e9 gr\u00e2ce \u00e0 une technologie de cryptage avanc\u00e9e.<\/p>\n<p>Parfait pour la maison et l&#039;entreprise.<\/p>","protected":false},"featured_media":155502,"template":"","meta":{"_acf_changed":false},"product_brand":[],"product_cat":[3164,1319],"product_tag":[3127,2137,4863],"class_list":{"0":"post-69895","1":"product","2":"type-product","3":"status-publish","4":"has-post-thumbnail","6":"product_cat-larmstyrning","7":"product_cat-ajax-larm","8":"product_tag-kontrollprodukt","9":"product_tag-lager-ajax","10":"product_tag-pf","11":"pa_ajax-tradlosa-larm-knapssats-manoverpanel","12":"pa_brands-ajax-systems","13":"pa_color-vit","14":"pa_farg-vit","15":"tm-no-options","17":"first","18":"instock","19":"sale","20":"featured","21":"taxable","22":"shipping-taxable","23":"purchasable","24":"product-type-simple"},"acf":[],"_links":{"self":[{"href":"https:\/\/secureus.se\/fr\/wp-json\/wp\/v2\/product\/69895","targetHints":{"allow":["GET"]}}],"collection":[{"href":"https:\/\/secureus.se\/fr\/wp-json\/wp\/v2\/product"}],"about":[{"href":"https:\/\/secureus.se\/fr\/wp-json\/wp\/v2\/types\/product"}],"wp:featuredmedia":[{"embeddable":true,"href":"https:\/\/secureus.se\/fr\/wp-json\/wp\/v2\/media\/155502"}],"wp:attachment":[{"href":"https:\/\/secureus.se\/fr\/wp-json\/wp\/v2\/media?parent=69895"}],"wp:term":[{"taxonomy":"product_brand","embeddable":true,"href":"https:\/\/secureus.se\/fr\/wp-json\/wp\/v2\/product_brand?post=69895"},{"taxonomy":"product_cat","embeddable":true,"href":"https:\/\/secureus.se\/fr\/wp-json\/wp\/v2\/product_cat?post=69895"},{"taxonomy":"product_tag","embeddable":true,"href":"https:\/\/secureus.se\/fr\/wp-json\/wp\/v2\/product_tag?post=69895"}],"curies":[{"name":"wp","href":"https:\/\/api.w.org\/{rel}","templated":true}]}}