{"id":69902,"date":"2022-11-28T11:05:22","date_gmt":"2022-11-28T10:05:22","guid":{"rendered":"https:\/\/secureus.se\/produkt\/magnetkontakt-extern-ingang-tradlos-svart\/"},"modified":"2026-03-19T18:43:21","modified_gmt":"2026-03-19T17:43:21","slug":"ajax-doorprotect-extern-ingang-svart","status":"publish","type":"product","link":"https:\/\/secureus.se\/fr\/ajax-doorprotect-extern-ingang-svart\/","title":{"rendered":"Ajax DoorProtect Contact magn\u00e9tique Capteur de porte Noir"},"content":{"rendered":"<h3><strong>Ajax DoorProtect Capteur de porte \u00e0 contact magn\u00e9tique<\/strong> est un capteur d&#039;ouverture sans fil de haute qualit\u00e9 utilis\u00e9 pour d\u00e9tecter rapidement les intrusions \u00e0 travers les portes et fen\u00eatres.<\/h3>\n<p>Lorsqu&#039;une porte ou une fen\u00eatre est ouverte, le capteur envoie imm\u00e9diatement un signal \u00e0 votre syst\u00e8me de s\u00e9curit\u00e9 Ajax, d\u00e9clenchant une alarme et une notification imm\u00e9diate \u00e0 l&#039;utilisateur.<\/p>\n<p>DoorProtect est sp\u00e9cialement con\u00e7u pour \u00eatre facilement int\u00e9gr\u00e9 \u00e0 votre syst\u00e8me de s\u00e9curit\u00e9 Ajax. Il est id\u00e9al pour une installation sur tous les types de portes, y compris les portes \u00e0 cadre m\u00e9tallique.<\/p>\n<p>Le d\u00e9tecteur utilise un champ magn\u00e9tique pour d\u00e9tecter les ouvertures et s&#039;\u00e9teint lorsque la porte est ferm\u00e9e.<\/p>\n<h3>Caract\u00e9ristiques et avantages\u00a0:<\/h3>\n<ul>\n<li><strong>Haute s\u00e9curit\u00e9 avec authentification :<\/strong> DoorProtect dispose d&#039;une authentification int\u00e9gr\u00e9e pour emp\u00eacher tout acc\u00e8s non autoris\u00e9 et toute falsification de signaux, ce qui le rend hautement s\u00e9curis\u00e9.<\/li>\n<li><strong>D\u00e9tection de brouillage\u00a0:<\/strong> Il est \u00e9quip\u00e9 d&#039;une fonction capable de d\u00e9tecter les interf\u00e9rences et les signaux bloqu\u00e9s, ce qui prot\u00e8ge le syst\u00e8me contre les tentatives de sabotage.<\/li>\n<li><strong>Anti-effraction\u00a0:<\/strong> Si quelqu&#039;un tente de manipuler le capteur ou de le retirer de son emplacement de montage, une alarme anti-intrusion est activ\u00e9e pour alerter imm\u00e9diatement l&#039;utilisateur.<\/li>\n<li><strong>Contacts externes :<\/strong> Une entr\u00e9e externe permet de connecter des d\u00e9tecteurs tiers, ce qui augmente la flexibilit\u00e9 du syst\u00e8me.<\/li>\n<li><strong>Longue dur\u00e9e de vie de la batterie\u00a0:<\/strong> Gr\u00e2ce \u00e0 une gestion efficace de la batterie, DoorProtect peut continuer \u00e0 fonctionner jusqu&#039;\u00e0 7 ans sans changer la batterie, r\u00e9duisant ainsi la maintenance et les temps d&#039;arr\u00eat.<\/li>\n<li><strong>Installation facile :<\/strong> Le capteur est facile \u00e0 installer et gr\u00e2ce au panneau de montage SmartBracket inclus, il est rapide et facile \u00e0 installer sans avoir \u00e0 d\u00e9monter aucune partie du d\u00e9tecteur.<\/li>\n<li><strong>D\u00e9tection magn\u00e9tique :<\/strong> Utilisant des interrupteurs \u00e0 lames de qualit\u00e9 fabriqu\u00e9s au Royaume-Uni, DoorProtect r\u00e9agit aux changements du champ magn\u00e9tique et signale l&#039;ouverture de la porte ou de la fen\u00eatre.<\/li>\n<li><strong>Haute compatibilit\u00e9 :<\/strong> Fonctionne de mani\u00e8re transparente avec tous les hubs et prolongateurs de port\u00e9e Ajax, vous offrant une connexion stable et une alarme fiable.<\/li>\n<\/ul>\n<h3>Sp\u00e9cifications techniques\u00a0:<\/h3>\n<ul>\n<li><strong>Classification:<\/strong> D\u00e9tecteur de s\u00e9curit\u00e9 \u00e0 canal radio magn\u00e9tique et \u00e0 contact.<\/li>\n<li><strong>Alimentation\u00a0:<\/strong> Pile CR123A (3 V).<\/li>\n<li><strong>Autonomie de la batterie\u00a0:<\/strong> Jusqu&#039;\u00e0 7 ans.<\/li>\n<li><strong>Espace communication :<\/strong> Jusqu&#039;\u00e0 1 200 milles de terrain ouvert.<\/li>\n<li><strong>Plage de temp\u00e9rature\u00a0:<\/strong> De -10\u00b0C \u00e0 +40\u00b0C.<\/li>\n<li><strong>Humidit\u00e9:<\/strong> Jusqu&#039;\u00e0 75%.<\/li>\n<li><strong>Classe de protection\u00a0:<\/strong> IP50.<\/li>\n<li><strong>Mesure:<\/strong> \u00d820 \u00d7 90 mm.<\/li>\n<li><strong>Poids:<\/strong> 29 g.<\/li>\n<li><strong>Garantie:<\/strong> 24 mois \u00e0 compter de la date de vente (les batteries ne sont pas couvertes par la garantie).<\/li>\n<\/ul>\n<p><strong>Le forfait comprend :<\/strong><\/p>\n<ul>\n<li>Capteur d&#039;ouverture DoorProtect<\/li>\n<li>Panneau de montage SmartBracket<\/li>\n<li>Deux aimants (grand et petit)<\/li>\n<li>Pile CR123A (pr\u00e9install\u00e9e)<\/li>\n<li>Contact externe<\/li>\n<li>Kit d&#039;installation<\/li>\n<li>Manuel d&#039;utilisation<\/li>\n<\/ul>","protected":false},"excerpt":{"rendered":"<p>Ajax DoorProtect est un capteur d&#039;ouverture sans fil pour portes et fen\u00eatres, qui fournit des notifications imm\u00e9diates d\u00e8s les premiers signes d&#039;intrusion.<\/p>\n<p>Le capteur est facile \u00e0 installer et offre une longue dur\u00e9e de vie de la batterie, ce qui en fait un choix fiable pour les particuliers et les entreprises.<\/p>\n<p>Avec un connecteur externe pour les d\u00e9tecteurs tiers et une authentification avanc\u00e9e, une s\u00e9curit\u00e9 et une fiabilit\u00e9 \u00e9lev\u00e9es sont assur\u00e9es.<\/p>","protected":false},"featured_media":155460,"template":"","meta":{"_acf_changed":false},"product_brand":[],"product_cat":[3160,1319,3161],"product_tag":[3152,3127,2137,4863],"class_list":{"0":"post-69902","1":"product","2":"type-product","3":"status-publish","4":"has-post-thumbnail","6":"product_cat-skalskydd","7":"product_cat-ajax-larm","8":"product_cat-dorrbrytare","9":"product_tag-cr123-tillbehor","10":"product_tag-kontrollprodukt","11":"product_tag-lager-ajax","12":"product_tag-pf","13":"product_shipping_class-postnord-varubrev","14":"pa_ajax-tradlosa-larm-magnetkontakter","15":"pa_brands-ajax-systems","16":"pa_color-svart","17":"pa_farg-svart","18":"tm-no-options","20":"first","21":"instock","22":"sale","23":"featured","24":"taxable","25":"shipping-taxable","26":"purchasable","27":"product-type-simple"},"acf":[],"_links":{"self":[{"href":"https:\/\/secureus.se\/fr\/wp-json\/wp\/v2\/product\/69902","targetHints":{"allow":["GET"]}}],"collection":[{"href":"https:\/\/secureus.se\/fr\/wp-json\/wp\/v2\/product"}],"about":[{"href":"https:\/\/secureus.se\/fr\/wp-json\/wp\/v2\/types\/product"}],"wp:featuredmedia":[{"embeddable":true,"href":"https:\/\/secureus.se\/fr\/wp-json\/wp\/v2\/media\/155460"}],"wp:attachment":[{"href":"https:\/\/secureus.se\/fr\/wp-json\/wp\/v2\/media?parent=69902"}],"wp:term":[{"taxonomy":"product_brand","embeddable":true,"href":"https:\/\/secureus.se\/fr\/wp-json\/wp\/v2\/product_brand?post=69902"},{"taxonomy":"product_cat","embeddable":true,"href":"https:\/\/secureus.se\/fr\/wp-json\/wp\/v2\/product_cat?post=69902"},{"taxonomy":"product_tag","embeddable":true,"href":"https:\/\/secureus.se\/fr\/wp-json\/wp\/v2\/product_tag?post=69902"}],"curies":[{"name":"wp","href":"https:\/\/api.w.org\/{rel}","templated":true}]}}