{"id":70923,"date":"2023-01-04T15:30:01","date_gmt":"2023-01-04T14:30:01","guid":{"rendered":"https:\/\/secureus.se\/produkt\/kameradetektor-pir-x95-inomhus-med-ir-ljus-for-morker\/"},"modified":"2025-12-31T20:41:50","modified_gmt":"2025-12-31T19:41:50","slug":"risco-2-vags-rorelsedetektor-med-kamera","status":"publish","type":"product","link":"https:\/\/secureus.se\/fr\/risco-2-vags-rorelsedetektor-med-kamera\/","title":{"rendered":"Risco D\u00e9tecteur de mouvement bidirectionnel avec cam\u00e9ra"},"content":{"rendered":"<h1>Risco D\u00e9tecteur de mouvement bidirectionnel avec cam\u00e9ra<\/h1>\n<div class=\"lobby-row even\">\n<div class=\"lobby-cols lobby-cols-1\">\n<div class=\"lobby-col\">\n<p data-start=\"492\" data-end=\"911\">Le d\u00e9tecteur de mouvement bidirectionnel RISCO avec cam\u00e9ra Agility WiComm Pro (mod. RWX95CM8000 C) est une solution de s\u00e9curit\u00e9 avanc\u00e9e qui combine la d\u00e9tection de mouvement avec la technologie de cam\u00e9ra pour offrir une v\u00e9rification d&#039;alarme am\u00e9lior\u00e9e.<\/p>\n<p data-start=\"492\" data-end=\"911\">Ce d\u00e9tecteur infrarouge passif (PIR) sans fil dispose d&#039;une cam\u00e9ra int\u00e9gr\u00e9e, permettant \u00e0 l&#039;utilisateur de recevoir des images sur son smartphone ou sur le Web via le serveur RISCO Cloud lorsqu&#039;une intrusion est d\u00e9tect\u00e9e.<\/p>\n<p data-start=\"913\" data-end=\"1359\">Le d\u00e9tecteur de cam\u00e9ra innovant permet aux utilisateurs de recevoir des images en temps r\u00e9el en cas d&#039;intrusion ou sur demande de l&#039;utilisateur.<\/p>\n<p data-start=\"913\" data-end=\"1359\">Les images sont envoy\u00e9es via une communication IP au serveur RISCO Cloud et sont accessibles via l&#039;application iRISCO de RISCO ou le Web.<\/p>\n<p data-start=\"913\" data-end=\"1359\">Cette fonction permet \u00e0 l&#039;utilisateur de surveiller son alarme et de v\u00e9rifier ce qui se passe en cas d&#039;intrusion \u00e9ventuelle.<\/p>\n<p data-start=\"913\" data-end=\"1359\">Toutes les images sont \u00e9galement enregistr\u00e9es sur le Cloud RISCO pour une analyse ult\u00e9rieure et un examen de s\u00e9curit\u00e9.<\/p>\n<p data-start=\"1361\" data-end=\"1732\">L\u2019une de ses caract\u00e9ristiques les plus importantes est sa d\u00e9tection de mouvement, compl\u00e9t\u00e9e par un traitement intelligent du signal pour minimiser les fausses alarmes.<\/p>\n<p data-start=\"1361\" data-end=\"1732\">Le d\u00e9tecteur de cam\u00e9ra est \u00e9quip\u00e9 d&#039;une protection sp\u00e9ciale pour le capteur afin d&#039;\u00e9viter les fausses alarmes d&#039;insectes et d&#039;une lentille avec pigment pour prot\u00e9ger contre la lumi\u00e8re blanche.<\/p>\n<p data-start=\"1361\" data-end=\"1732\">Cela le rend fiable et pr\u00e9cis m\u00eame dans des conditions difficiles.<\/p>\n<p data-start=\"1734\" data-end=\"2015\">Il est \u00e9galement \u00e9quip\u00e9 d&#039;une protection anti-effraction, qui emp\u00eache son retrait de sa surface de montage.<\/p>\n<p data-start=\"1734\" data-end=\"2015\">Pour permettre une surveillance dans l&#039;obscurit\u00e9 totale, la cam\u00e9ra dispose d&#039;une lumi\u00e8re IR invisible qui permet une surveillance jusqu&#039;\u00e0 10 m\u00e8tres de distance, ce qui la rend id\u00e9ale pour une utilisation nocturne.<\/p>\n<p data-start=\"2017\" data-end=\"2346\">Le d\u00e9tecteur de mouvement bidirectionnel RISCO avec cam\u00e9ra Agility WiComm Pro est compatible avec plusieurs syst\u00e8mes RISCO tels qu&#039;Agility3 et offre une installation flexible dans un coin ou \u00e0 plat sur le mur.<\/p>\n<p data-start=\"2017\" data-end=\"2346\">Il utilise deux canaux radio distincts pour assurer une transmission s\u00e9curis\u00e9e des images et des alarmes, ce qui rend le syst\u00e8me tr\u00e8s robuste et fiable.<\/p>\n<p data-start=\"2348\" data-end=\"2378\"><strong data-start=\"2348\" data-end=\"2376\">Caract\u00e9ristiques principales :<\/strong><\/p>\n<ul data-start=\"2379\" data-end=\"2985\">\n<li data-start=\"2379\" data-end=\"2420\">\n<p data-start=\"2381\" data-end=\"2420\"><strong data-start=\"2381\" data-end=\"2396\">R\u00e9solution:<\/strong> Images VGA ou QVGA<\/p>\n<\/li>\n<li data-start=\"2421\" data-end=\"2470\">\n<p data-start=\"2423\" data-end=\"2470\"><strong data-start=\"2423\" data-end=\"2446\">Angle de vue :<\/strong> 12 m x 12 m (40 pi x 40 pi)<\/p>\n<\/li>\n<li data-start=\"2471\" data-end=\"2536\">\n<p data-start=\"2473\" data-end=\"2536\"><strong data-start=\"2473\" data-end=\"2482\">Hauteur:<\/strong> Hauteur de montage de 2,2 m \u00e0 2,5 m (7 pi \u00e0 8 pi)<\/p>\n<\/li>\n<li data-start=\"2537\" data-end=\"2583\">\n<p data-start=\"2539\" data-end=\"2583\"><strong data-start=\"2539\" data-end=\"2551\">Batterie:<\/strong> 2 piles au lithium CR123, 3 V<\/p>\n<\/li>\n<li data-start=\"2584\" data-end=\"2623\">\n<p data-start=\"2586\" data-end=\"2623\"><strong data-start=\"2586\" data-end=\"2607\">Consommation d&#039;\u00e9nergie\u00a0:<\/strong> 16 \u00b5A en veille<\/p>\n<\/li>\n<li data-start=\"2624\" data-end=\"2676\">\n<p data-start=\"2626\" data-end=\"2676\"><strong data-start=\"2626\" data-end=\"2639\">Port\u00e9e:<\/strong> Lumi\u00e8re IR invisible jusqu&#039;\u00e0 10 m\u00e8tres<\/p>\n<\/li>\n<li data-start=\"2677\" data-end=\"2751\">\n<p data-start=\"2679\" data-end=\"2751\"><strong data-start=\"2679\" data-end=\"2694\">Caract\u00e9ristiques:<\/strong> Microphone int\u00e9gr\u00e9, jour\/nuit, protection PIR, stockage sur carte SD<\/p>\n<\/li>\n<li data-start=\"2752\" data-end=\"2832\">\n<p data-start=\"2754\" data-end=\"2832\"><strong data-start=\"2754\" data-end=\"2773\">Compatibilit\u00e9:<\/strong> Syst\u00e8me Agility3, Wicomm Pro, ProSYS Plus V1.4, LightSYS+<\/p>\n<\/li>\n<li data-start=\"2833\" data-end=\"2881\">\n<p data-start=\"2835\" data-end=\"2881\"><strong data-start=\"2835\" data-end=\"2854\">Classe de s\u00e9curit\u00e9 :<\/strong> Classe 3 pour une s\u00e9curit\u00e9 \u00e9lev\u00e9e<\/p>\n<\/li>\n<li data-start=\"2882\" data-end=\"2944\">\n<p data-start=\"2884\" data-end=\"2944\"><strong data-start=\"2884\" data-end=\"2908\">Plage de temp\u00e9rature\u00a0:<\/strong> -10\u00b0C \u00e0 40\u00b0C (14\u00b0F \u00e0 104\u00b0F)<\/p>\n<\/li>\n<li data-start=\"2945\" data-end=\"2985\">\n<p data-start=\"2947\" data-end=\"2985\"><strong data-start=\"2947\" data-end=\"2964\">Indice IP\u00a0:<\/strong> IP65 pour une utilisation en ext\u00e9rieur<\/p>\n<\/li>\n<\/ul>\n<p data-start=\"2987\" data-end=\"3018\"><strong data-start=\"2987\" data-end=\"3016\">Sp\u00e9cifications techniques\u00a0:<\/strong><\/p>\n<ul data-start=\"3019\" data-end=\"3343\">\n<li data-start=\"3019\" data-end=\"3047\">\n<p data-start=\"3021\" data-end=\"3047\"><strong data-start=\"3021\" data-end=\"3036\">R\u00e9solution:<\/strong> VGA\/QVGA<\/p>\n<\/li>\n<li data-start=\"3048\" data-end=\"3089\">\n<p data-start=\"3050\" data-end=\"3089\"><strong data-start=\"3050\" data-end=\"3063\">Fr\u00e9quence:<\/strong> 868,65 MHz \/ 433,92 MHz<\/p>\n<\/li>\n<li data-start=\"3090\" data-end=\"3134\">\n<p data-start=\"3092\" data-end=\"3134\"><strong data-start=\"3092\" data-end=\"3102\">Actuel:<\/strong> Piles au lithium 3V (2x CR123)<\/p>\n<\/li>\n<li data-start=\"3135\" data-end=\"3192\">\n<p data-start=\"3137\" data-end=\"3192\"><strong data-start=\"3137\" data-end=\"3152\">Caract\u00e9ristiques:<\/strong> Immunit\u00e9 aux animaux de compagnie jusqu&#039;\u00e0 36 kg (80 lb)<\/p>\n<\/li>\n<li data-start=\"3193\" data-end=\"3277\">\n<p data-start=\"3195\" data-end=\"3277\"><strong data-start=\"3195\" data-end=\"3210\">Cha\u00eene radio :<\/strong> Double canal radio pour une transmission d&#039;images s\u00e9curis\u00e9e et une communication d&#039;alarme<\/p>\n<\/li>\n<li data-start=\"3278\" data-end=\"3343\">\n<p data-start=\"3280\" data-end=\"3343\"><strong data-start=\"3280\" data-end=\"3295\">Autonomie de la batterie\u00a0:<\/strong> Dur\u00e9e de vie jusqu&#039;\u00e0 3 ans selon l&#039;utilisation<\/p>\n<\/li>\n<\/ul>\n<\/div>\n<\/div>\n<\/div>","protected":false},"excerpt":{"rendered":"<p>D\u00e9tecteur de mouvement bidirectionnel RISCO avec Camera Agility WiComm Pro est un d\u00e9tecteur de cam\u00e9ra PIR sans fil qui envoie des images en cas d&#039;intrusion ou sur demande.<\/p>\n<p>Il offre une transmission d&#039;images s\u00e9curis\u00e9e via RISCO Cloud, permettant \u00e0 l&#039;utilisateur de surveiller son alarme en temps r\u00e9el via smartphone ou le Web.<\/p>","protected":false},"featured_media":141848,"template":"","meta":{"_acf_changed":false},"product_brand":[],"product_cat":[3188,2731],"product_tag":[2426],"class_list":{"0":"post-70923","1":"product","2":"type-product","3":"status-publish","4":"has-post-thumbnail","6":"product_cat-larmenheter-risco-larm","7":"product_cat-risco-larm","8":"product_tag-rel-risco","9":"product_shipping_class-postnord-varubrev","10":"pa_brands-4risco","11":"tm-no-options","13":"first","14":"instock","15":"sale","16":"featured","17":"taxable","18":"shipping-taxable","19":"purchasable","20":"product-type-simple"},"acf":[],"_links":{"self":[{"href":"https:\/\/secureus.se\/fr\/wp-json\/wp\/v2\/product\/70923","targetHints":{"allow":["GET"]}}],"collection":[{"href":"https:\/\/secureus.se\/fr\/wp-json\/wp\/v2\/product"}],"about":[{"href":"https:\/\/secureus.se\/fr\/wp-json\/wp\/v2\/types\/product"}],"wp:featuredmedia":[{"embeddable":true,"href":"https:\/\/secureus.se\/fr\/wp-json\/wp\/v2\/media\/141848"}],"wp:attachment":[{"href":"https:\/\/secureus.se\/fr\/wp-json\/wp\/v2\/media?parent=70923"}],"wp:term":[{"taxonomy":"product_brand","embeddable":true,"href":"https:\/\/secureus.se\/fr\/wp-json\/wp\/v2\/product_brand?post=70923"},{"taxonomy":"product_cat","embeddable":true,"href":"https:\/\/secureus.se\/fr\/wp-json\/wp\/v2\/product_cat?post=70923"},{"taxonomy":"product_tag","embeddable":true,"href":"https:\/\/secureus.se\/fr\/wp-json\/wp\/v2\/product_tag?post=70923"}],"curies":[{"name":"wp","href":"https:\/\/api.w.org\/{rel}","templated":true}]}}