{"id":70929,"date":"2023-01-04T16:17:15","date_gmt":"2023-01-04T15:17:15","guid":{"rendered":"https:\/\/secureus.se\/produkt\/123493155\/"},"modified":"2025-12-31T20:42:04","modified_gmt":"2025-12-31T19:42:04","slug":"123493155","status":"publish","type":"product","link":"https:\/\/secureus.se\/fr\/123493155\/","title":{"rendered":"Boite Classique JB701 \u2013 5 vis + 2 pour falsification"},"content":{"rendered":"<p>Bo\u00eete de connexion pour alarme. Trou d\u00e9fon\u00e7able pour c\u00e2ble.<\/p>\n<p>Sp\u00e9cifications techniques<\/p>\n<p>Nombre de bornes : 5 + 2 anti-sabotage<\/p>\n<p>Installation\u00a0: Montage en surface<\/p>\n<p>Mat\u00e9riau\/bo\u00eetier\u00a0: plastique<\/p>\n<p>Couleur: Blanc<\/p>\n<p>Dimensions : 80x18x24mm<\/p>","protected":false},"excerpt":{"rendered":"<p>Coffret d&#039;alarme \u2013 Coffret d&#039;alarme \u2013 Bo\u00eete de jonction 5 vis + 2 pour sabotage<\/p>","protected":false},"featured_media":140743,"template":"","meta":{"_acf_changed":false},"product_brand":[],"product_cat":[1545],"product_tag":[2421,2958],"class_list":{"0":"post-70929","1":"product","2":"type-product","3":"status-publish","4":"has-post-thumbnail","6":"product_cat-kopplingsdosa-larmdosa","7":"product_tag-rel-installationstillbehor","8":"product_tag-stonehouse-produkt","9":"product_shipping_class-postnord-varubrev","10":"pa_brands-stonehouse-security","11":"tm-no-options","13":"first","14":"onbackorder","15":"sale","16":"featured","17":"taxable","18":"shipping-taxable","19":"purchasable","20":"product-type-simple"},"acf":[],"_links":{"self":[{"href":"https:\/\/secureus.se\/fr\/wp-json\/wp\/v2\/product\/70929","targetHints":{"allow":["GET"]}}],"collection":[{"href":"https:\/\/secureus.se\/fr\/wp-json\/wp\/v2\/product"}],"about":[{"href":"https:\/\/secureus.se\/fr\/wp-json\/wp\/v2\/types\/product"}],"wp:featuredmedia":[{"embeddable":true,"href":"https:\/\/secureus.se\/fr\/wp-json\/wp\/v2\/media\/140743"}],"wp:attachment":[{"href":"https:\/\/secureus.se\/fr\/wp-json\/wp\/v2\/media?parent=70929"}],"wp:term":[{"taxonomy":"product_brand","embeddable":true,"href":"https:\/\/secureus.se\/fr\/wp-json\/wp\/v2\/product_brand?post=70929"},{"taxonomy":"product_cat","embeddable":true,"href":"https:\/\/secureus.se\/fr\/wp-json\/wp\/v2\/product_cat?post=70929"},{"taxonomy":"product_tag","embeddable":true,"href":"https:\/\/secureus.se\/fr\/wp-json\/wp\/v2\/product_tag?post=70929"}],"curies":[{"name":"wp","href":"https:\/\/api.w.org\/{rel}","templated":true}]}}