{"id":70933,"date":"2023-01-04T16:26:06","date_gmt":"2023-01-04T15:26:06","guid":{"rendered":"https:\/\/secureus.se\/produkt\/oppnaknapp-touch-exklusive-svart-abs-plast\/"},"modified":"2026-02-13T11:54:31","modified_gmt":"2026-02-13T10:54:31","slug":"oppnaknapp-touch-exklusive-svart-abs-plast","status":"publish","type":"product","link":"https:\/\/secureus.se\/fr\/oppnaknapp-touch-exklusive-svart-abs-plast\/","title":{"rendered":"Bouton tactile noir \u2013 Sensible au toucher 12\u201324 V, IP65"},"content":{"rendered":"<p data-start=\"796\" data-end=\"1100\"><strong data-start=\"796\" data-end=\"834\">Bouton Ouvrir Toucher Noir \u2013<\/strong>\u00a0est un bouton d&#039;ouverture \u00e9lectronique tactile con\u00e7u pour les environnements professionnels de contr\u00f4le d&#039;acc\u00e8s et de portes.<br data-start=\"943\" data-end=\"946\" \/>Le bouton s&#039;active par une l\u00e9g\u00e8re pression du doigt et fonctionne \u00e0 la fois <strong data-start=\"1007\" data-end=\"1021\">ind\u00e9pendant<\/strong> et <strong data-start=\"1026\" data-end=\"1057\">connect\u00e9 \u00e0 un contr\u00f4leur<\/strong> permettre l&#039;ouverture depuis des zones s\u00e9curis\u00e9es.<\/p>\n<p data-start=\"1102\" data-end=\"1362\">Gr\u00e2ce \u00e0 son <strong data-start=\"1116\" data-end=\"1154\">Conception compacte et indice de protection IP65<\/strong> Il est id\u00e9al pour une utilisation aussi bien int\u00e9rieure qu&#039;ext\u00e9rieure.<br data-start=\"1205\" data-end=\"1208\" \/>Le mod\u00e8le est fabriqu\u00e9 en <strong data-start=\"1233\" data-end=\"1256\">plastique ABS r\u00e9sistant aux chocs<\/strong>, avec <strong data-start=\"1262\" data-end=\"1285\">\u00e9lectronique moul\u00e9e<\/strong> et <strong data-start=\"1290\" data-end=\"1308\">remplissage en r\u00e9sine<\/strong> pour une protection suppl\u00e9mentaire contre l&#039;humidit\u00e9, la poussi\u00e8re et les surtensions.<\/p>\n<p data-start=\"1364\" data-end=\"1594\"><strong data-start=\"1364\" data-end=\"1384\">L&#039;indication LED<\/strong> alterne entre le rouge (veille) et le vert (activ\u00e9), et un <strong data-start=\"1443\" data-end=\"1465\">son de buzzer int\u00e9gr\u00e9<\/strong> fournit un retour d&#039;information clair lors de l&#039;activation.<br data-start=\"1501\" data-end=\"1504\" \/>MTTBK peut \u00eatre utilis\u00e9 dans <strong data-start=\"1525\" data-end=\"1550\">mode impulsionnel ou \u00e0 verrouillage<\/strong>, qui se r\u00e8gle via des commutateurs DIP situ\u00e9s \u00e0 l&#039;arri\u00e8re.<\/p>\n<hr data-start=\"1596\" data-end=\"1599\" \/>\n<h3 data-start=\"1601\" data-end=\"1636\"><strong data-start=\"1608\" data-end=\"1636\">Sp\u00e9cifications techniques<\/strong><\/h3>\n<div class=\"_tableContainer_1rjym_1\">\n<div class=\"group _tableWrapper_1rjym_13 flex w-fit flex-col-reverse\">\n<table class=\"w-fit min-w-(--thread-content-width)\" data-start=\"1637\" data-end=\"2236\">\n<thead data-start=\"1637\" data-end=\"1657\">\n<tr data-start=\"1637\" data-end=\"1657\">\n<th data-start=\"1637\" data-end=\"1648\" data-col-size=\"sm\">Propri\u00e9t\u00e9<\/th>\n<th data-start=\"1648\" data-end=\"1657\" data-col-size=\"md\">Valeur<\/th>\n<\/tr>\n<\/thead>\n<tbody data-start=\"1681\" data-end=\"2236\">\n<tr data-start=\"1681\" data-end=\"1703\">\n<td data-start=\"1681\" data-end=\"1690\" data-col-size=\"sm\">Mod\u00e8le<\/td>\n<td data-start=\"1690\" data-end=\"1703\" data-col-size=\"md\">XPR MTTBK<\/td>\n<\/tr>\n<tr data-start=\"1704\" data-end=\"1728\">\n<td data-start=\"1704\" data-end=\"1715\" data-col-size=\"sm\">Mat\u00e9riel<\/td>\n<td data-col-size=\"md\" data-start=\"1715\" data-end=\"1728\">Plastique ABS<\/td>\n<\/tr>\n<tr data-start=\"1729\" data-end=\"1745\">\n<td data-start=\"1729\" data-end=\"1736\" data-col-size=\"sm\">Peinture<\/td>\n<td data-col-size=\"md\" data-start=\"1736\" data-end=\"1745\">Noir<\/td>\n<\/tr>\n<tr data-start=\"1746\" data-end=\"1784\">\n<td data-start=\"1746\" data-end=\"1757\" data-col-size=\"sm\">Tension<\/td>\n<td data-start=\"1757\" data-end=\"1784\" data-col-size=\"md\">12-24 V CC \/ 15-24 V CA<\/td>\n<\/tr>\n<tr data-start=\"1785\" data-end=\"1818\">\n<td data-start=\"1785\" data-end=\"1804\" data-col-size=\"sm\">Consommation d&#039;\u00e9nergie<\/td>\n<td data-col-size=\"md\" data-start=\"1804\" data-end=\"1818\">max. 65 mA<\/td>\n<\/tr>\n<tr data-start=\"1819\" data-end=\"1877\">\n<td data-start=\"1819\" data-end=\"1832\" data-col-size=\"sm\">Sortie relais<\/td>\n<td data-col-size=\"md\" data-start=\"1832\" data-end=\"1877\">NO \/ NC \/ C (2 A \u00e0 24 V CC ou 120 V CA)<\/td>\n<\/tr>\n<tr data-start=\"1878\" data-end=\"1934\">\n<td data-start=\"1878\" data-end=\"1891\" data-col-size=\"sm\">Indication<\/td>\n<td data-col-size=\"md\" data-start=\"1891\" data-end=\"1934\">LED \u2013 Rouge (mode veille) \/ Verte (activ\u00e9e)<\/td>\n<\/tr>\n<tr data-start=\"1935\" data-end=\"1975\">\n<td data-start=\"1935\" data-end=\"1948\" data-col-size=\"sm\">Signal sonore<\/td>\n<td data-col-size=\"md\" data-start=\"1948\" data-end=\"1975\">Oui, un buzzer retentit lorsqu&#039;on le touche.<\/td>\n<\/tr>\n<tr data-start=\"1976\" data-end=\"2038\">\n<td data-start=\"1976\" data-end=\"1987\" data-col-size=\"sm\">Fonction<\/td>\n<td data-col-size=\"md\" data-start=\"1987\" data-end=\"2038\">Mode impulsionnel ou \u00e0 verrouillage (3, 5, 10 s) via commutateur DIP<\/td>\n<\/tr>\n<tr data-start=\"2039\" data-end=\"2061\">\n<td data-start=\"2039\" data-end=\"2053\" data-col-size=\"sm\">Classe de protection<\/td>\n<td data-col-size=\"md\" data-start=\"2053\" data-end=\"2061\">IP65<\/td>\n<\/tr>\n<tr data-start=\"2062\" data-end=\"2088\">\n<td data-start=\"2062\" data-end=\"2069\" data-col-size=\"sm\">Mesure<\/td>\n<td data-col-size=\"md\" data-start=\"2069\" data-end=\"2088\">92 \u00d7 51 \u00d7 27 mm<\/td>\n<\/tr>\n<tr data-start=\"2089\" data-end=\"2105\">\n<td data-start=\"2089\" data-end=\"2096\" data-col-size=\"sm\">Poids<\/td>\n<td data-col-size=\"md\" data-start=\"2096\" data-end=\"2105\">130g<\/td>\n<\/tr>\n<tr data-start=\"2106\" data-end=\"2147\">\n<td data-start=\"2106\" data-end=\"2125\" data-col-size=\"sm\">Temp\u00e9rature de fonctionnement<\/td>\n<td data-col-size=\"md\" data-start=\"2125\" data-end=\"2147\">\u201320\u00b0C \u00e0 +50\u00b0C<\/td>\n<\/tr>\n<tr data-start=\"2148\" data-end=\"2202\">\n<td data-start=\"2148\" data-end=\"2164\" data-col-size=\"sm\">Humidit\u00e9<\/td>\n<td data-col-size=\"md\" data-start=\"2164\" data-end=\"2202\">Jusqu&#039;\u00e0 95 % (sans condensation)<\/td>\n<\/tr>\n<tr data-start=\"2203\" data-end=\"2236\">\n<td data-start=\"2203\" data-end=\"2216\" data-col-size=\"sm\">Certificat<\/td>\n<td data-col-size=\"md\" data-start=\"2216\" data-end=\"2236\">CE, RoHS2, RoHS3<\/td>\n<\/tr>\n<\/tbody>\n<\/table>\n<\/div>\n<\/div>\n<hr data-start=\"2238\" data-end=\"2241\" \/>\n<h3 data-start=\"2243\" data-end=\"2262\"><strong data-start=\"2250\" data-end=\"2262\">Avantages<\/strong><\/h3>\n<ul data-start=\"2263\" data-end=\"2601\">\n<li data-start=\"2263\" data-end=\"2331\">\n<p data-start=\"2265\" data-end=\"2331\">Enti\u00e8rement \u00e9lectronique, <strong data-start=\"2283\" data-end=\"2305\">aucune pi\u00e8ce mobile<\/strong> \u2192 dur\u00e9e de vie tr\u00e8s longue<\/p>\n<\/li>\n<li data-start=\"2332\" data-end=\"2382\">\n<p data-start=\"2334\" data-end=\"2382\"><strong data-start=\"2334\" data-end=\"2350\">Indice de protection IP65<\/strong> et prot\u00e9g\u00e9 contre l&#039;humidit\u00e9 et la poussi\u00e8re<\/p>\n<\/li>\n<li data-start=\"2383\" data-end=\"2425\">\n<p data-start=\"2385\" data-end=\"2425\">Peut \u00eatre mont\u00e9 au mur (sans encastrement)<\/p>\n<\/li>\n<li data-start=\"2426\" data-end=\"2480\">\n<p data-start=\"2428\" data-end=\"2480\">Retour visuel par LED (rouge\/vert) et indication sonore<\/p>\n<\/li>\n<li data-start=\"2481\" data-end=\"2537\">\n<p data-start=\"2483\" data-end=\"2537\">Convient pour <strong data-start=\"2495\" data-end=\"2535\">syst\u00e8mes de contr\u00f4le d&#039;acc\u00e8s nouveaux et existants<\/strong><\/p>\n<\/li>\n<li data-start=\"2538\" data-end=\"2601\">\n<p data-start=\"2540\" data-end=\"2601\">Design noir \u00e9l\u00e9gant avec symbole de fl\u00e8che pour une installation moderne<\/p>\n<\/li>\n<\/ul>\n<hr data-start=\"2603\" data-end=\"2606\" \/>\n<h3 data-start=\"2608\" data-end=\"2637\"><strong data-start=\"2615\" data-end=\"2637\">Domaines d&#039;utilisation<\/strong><\/h3>\n<ul data-start=\"2638\" data-end=\"2796\">\n<li data-start=\"2638\" data-end=\"2677\">\n<p data-start=\"2640\" data-end=\"2677\">Contr\u00f4le des portes dans les syst\u00e8mes de contr\u00f4le d&#039;acc\u00e8s<\/p>\n<\/li>\n<li data-start=\"2678\" data-end=\"2709\">\n<p data-start=\"2680\" data-end=\"2709\">Entr\u00e9es, portails et portes<\/p>\n<\/li>\n<li data-start=\"2710\" data-end=\"2752\">\n<p data-start=\"2712\" data-end=\"2752\">H\u00f4pitaux, bureaux, \u00e9coles et industries<\/p>\n<\/li>\n<li data-start=\"2753\" data-end=\"2796\">\n<p data-start=\"2755\" data-end=\"2796\">Panneaux d&#039;ascenseur et syst\u00e8mes de contr\u00f4le industriels<\/p>\n<\/li>\n<\/ul>","protected":false},"excerpt":{"rendered":"<p>Bouton d&#039;ouverture tactile en plastique ABS noir pour le contr\u00f4le d&#039;acc\u00e8s et la commande de porte.<br data-start=\"564\" data-end=\"567\" \/>Conception r\u00e9sistante au vandalisme et conforme \u00e0 la norme IP65.<br data-start=\"607\" data-end=\"610\" \/>S&#039;active par simple effleurement et fournit une indication visuelle (LED rouge\/verte).<br data-start=\"680\" data-end=\"683\" \/>Aliment\u00e9 en 12\u201324 V CC\/CA, compatible avec tous les contr\u00f4leurs standard (relais NO\/NC).<\/p>","protected":false},"featured_media":159134,"template":"","meta":{"_acf_changed":false},"product_brand":[],"product_cat":[4867],"product_tag":[3068,2958],"class_list":{"0":"post-70933","1":"product","2":"type-product","3":"status-publish","4":"has-post-thumbnail","6":"product_cat-oppnaknappar-kategorier","7":"product_tag-oppnaknapp-beroringsfria","8":"product_tag-stonehouse-produkt","9":"product_shipping_class-postnord-varubrev","10":"pa_brands-stonehouse-security","11":"tm-no-options","13":"first","14":"instock","15":"sale","16":"featured","17":"taxable","18":"shipping-taxable","19":"purchasable","20":"product-type-simple"},"acf":[],"_links":{"self":[{"href":"https:\/\/secureus.se\/fr\/wp-json\/wp\/v2\/product\/70933","targetHints":{"allow":["GET"]}}],"collection":[{"href":"https:\/\/secureus.se\/fr\/wp-json\/wp\/v2\/product"}],"about":[{"href":"https:\/\/secureus.se\/fr\/wp-json\/wp\/v2\/types\/product"}],"wp:featuredmedia":[{"embeddable":true,"href":"https:\/\/secureus.se\/fr\/wp-json\/wp\/v2\/media\/159134"}],"wp:attachment":[{"href":"https:\/\/secureus.se\/fr\/wp-json\/wp\/v2\/media?parent=70933"}],"wp:term":[{"taxonomy":"product_brand","embeddable":true,"href":"https:\/\/secureus.se\/fr\/wp-json\/wp\/v2\/product_brand?post=70933"},{"taxonomy":"product_cat","embeddable":true,"href":"https:\/\/secureus.se\/fr\/wp-json\/wp\/v2\/product_cat?post=70933"},{"taxonomy":"product_tag","embeddable":true,"href":"https:\/\/secureus.se\/fr\/wp-json\/wp\/v2\/product_tag?post=70933"}],"curies":[{"name":"wp","href":"https:\/\/api.w.org\/{rel}","templated":true}]}}