{"id":71565,"date":"2023-01-16T15:07:05","date_gmt":"2023-01-16T14:07:05","guid":{"rendered":"https:\/\/secureus.se\/?post_type=product&#038;p=71565"},"modified":"2026-03-13T18:58:27","modified_gmt":"2026-03-13T17:58:27","slug":"dc-dc-omvandlare-12v-dc-till-24-dc-2-5-ampere","status":"publish","type":"product","link":"https:\/\/secureus.se\/fr\/dc-dc-omvandlare-12v-dc-till-24-dc-2-5-ampere\/","title":{"rendered":"Convertisseur DC\/DC 12V DC \u00e0 24 DC 2,5 Amp\u00e8res"},"content":{"rendered":"<h1>Convertisseur DC\/DC 12 V \u00e0 24 V 2,5 A \u2013 Pour une conversion de puissance fiable et efficace<\/h1>\n<p>Avec le printemps <strong>Convertisseur DC\/DC 12V \u00e0 24V 2,5A<\/strong> vous pouvez facilement augmenter la tension en fonction des besoins de vos appareils.<\/p>\n<p>Ce convertisseur \u00e9l\u00e9vateur est con\u00e7u pour fournir une puissance stable dans les applications qui n\u00e9cessitent une fiabilit\u00e9 et une adaptabilit\u00e9 \u00e9lev\u00e9es.<\/p>\n<h5>Fonctions principales<\/h5>\n<ul>\n<li><strong>Tension de sortie r\u00e9glable<\/strong>: Augmenter la tension de 9,5-16 V DC \u00e0 18-28 V DC, r\u00e9glage usine \u00e0 24 V.<\/li>\n<li><strong>Performances maximales<\/strong>: Courant de sortie jusqu&#039;\u00e0 2,5A et une puissance maximale de 60W.<\/li>\n<li><strong>Haute efficacit\u00e9<\/strong>: L&#039;\u00e9nergie est utilis\u00e9e de mani\u00e8re optimale avec un rendement allant jusqu&#039;\u00e0 94%.<\/li>\n<li><strong>Fonctions de protection<\/strong>: La protection contre les courts-circuits (SCP) et la protection contre les surcharges (OLP) garantissent un fonctionnement s\u00fbr.<\/li>\n<li><strong>Indications LED<\/strong>: LED claires pour l&#039;entr\u00e9e, la sortie et tout \u00e9tat d&#039;erreur.<\/li>\n<\/ul>\n<h5>Avantages<\/h5>\n<ul>\n<li><strong>Utilisation polyvalente<\/strong>: Id\u00e9al pour les syst\u00e8mes de t\u00e9l\u00e9communications, les \u00e9quipements de s\u00e9curit\u00e9 et les applications industrielles.<\/li>\n<li><strong>Construction robuste<\/strong>: Con\u00e7u pour r\u00e9sister \u00e0 des environnements exigeants avec une temp\u00e9rature de fonctionnement de -10\u00b0C \u00e0 +40\u00b0C.<\/li>\n<li><strong>Installation facile<\/strong>: Fourni avec ruban de montage et vis pour un montage flexible.<\/li>\n<\/ul>\n<h5>Caract\u00e9ristiques<\/h5>\n<ul>\n<li><strong>Tension d&#039;alimentation<\/strong>: 9,5-16 V CC<\/li>\n<li><strong>Tension de sortie<\/strong>: 18-28 V CC, r\u00e9gl\u00e9 en usine sur 24 V<\/li>\n<li><strong>Courant de sortie<\/strong>: 2,5A<\/li>\n<li><strong>Dimensions<\/strong>: 140x43x45mm<\/li>\n<\/ul>\n<p>Choisissez le n\u00f4tre <strong>Convertisseur DC\/DC<\/strong> pour une solution fiable qui s\u2019adapte \u00e0 vos exigences et garantit un fonctionnement fluide et s\u00fbr.<\/p>","protected":false},"excerpt":{"rendered":"<p>Convertisseur DC\/DC efficace qui augmente la tension de 12V \u00e0 24V.<\/p>\n<p>Tension de sortie r\u00e9glable et fonctions de protection int\u00e9gr\u00e9es pour un fonctionnement fiable.<\/p>","protected":false},"featured_media":141822,"template":"","meta":{"_acf_changed":false},"product_brand":[],"product_cat":[4150,3198,1548],"product_tag":[2427,2235],"class_list":{"0":"post-71565","1":"product","2":"type-product","3":"status-publish","4":"has-post-thumbnail","6":"product_cat-omvandlare-dc-dc","7":"product_cat-omvandlare-12-24v","8":"product_cat-relaer-elektronik","9":"product_tag-rel-relaelektonik","10":"product_tag-rela-omvandlare","11":"product_shipping_class-postnord-varubrev","12":"pa_brands-pulsar","13":"tm-no-options","15":"first","16":"outofstock","17":"sale","18":"featured","19":"taxable","20":"shipping-taxable","21":"purchasable","22":"product-type-simple"},"acf":[],"_links":{"self":[{"href":"https:\/\/secureus.se\/fr\/wp-json\/wp\/v2\/product\/71565","targetHints":{"allow":["GET"]}}],"collection":[{"href":"https:\/\/secureus.se\/fr\/wp-json\/wp\/v2\/product"}],"about":[{"href":"https:\/\/secureus.se\/fr\/wp-json\/wp\/v2\/types\/product"}],"wp:featuredmedia":[{"embeddable":true,"href":"https:\/\/secureus.se\/fr\/wp-json\/wp\/v2\/media\/141822"}],"wp:attachment":[{"href":"https:\/\/secureus.se\/fr\/wp-json\/wp\/v2\/media?parent=71565"}],"wp:term":[{"taxonomy":"product_brand","embeddable":true,"href":"https:\/\/secureus.se\/fr\/wp-json\/wp\/v2\/product_brand?post=71565"},{"taxonomy":"product_cat","embeddable":true,"href":"https:\/\/secureus.se\/fr\/wp-json\/wp\/v2\/product_cat?post=71565"},{"taxonomy":"product_tag","embeddable":true,"href":"https:\/\/secureus.se\/fr\/wp-json\/wp\/v2\/product_tag?post=71565"}],"curies":[{"name":"wp","href":"https:\/\/api.w.org\/{rel}","templated":true}]}}