{"id":71571,"date":"2023-01-17T10:58:23","date_gmt":"2023-01-17T09:58:23","guid":{"rendered":"https:\/\/secureus.se\/produkt\/korthallare-transparent-staende-portratt-saljs-i-100-pack\/"},"modified":"2026-02-19T14:39:13","modified_gmt":"2026-02-19T13:39:13","slug":"korthallare-transparent-staende-portratt-saljs-i-100-pack","status":"publish","type":"product","link":"https:\/\/secureus.se\/fr\/korthallare-transparent-staende-portratt-saljs-i-100-pack\/","title":{"rendered":"Porte-cartes d&#039;identit\u00e9 transparent et protecteur \u2013 Format portrait (Vendu par lot de 100)"},"content":{"rendered":"<p>Le porte-carte d&#039;identit\u00e9 transparent attach\u00e9 est parfait pour afficher en toute s\u00e9curit\u00e9 les cartes de vos clients. Il dispose d&#039;un clip de verrouillage pour emp\u00eacher la carte de glisser et d&#039;une ouverture pour le pouce pour un retrait facile en cas de besoin.<\/p>\n<p>Vendu en paquet de 100<\/p>\n<p>Disponible en paysage et portrait<\/p>\n<p>Peut \u00eatre utilis\u00e9 avec un clip d&#039;identification, une cha\u00eene de perles en m\u00e9tal, une sangle ou une bobine de badge<\/p>\n<p>Support transparent<\/p>\n<p>Portrait\u00a0: Taille de l&#039;insert\u00a0: 54\u00a0mm (L) x 86\u00a0mm (H) \/ Taille ext\u00e9rieure\u00a0: 62\u00a0mm (L) x 90\u00a0mm (H)<\/p>\n<p>Poids du produit : 1,80 kg<\/p>","protected":false},"excerpt":{"rendered":"<p>Le porte-carte d&#039;identit\u00e9 transparent attach\u00e9 est parfait pour afficher en toute s\u00e9curit\u00e9 les cartes de vos clients. Il dispose d&#039;un clip de verrouillage pour emp\u00eacher la carte de glisser et d&#039;une ouverture pour le pouce pour un retrait facile.<\/p>","protected":false},"featured_media":141046,"template":"","meta":{"_acf_changed":false},"product_brand":[],"product_cat":[4888],"product_tag":[2850,3069],"class_list":{"0":"post-71571","1":"product","2":"type-product","3":"status-publish","4":"has-post-thumbnail","6":"product_cat-enkelsidig-staende-korthallare","7":"product_tag-korthallare-med-clips-staende","8":"product_tag-trade-produkt","9":"product_shipping_class-postnord-varubrev","10":"pa_farg-transparent","11":"tm-no-options","13":"first","14":"instock","15":"taxable","16":"shipping-taxable","17":"purchasable","18":"product-type-simple"},"acf":[],"_links":{"self":[{"href":"https:\/\/secureus.se\/fr\/wp-json\/wp\/v2\/product\/71571","targetHints":{"allow":["GET"]}}],"collection":[{"href":"https:\/\/secureus.se\/fr\/wp-json\/wp\/v2\/product"}],"about":[{"href":"https:\/\/secureus.se\/fr\/wp-json\/wp\/v2\/types\/product"}],"wp:featuredmedia":[{"embeddable":true,"href":"https:\/\/secureus.se\/fr\/wp-json\/wp\/v2\/media\/141046"}],"wp:attachment":[{"href":"https:\/\/secureus.se\/fr\/wp-json\/wp\/v2\/media?parent=71571"}],"wp:term":[{"taxonomy":"product_brand","embeddable":true,"href":"https:\/\/secureus.se\/fr\/wp-json\/wp\/v2\/product_brand?post=71571"},{"taxonomy":"product_cat","embeddable":true,"href":"https:\/\/secureus.se\/fr\/wp-json\/wp\/v2\/product_cat?post=71571"},{"taxonomy":"product_tag","embeddable":true,"href":"https:\/\/secureus.se\/fr\/wp-json\/wp\/v2\/product_tag?post=71571"}],"curies":[{"name":"wp","href":"https:\/\/api.w.org\/{rel}","templated":true}]}}