{"id":71713,"date":"2023-01-19T16:55:35","date_gmt":"2023-01-19T15:55:35","guid":{"rendered":"https:\/\/secureus.se\/produkt\/klamma-i-metall-genomskinligt-band-langd-70-mm-mellan-knappfasten-100-pack-3\/"},"modified":"2026-04-08T16:17:28","modified_gmt":"2026-04-08T14:17:28","slug":"klamma-i-metall-genomskinligt-band-langd-70-mm-mellan-knappfasten-100-pack-3","status":"publish","type":"product","link":"https:\/\/secureus.se\/fr\/klamma-i-metall-genomskinligt-band-langd-70-mm-mellan-knappfasten-100-pack-3\/","title":{"rendered":"Clip m\u00e9tal &amp; bande transparente, longueur 70 mm entre boutons pression (paquet de 100)"},"content":{"rendered":"<p>Pince \u00e0 levier avec bouton-pression en m\u00e9tal et sangle transparente de 70 mm - paquet de 100<\/p>\n<p>Poids du produit : 0,70 kg<\/p>","protected":false},"excerpt":{"rendered":"<p>Pince \u00e0 levier avec bouton-pression en m\u00e9tal et sangle transparente de 70 mm - Paquet de 100 Poids du produit : 0,70 kg<\/p>","protected":false},"featured_media":141001,"template":"","meta":{"_acf_changed":false},"product_brand":[],"product_cat":[1692],"product_tag":[3069],"class_list":{"0":"post-71713","1":"product","2":"type-product","3":"status-publish","4":"has-post-thumbnail","6":"product_cat-kortklamma-montering","7":"product_tag-trade-produkt","8":"product_shipping_class-postnord-varubrev","9":"tm-no-options","11":"first","12":"instock","13":"taxable","14":"shipping-taxable","15":"purchasable","16":"product-type-simple"},"acf":[],"_links":{"self":[{"href":"https:\/\/secureus.se\/fr\/wp-json\/wp\/v2\/product\/71713","targetHints":{"allow":["GET"]}}],"collection":[{"href":"https:\/\/secureus.se\/fr\/wp-json\/wp\/v2\/product"}],"about":[{"href":"https:\/\/secureus.se\/fr\/wp-json\/wp\/v2\/types\/product"}],"wp:featuredmedia":[{"embeddable":true,"href":"https:\/\/secureus.se\/fr\/wp-json\/wp\/v2\/media\/141001"}],"wp:attachment":[{"href":"https:\/\/secureus.se\/fr\/wp-json\/wp\/v2\/media?parent=71713"}],"wp:term":[{"taxonomy":"product_brand","embeddable":true,"href":"https:\/\/secureus.se\/fr\/wp-json\/wp\/v2\/product_brand?post=71713"},{"taxonomy":"product_cat","embeddable":true,"href":"https:\/\/secureus.se\/fr\/wp-json\/wp\/v2\/product_cat?post=71713"},{"taxonomy":"product_tag","embeddable":true,"href":"https:\/\/secureus.se\/fr\/wp-json\/wp\/v2\/product_tag?post=71713"}],"curies":[{"name":"wp","href":"https:\/\/api.w.org\/{rel}","templated":true}]}}