{"id":71717,"date":"2023-01-19T16:06:26","date_gmt":"2023-01-19T15:06:26","guid":{"rendered":"https:\/\/secureus.se\/produkt\/sjalvhaftande-krokodilklammor-i-plast-10-pack\/"},"modified":"2026-04-23T12:31:10","modified_gmt":"2026-04-23T10:31:10","slug":"sjalvhaftande-krokodilklammor-i-plast-10-pack","status":"publish","type":"product","link":"https:\/\/secureus.se\/fr\/sjalvhaftande-krokodilklammor-i-plast-10-pack\/","title":{"rendered":"Pinces crocodiles en plastique autocollantes (paquet de 10)"},"content":{"rendered":"<p>Ces pinces crocodiles autocollantes en plastique sont une excellente solution pour fixer directement des cartes en plastique.<\/p>\n<p>La pince crocodile se fixe solidement sur tous types de mat\u00e9riaux, facilitant ainsi sa fixation sur les v\u00eatements de l&#039;utilisateur.<\/p>\n<p>Les tampons autocollants se fixent facilement aux cartes, cr\u00e9ant ainsi une alternative \u00e9conomique \u00e0 l&#039;affichage de cartes en plastique.<\/p>\n<p>Vendu en paquet de 100<\/p>\n<p>Patin autocollant 23 x 14 mm<\/p>","protected":false},"excerpt":{"rendered":"<p>Ces pinces crocodiles autocollantes en plastique sont une excellente solution pour fixer directement des cartes en plastique. La pince crocodile se fixe solidement sur tous types de mat\u00e9riaux, ce qui facilite sa fixation sur le corps de l&#039;utilisateur<\/p>","protected":false},"featured_media":140715,"template":"","meta":{"_acf_changed":false},"product_brand":[],"product_cat":[1692],"product_tag":[3069],"class_list":{"0":"post-71717","1":"product","2":"type-product","3":"status-publish","4":"has-post-thumbnail","6":"product_cat-kortklamma-montering","7":"product_tag-trade-produkt","8":"product_shipping_class-postnord-varubrev","9":"tm-no-options","11":"first","12":"instock","13":"taxable","14":"shipping-taxable","15":"purchasable","16":"product-type-simple"},"acf":[],"_links":{"self":[{"href":"https:\/\/secureus.se\/fr\/wp-json\/wp\/v2\/product\/71717","targetHints":{"allow":["GET"]}}],"collection":[{"href":"https:\/\/secureus.se\/fr\/wp-json\/wp\/v2\/product"}],"about":[{"href":"https:\/\/secureus.se\/fr\/wp-json\/wp\/v2\/types\/product"}],"wp:featuredmedia":[{"embeddable":true,"href":"https:\/\/secureus.se\/fr\/wp-json\/wp\/v2\/media\/140715"}],"wp:attachment":[{"href":"https:\/\/secureus.se\/fr\/wp-json\/wp\/v2\/media?parent=71717"}],"wp:term":[{"taxonomy":"product_brand","embeddable":true,"href":"https:\/\/secureus.se\/fr\/wp-json\/wp\/v2\/product_brand?post=71717"},{"taxonomy":"product_cat","embeddable":true,"href":"https:\/\/secureus.se\/fr\/wp-json\/wp\/v2\/product_cat?post=71717"},{"taxonomy":"product_tag","embeddable":true,"href":"https:\/\/secureus.se\/fr\/wp-json\/wp\/v2\/product_tag?post=71717"}],"curies":[{"name":"wp","href":"https:\/\/api.w.org\/{rel}","templated":true}]}}