{"id":71893,"date":"2023-01-20T13:15:23","date_gmt":"2023-01-20T12:15:23","guid":{"rendered":"https:\/\/secureus.se\/produkt\/sandare-for-tredjepartsdetektorer\/"},"modified":"2026-04-07T13:01:18","modified_gmt":"2026-04-07T11:01:18","slug":"ajax-transmitter-sandare-for-tredjepart","status":"publish","type":"product","link":"https:\/\/secureus.se\/fr\/ajax-transmitter-sandare-for-tredjepart\/","title":{"rendered":"\u00c9metteur Ajax \u00c9metteur pour d\u00e9tecteurs tiers \/ \u00c9metteur Bijoutier"},"content":{"rendered":"<h3><strong>\u00c9metteur Ajax \u2013 \u00c9metteur pour d\u00e9tecteurs tiers<\/strong><\/h3>\n<p>L&#039;\u00e9metteur Ajax est un dispositif \u00e9metteur sans fil qui permet de connecter des d\u00e9tecteurs tiers et d&#039;autres appareils au syst\u00e8me de s\u00e9curit\u00e9 Ajax.<\/p>\n<p>Ce produit innovant offre \u00e0 l&#039;utilisateur flexibilit\u00e9 et pr\u00e9cision, garantissant que toutes les parties de votre syst\u00e8me de s\u00e9curit\u00e9 fonctionnent ensemble pour prot\u00e9ger votre propri\u00e9t\u00e9 contre les intrus, les incendies, les fuites de gaz ou d&#039;autres dangers.<\/p>\n<p><strong>Int\u00e9gration simple avec le syst\u00e8me Ajax<\/strong><\/p>\n<p>L&#039;\u00e9metteur est con\u00e7u pour s&#039;int\u00e9grer facilement \u00e0 tous les hubs et r\u00e9p\u00e9teurs Ajax, donnant aux utilisateurs la possibilit\u00e9 de connecter des d\u00e9tecteurs filaires et sans fil.<\/p>\n<p>Avec une port\u00e9e sans fil allant jusqu&#039;\u00e0 1 600 m\u00e8tres en terrain d\u00e9couvert, l&#039;\u00e9metteur Ajax peut \u00eatre plac\u00e9 \u00e0 divers endroits strat\u00e9giques pour maximiser la couverture et garantir la protection de toute la zone.<\/p>\n<p><strong>Fonctions d&#039;alarme et flexibilit\u00e9<\/strong><\/p>\n<p>L&#039;\u00e9metteur Ajax dispose de plusieurs types d&#039;alarme r\u00e9glables sur ses entr\u00e9es, ce qui en fait une solution flexible pour tous les types de besoins de s\u00e9curit\u00e9. Vous pouvez choisir entre :<\/p>\n<ul>\n<li><strong>Alarme antivol<\/strong> - Pour d\u00e9tecter les intrusions ind\u00e9sirables.<\/li>\n<li><strong>Alarme incendie<\/strong> \u2013 Pour d\u00e9tecter un incendie ou un d\u00e9veloppement de fum\u00e9e.<\/li>\n<li><strong>Alarme d&#039;urgence<\/strong> \u2013 Pour envoyer une alarme en cas d\u2019urgence.<\/li>\n<li><strong>Alarme d&#039;assaut<\/strong> - Pour avertir rapidement si une agression a lieu.<\/li>\n<li><strong>Alarme gaz<\/strong> - D\u00e9tecter les fuites de gaz dangereuses aux alentours.<\/li>\n<\/ul>\n<p>La nature r\u00e9glable des types d&#039;alarme permet \u00e0 l&#039;utilisateur de configurer le syst\u00e8me selon ses propres besoins, ce qui rend l&#039;\u00e9metteur Ajax id\u00e9al pour une utilisation dans des environnements priv\u00e9s et commerciaux.<\/p>\n<p><strong>Surveillance de la temp\u00e9rature et longue dur\u00e9e de vie de la batterie<\/strong><\/p>\n<p>Un capteur de temp\u00e9rature int\u00e9gr\u00e9 \u00e0 l&#039;\u00e9metteur Ajax mesure la temp\u00e9rature ambiante, offrant ainsi une couche de s\u00e9curit\u00e9 suppl\u00e9mentaire.<\/p>\n<p>La temp\u00e9rature est surveill\u00e9e en permanence et peut aider \u00e0 d\u00e9tecter les risques pouvant survenir en raison de temp\u00e9ratures extr\u00eames. Cette fonctionnalit\u00e9 est particuli\u00e8rement utile dans les environnements o\u00f9 le contr\u00f4le de la temp\u00e9rature est critique, comme dans les salles de serveurs ou les entrep\u00f4ts.<\/p>\n<p>En termes d&#039;alimentation \u00e9lectrique, l&#039;\u00e9metteur Ajax utilise trois piles CR123A, incluses dans l&#039;emballage.<\/p>\n<p>Les piles ont une longue dur\u00e9e de vie allant jusqu&#039;\u00e0 cinq ans, vous n&#039;avez donc pas \u00e0 vous soucier de changer souvent les piles. Cela fait de l\u2019\u00e9metteur Ajax une option rentable pour une s\u00e9curit\u00e9 \u00e0 long terme.<\/p>\n<p><strong>Conception durable et robuste<\/strong><\/p>\n<p>L&#039;\u00e9metteur Ajax est con\u00e7u pour durer et fonctionner dans une large plage de temp\u00e9ratures allant de -25\u00b0C \u00e0 +50\u00b0C, ce qui le rend utile dans les climats froids et chauds.<\/p>\n<p>Sa construction robuste lui permet de r\u00e9sister \u00e0 des conditions environnementales difficiles et de continuer \u00e0 offrir une s\u00e9curit\u00e9 fiable dans le temps. Il est \u00e9galement con\u00e7u pour supporter une humidit\u00e9 \u00e9lev\u00e9e, ce qui le rend id\u00e9al pour une utilisation dans les zones humides.<\/p>\n<p><strong>Installation et utilisation faciles<\/strong><\/p>\n<p>L&#039;installation de l&#039;\u00e9metteur Ajax est simple et ne n\u00e9cessite aucune connaissance technique. Le syst\u00e8me peut \u00eatre rapidement configur\u00e9 via l&#039;application mobile Ajax et les d\u00e9tecteurs se connectent facilement en un seul clic.<\/p>\n<p>L&#039;application conviviale permet \u00e9galement la surveillance et le contr\u00f4le \u00e0 distance du syst\u00e8me de s\u00e9curit\u00e9, donnant \u00e0 l&#039;utilisateur un contr\u00f4le total sur la s\u00e9curit\u00e9 de sa maison ou de son entreprise.<\/p>\n<p><strong>Compatibilit\u00e9 avec le syst\u00e8me Ajax<\/strong><\/p>\n<p>L&#039;\u00e9metteur Ajax est compatible avec tous les hubs et r\u00e9p\u00e9teurs Ajax, ce qui en fait une solution parfaite pour les utilisateurs disposant d\u00e9j\u00e0 d&#039;un syst\u00e8me Ajax en place.<\/p>\n<p>Que vous l&#039;utilisiez pour connecter des d\u00e9tecteurs suppl\u00e9mentaires ou pour cr\u00e9er un syst\u00e8me de s\u00e9curit\u00e9 enti\u00e8rement personnalis\u00e9, l&#039;\u00e9metteur Ajax s&#039;int\u00e9grera parfaitement \u00e0 votre syst\u00e8me existant.<\/p>\n<p><strong>Caract\u00e9ristiques:<\/strong><\/p>\n<ul>\n<li><strong>Port\u00e9e sans fil\u00a0:<\/strong> Jusqu&#039;\u00e0 1600 m\u00e8tres en terrain d\u00e9couvert<\/li>\n<li><strong>Plage de temp\u00e9rature\u00a0:<\/strong> -25\u00b0C \u00e0 +50\u00b0C<\/li>\n<li><strong>Type de batterie\u00a0:<\/strong> 3 \u00d7 CR123A (3V)<\/li>\n<li><strong>Autonomie de la batterie\u00a0:<\/strong> Jusqu&#039;\u00e0 5 ans<\/li>\n<li><strong>Types d&#039;alarmes\u00a0:<\/strong> Cambriolage, incendie, alarme d&#039;urgence, agression, gaz<\/li>\n<li><strong>Humidit\u00e9:<\/strong> Jusqu&#039;\u00e0 75%<\/li>\n<li><strong>Compatibilit\u00e9:<\/strong> Tous les hubs et r\u00e9p\u00e9teurs Ajax<\/li>\n<li><strong>Taille:<\/strong> 80 \u00d7 50 \u00d7 28 mm<\/li>\n<li><strong>Poids:<\/strong> 60g<\/li>\n<\/ul>\n<p><strong>Contenu du colis :<\/strong><\/p>\n<ul>\n<li>\u00c9metteur Ajax<\/li>\n<li>3 piles CR123A<\/li>\n<li>Manuel d&#039;utilisation<\/li>\n<\/ul>\n<p><strong>Conclusion:<\/strong><\/p>\n<p>L&#039;\u00e9metteur Ajax est une solution polyvalente et fiable pour connecter des d\u00e9tecteurs tiers \u00e0 votre syst\u00e8me de s\u00e9curit\u00e9 Ajax.<\/p>\n<p>Avec une longue port\u00e9e, des types d&#039;alarme r\u00e9glables, une surveillance de la temp\u00e9rature int\u00e9gr\u00e9e et une longue dur\u00e9e de vie de la batterie, cet \u00e9metteur offre une solution flexible et rentable pour renforcer votre syst\u00e8me de s\u00e9curit\u00e9.<\/p>","protected":false},"excerpt":{"rendered":"<p>L&#039;\u00e9metteur Ajax est un \u00e9metteur sans fil qui permet de connecter des d\u00e9tecteurs tiers \u00e0 votre syst\u00e8me Ajax.<\/p>\n<p>Avec un capteur de temp\u00e9rature int\u00e9gr\u00e9 et des types d&#039;alarme r\u00e9glables, vous pouvez cr\u00e9er un syst\u00e8me de s\u00e9curit\u00e9 personnalis\u00e9.<\/p>\n<p>Port\u00e9e jusqu&#039;\u00e0 1 600 km de terrain libre.<\/p>","protected":false},"featured_media":151888,"template":"","meta":{"_acf_changed":false},"product_brand":[],"product_cat":[3170,1319],"product_tag":[3152,4863],"class_list":{"0":"post-71893","1":"product","2":"type-product","3":"status-publish","4":"has-post-thumbnail","6":"product_cat-integration","7":"product_cat-ajax-larm","8":"product_tag-cr123-tillbehor","9":"product_tag-pf","10":"product_shipping_class-tunga-paket","11":"pa_brands-ajax-systems","12":"pa_color-svart","13":"pa_farg-svart","14":"tm-no-options","16":"first","17":"instock","18":"sale","19":"featured","20":"taxable","21":"shipping-taxable","22":"purchasable","23":"product-type-simple"},"acf":[],"_links":{"self":[{"href":"https:\/\/secureus.se\/fr\/wp-json\/wp\/v2\/product\/71893","targetHints":{"allow":["GET"]}}],"collection":[{"href":"https:\/\/secureus.se\/fr\/wp-json\/wp\/v2\/product"}],"about":[{"href":"https:\/\/secureus.se\/fr\/wp-json\/wp\/v2\/types\/product"}],"wp:featuredmedia":[{"embeddable":true,"href":"https:\/\/secureus.se\/fr\/wp-json\/wp\/v2\/media\/151888"}],"wp:attachment":[{"href":"https:\/\/secureus.se\/fr\/wp-json\/wp\/v2\/media?parent=71893"}],"wp:term":[{"taxonomy":"product_brand","embeddable":true,"href":"https:\/\/secureus.se\/fr\/wp-json\/wp\/v2\/product_brand?post=71893"},{"taxonomy":"product_cat","embeddable":true,"href":"https:\/\/secureus.se\/fr\/wp-json\/wp\/v2\/product_cat?post=71893"},{"taxonomy":"product_tag","embeddable":true,"href":"https:\/\/secureus.se\/fr\/wp-json\/wp\/v2\/product_tag?post=71893"}],"curies":[{"name":"wp","href":"https:\/\/api.w.org\/{rel}","templated":true}]}}