{"id":72374,"date":"2023-01-23T09:55:52","date_gmt":"2023-01-23T08:55:52","guid":{"rendered":"https:\/\/secureus.se\/produkt\/dsc-neo-power-g-wireless-vibrationsdetektor-pg8935-2\/"},"modified":"2026-05-04T14:55:14","modified_gmt":"2026-05-04T12:55:14","slug":"dsc-shock-detector-pg8935","status":"publish","type":"product","link":"https:\/\/secureus.se\/fr\/dsc-shock-detector-pg8935\/","title":{"rendered":"D\u00e9tecteur de chocs DSC sans fil PG8935"},"content":{"rendered":"<p><strong>D\u00e9tecteur de chocs DSC PG8935<\/strong> est un d\u00e9tecteur de vibrations sans fil avanc\u00e9 con\u00e7u pour fournir une solution de pr\u00e9vention des intrusions fiable et efficace.<\/p>\n<p>Gr\u00e2ce \u00e0 la technologie pionni\u00e8re PowerG, ce d\u00e9tecteur peut communiquer sur de longues distances (jusqu&#039;\u00e0 2 km) et r\u00e9siste aux vibrations de fond, r\u00e9duisant ainsi le risque de fausses alarmes.<\/p>\n<p>Le PG8935 peut prot\u00e9ger les fen\u00eatres et les portes contre les chocs et les ouvertures, ce qui en fait une option polyvalente pour les maisons et les entreprises.<\/p>\n<p>Le d\u00e9tecteur dispose \u00e9galement d&#039;un contact magn\u00e9tique int\u00e9gr\u00e9 pour surveiller les portes et fen\u00eatres, ainsi que d&#039;un raccord \u00e0 vis pour les capteurs filaires externes.<\/p>\n<p>Il est facile \u00e0 installer \u00e0 l\u2019aide d\u2019un amortisseur de chocs unique \u00e0 7 segments, permettant un r\u00e9glage rapide et pr\u00e9cis des niveaux de sensibilit\u00e9.<\/p>\n<p>Le PG8935 offre une autonomie allant jusqu&#039;\u00e0 5 ans, ce qui le rend \u00e0 la fois \u00e9conomique et pratique.<\/p>","protected":false},"excerpt":{"rendered":"<p>Le DSC Shock Detector PG8935 est un d\u00e9tecteur de vibrations sans fil qui utilise la technologie PowerG pour offrir une protection efficace contre le cambriolage.<\/p>\n<p>Il peut d\u00e9tecter aussi bien les chocs vibratoires que l&#039;ouverture des fen\u00eatres et des portes, permettant ainsi une alerte pr\u00e9coce en cas d&#039;intrusion.<\/p>\n<p>Facile \u00e0 installer et id\u00e9al pour les locaux r\u00e9sidentiels et commerciaux, avec une autonomie de batterie allant jusqu&#039;\u00e0 5 ans.<\/p>","protected":false},"featured_media":141133,"template":"","meta":{"_acf_changed":false},"product_brand":[],"product_cat":[3335,1322],"product_tag":[3152,3311,2472],"class_list":{"0":"post-72374","1":"product","2":"type-product","3":"status-publish","4":"has-post-thumbnail","6":"product_cat-chockdetektor","7":"product_cat-dsc-larm-neo-power-hybridlarm","8":"product_tag-cr123-tillbehor","9":"product_tag-dsc-neo-svensk-manual","10":"product_tag-sbsc-larmklassr","11":"product_shipping_class-postnord-varubrev","12":"pa_brands-4dsc","13":"pa_farg-vit","14":"tm-has-options","16":"first","17":"instock","18":"sale","19":"featured","20":"taxable","21":"shipping-taxable","22":"purchasable","23":"product-type-simple"},"acf":[],"_links":{"self":[{"href":"https:\/\/secureus.se\/fr\/wp-json\/wp\/v2\/product\/72374","targetHints":{"allow":["GET"]}}],"collection":[{"href":"https:\/\/secureus.se\/fr\/wp-json\/wp\/v2\/product"}],"about":[{"href":"https:\/\/secureus.se\/fr\/wp-json\/wp\/v2\/types\/product"}],"wp:featuredmedia":[{"embeddable":true,"href":"https:\/\/secureus.se\/fr\/wp-json\/wp\/v2\/media\/141133"}],"wp:attachment":[{"href":"https:\/\/secureus.se\/fr\/wp-json\/wp\/v2\/media?parent=72374"}],"wp:term":[{"taxonomy":"product_brand","embeddable":true,"href":"https:\/\/secureus.se\/fr\/wp-json\/wp\/v2\/product_brand?post=72374"},{"taxonomy":"product_cat","embeddable":true,"href":"https:\/\/secureus.se\/fr\/wp-json\/wp\/v2\/product_cat?post=72374"},{"taxonomy":"product_tag","embeddable":true,"href":"https:\/\/secureus.se\/fr\/wp-json\/wp\/v2\/product_tag?post=72374"}],"curies":[{"name":"wp","href":"https:\/\/api.w.org\/{rel}","templated":true}]}}