{"id":72375,"date":"2023-01-23T09:55:52","date_gmt":"2023-01-23T08:55:52","guid":{"rendered":"https:\/\/secureus.se\/produkt\/dsc-neo-power-g-wireless-temperaturdetektor-pg8905-2\/"},"modified":"2025-12-31T20:53:04","modified_gmt":"2025-12-31T19:53:04","slug":"dsc-temperature-detector-pg8905","status":"publish","type":"product","link":"https:\/\/secureus.se\/fr\/dsc-temperature-detector-pg8905\/","title":{"rendered":"D\u00e9tecteur de temp\u00e9rature DSC PG8905"},"content":{"rendered":"<p><strong>D\u00e9tecteur de temp\u00e9rature DSC PG8905<\/strong> est un capteur de temp\u00e9rature avanc\u00e9 parfait pour les environnements r\u00e9sidentiels et commerciaux.<\/p>\n<p>Il utilise la technologie PowerG pour garantir une communication fiable et peut mesurer des temp\u00e9ratures comprises entre -40 \u00b0C et +85 \u00b0C.<\/p>\n<p>Avec la possibilit\u00e9 d&#039;afficher les donn\u00e9es de temp\u00e9rature sur le clavier, le PG8905 offre aux utilisateurs une solution simple et efficace pour surveiller les changements de temp\u00e9rature en temps r\u00e9el.<\/p>\n<p>L&#039;\u00e9metteur dispose d&#039;un indicateur de force du signal LED int\u00e9gr\u00e9, qui simplifie le processus d&#039;installation en aidant l&#039;utilisateur \u00e0 s\u00e9lectionner l&#039;emplacement d&#039;installation optimal sans avoir \u00e0 revenir au clavier.<\/p>\n<p>Le PG8905 peut \u00e9galement \u00eatre programm\u00e9 pour envoyer des alarmes \u00e0 haute et basse temp\u00e9rature, ce qui le rend id\u00e9al pour prot\u00e9ger les zones sensibles telles que les r\u00e9frig\u00e9rateurs et les cong\u00e9lateurs ou pour surveiller la temp\u00e9rature dans d&#039;autres environnements critiques.<\/p>\n<p>Avec une autonomie de batterie allant jusqu&#039;\u00e0 7 ans et un indicateur de batterie faible, le d\u00e9tecteur de temp\u00e9rature DSC PG8905 est une solution durable et fiable pour tous ceux qui ont besoin d&#039;une surveillance pr\u00e9cise de la temp\u00e9rature.<\/p>","protected":false},"excerpt":{"rendered":"<p>Le d\u00e9tecteur de temp\u00e9rature DSC PG8905 est un capteur de temp\u00e9rature sans fil con\u00e7u pour les DSC PowerSeries Neo et Pro.<\/p>\n<p>Il surveille la temp\u00e9rature int\u00e9rieure et peut \u00e9galement \u00eatre connect\u00e9 \u00e0 un capteur externe pour mesurer la temp\u00e9rature ext\u00e9rieure ou dans les r\u00e9frig\u00e9rateurs et cong\u00e9lateurs.<\/p>\n<p>Avec une autonomie de batterie allant jusqu&#039;\u00e0 7 ans, le PG8905 offre une surveillance fiable aussi bien pour les maisons que pour les entreprises.<\/p>","protected":false},"featured_media":140706,"template":"","meta":{"_acf_changed":false},"product_brand":[],"product_cat":[1322,3324],"product_tag":[3311],"class_list":{"0":"post-72375","1":"product","2":"type-product","3":"status-publish","4":"has-post-thumbnail","6":"product_cat-dsc-larm-neo-power-hybridlarm","7":"product_cat-vatten-och-temperaturlarm","8":"product_tag-dsc-neo-svensk-manual","9":"product_shipping_class-postnord-varubrev","10":"pa_brands-4dsc","11":"tm-has-options","13":"first","14":"instock","15":"sale","16":"featured","17":"taxable","18":"shipping-taxable","19":"purchasable","20":"product-type-simple"},"acf":[],"_links":{"self":[{"href":"https:\/\/secureus.se\/fr\/wp-json\/wp\/v2\/product\/72375","targetHints":{"allow":["GET"]}}],"collection":[{"href":"https:\/\/secureus.se\/fr\/wp-json\/wp\/v2\/product"}],"about":[{"href":"https:\/\/secureus.se\/fr\/wp-json\/wp\/v2\/types\/product"}],"wp:featuredmedia":[{"embeddable":true,"href":"https:\/\/secureus.se\/fr\/wp-json\/wp\/v2\/media\/140706"}],"wp:attachment":[{"href":"https:\/\/secureus.se\/fr\/wp-json\/wp\/v2\/media?parent=72375"}],"wp:term":[{"taxonomy":"product_brand","embeddable":true,"href":"https:\/\/secureus.se\/fr\/wp-json\/wp\/v2\/product_brand?post=72375"},{"taxonomy":"product_cat","embeddable":true,"href":"https:\/\/secureus.se\/fr\/wp-json\/wp\/v2\/product_cat?post=72375"},{"taxonomy":"product_tag","embeddable":true,"href":"https:\/\/secureus.se\/fr\/wp-json\/wp\/v2\/product_tag?post=72375"}],"curies":[{"name":"wp","href":"https:\/\/api.w.org\/{rel}","templated":true}]}}