{"id":72381,"date":"2023-01-23T09:55:50","date_gmt":"2023-01-23T08:55:50","guid":{"rendered":"https:\/\/secureus.se\/produkt\/dsc-neo-power-g-wireless-ir-detektor-kamera-detektor-pg8934-2\/"},"modified":"2025-12-31T20:52:05","modified_gmt":"2025-12-31T19:52:05","slug":"dsc-motion-detector-camera-pg8934","status":"publish","type":"product","link":"https:\/\/secureus.se\/fr\/dsc-motion-detector-camera-pg8934\/","title":{"rendered":"D\u00e9tecteur de mouvement DSC avec cam\u00e9ra \u200bPG8934"},"content":{"rendered":"<p><strong>D\u00e9tecteur de mouvement DSC avec cam\u00e9ra PG8934<\/strong> combine d\u00e9tection et v\u00e9rification d\u2019image pour une solution de s\u00e9curit\u00e9 efficace. Con\u00e7u pour \u00eatre utilis\u00e9 avec les syst\u00e8mes DSC PowerSeries NEO et PRO, ce d\u00e9tecteur IR utilise la technologie avanc\u00e9e PowerG, offrant une port\u00e9e de communication allant jusqu&#039;\u00e0 2 km en plein air.<\/p>\n<p>D\u00e8s la d\u00e9tection d&#039;un mouvement, le PG8934 capture imm\u00e9diatement des images haute r\u00e9solution qui sont envoy\u00e9es au centre d&#039;alarme, permettant au personnel de s\u00e9curit\u00e9 de voir ce qui se passe en temps r\u00e9el.<\/p>\n<p>Il a un rayon de couverture de 12 m\u00e8tres et est \u00e9quip\u00e9 de la technologie True Motion Recognition\u2122 pour distinguer les mouvements humains des autres perturbations, minimisant ainsi le risque de fausses alarmes.<\/p>\n<p>La cam\u00e9ra est \u00e9galement \u00e9quip\u00e9e d&#039;un \u00e9clairage IR pour garantir une qualit\u00e9 d&#039;image 24 heures sur 24.<\/p>\n<p>Le PG8934 est facile \u00e0 installer avec une autonomie de trois ans et est livr\u00e9 avec deux piles au lithium CR-123A.<\/p>\n<p>Il est compatible avec plusieurs syst\u00e8mes et a une capacit\u00e9 maximale de 10 appareils par syst\u00e8me.<\/p>","protected":false},"excerpt":{"rendered":"<p>Le d\u00e9tecteur de mouvement DSC avec cam\u00e9ra PG8934 est un d\u00e9tecteur IR avanc\u00e9 pour Iotega, PowerSeries NEO et PRO.<\/p>\n<p>En cas d&#039;alarme, la cam\u00e9ra prend imm\u00e9diatement des images qui sont envoy\u00e9es \u00e0 la centrale d&#039;alarme, permettant une surveillance en temps r\u00e9el. Avec un rayon de d\u00e9tection de 12 m\u00e8tres et la technologie True Motion Recognition\u2122, une s\u00e9curit\u00e9 fiable est assur\u00e9e sans fausses alarmes.<\/p>\n<p>Il est aliment\u00e9 par deux piles au lithium CR-123A d&#039;une dur\u00e9e de vie allant jusqu&#039;\u00e0 trois ans.<\/p>","protected":false},"featured_media":140555,"template":"","meta":{"_acf_changed":false},"product_brand":[],"product_cat":[3326,1322,3325],"product_tag":[3311,3016,2472],"class_list":{"0":"post-72381","1":"product","2":"type-product","3":"status-publish","4":"has-post-thumbnail","6":"product_cat-rorelsedetektor","7":"product_cat-dsc-larm-neo-power-hybridlarm","8":"product_cat-kameradetektor","9":"product_tag-dsc-neo-svensk-manual","10":"product_tag-neo-detektorer","11":"product_tag-sbsc-larmklassr","12":"product_shipping_class-postnord-varubrev","13":"pa_brands-4dsc","14":"tm-has-options","16":"first","17":"instock","18":"sale","19":"featured","20":"taxable","21":"shipping-taxable","22":"purchasable","23":"product-type-simple"},"acf":[],"_links":{"self":[{"href":"https:\/\/secureus.se\/fr\/wp-json\/wp\/v2\/product\/72381","targetHints":{"allow":["GET"]}}],"collection":[{"href":"https:\/\/secureus.se\/fr\/wp-json\/wp\/v2\/product"}],"about":[{"href":"https:\/\/secureus.se\/fr\/wp-json\/wp\/v2\/types\/product"}],"wp:featuredmedia":[{"embeddable":true,"href":"https:\/\/secureus.se\/fr\/wp-json\/wp\/v2\/media\/140555"}],"wp:attachment":[{"href":"https:\/\/secureus.se\/fr\/wp-json\/wp\/v2\/media?parent=72381"}],"wp:term":[{"taxonomy":"product_brand","embeddable":true,"href":"https:\/\/secureus.se\/fr\/wp-json\/wp\/v2\/product_brand?post=72381"},{"taxonomy":"product_cat","embeddable":true,"href":"https:\/\/secureus.se\/fr\/wp-json\/wp\/v2\/product_cat?post=72381"},{"taxonomy":"product_tag","embeddable":true,"href":"https:\/\/secureus.se\/fr\/wp-json\/wp\/v2\/product_tag?post=72381"}],"curies":[{"name":"wp","href":"https:\/\/api.w.org\/{rel}","templated":true}]}}