{"id":72384,"date":"2023-01-23T09:55:50","date_gmt":"2023-01-23T08:55:50","guid":{"rendered":"https:\/\/secureus.se\/produkt\/power-g-pg8994-ar-en-tradlos-utomhusdetektor-for-iotega-powerseries-neo-pro-2\/"},"modified":"2025-12-31T20:52:23","modified_gmt":"2025-12-31T19:52:23","slug":"dsc-outdoor-pir-motion-detector-pg8994","status":"publish","type":"product","link":"https:\/\/secureus.se\/fr\/dsc-outdoor-pir-motion-detector-pg8994\/","title":{"rendered":"D\u00e9tecteur de mouvement PIR ext\u00e9rieur DSC PowerG sans fil PG8994"},"content":{"rendered":"<p><strong>D\u00e9tecteur de mouvement PIR ext\u00e9rieur DSC PG8994<\/strong> est un d\u00e9tecteur ext\u00e9rieur sans fil avanc\u00e9 con\u00e7u pour fournir une protection efficace contre les intrusions. \u00c9quip\u00e9 de la technologie r\u00e9volutionnaire Octa-Quad, qui comprend huit capteurs IR, il assure une d\u00e9tection pr\u00e9cise des mouvements et minimise le risque de fausses alarmes li\u00e9es aux mouvements naturels tels que le balancement des arbres.<\/p>\n<p>Le d\u00e9tecteur a une port\u00e9e de d\u00e9tection impressionnante allant jusqu&#039;\u00e0 12 m\u00e8tres et une conception r\u00e9sistante \u00e0 l&#039;eau, ce qui le rend adapt\u00e9 aux propri\u00e9t\u00e9s r\u00e9sidentielles et commerciales.<\/p>\n<p>Avec une plage de temp\u00e9rature allant de -40\u00b0C \u00e0 +70\u00b0C et une dur\u00e9e de vie de la batterie allant jusqu&#039;\u00e0 trois ans dans des conditions normales, le PG8994 est \u00e0 la fois durable et fiable.<\/p>\n<p>L&#039;installation est facile avec un indicateur de signal visible pour aider l&#039;installateur \u00e0 s\u00e9lectionner l&#039;emplacement d&#039;installation optimal.<\/p>\n<p>Le PG8994 est compatible avec les panneaux PowerSeries Neo, PowerSeries Pro et Qolsys, ce qui en fait une solution flexible pour une large gamme d&#039;applications de s\u00e9curit\u00e9.<\/p>","protected":false},"excerpt":{"rendered":"<p>Le d\u00e9tecteur de mouvement PIR ext\u00e9rieur DSC PG8994 est un d\u00e9tecteur ext\u00e9rieur sans fil qui utilise la technologie PowerG pour garantir une d\u00e9tection de mouvement fiable avec un risque minimal de fausses alarmes.<\/p>\n<p>Avec un rayon de d\u00e9tection de 12 m\u00e8tres et la technologie innovante Octa-Quad, il peut distinguer les personnes, les arbres qui se balancent et les petits animaux, ce qui le rend id\u00e9al pour la s\u00e9curit\u00e9 dans les zones vuln\u00e9rables.<\/p>\n<p>&nbsp;<\/p>","protected":false},"featured_media":141601,"template":"","meta":{"_acf_changed":false},"product_brand":[],"product_cat":[3326,1322],"product_tag":[3311,3016,2472],"class_list":{"0":"post-72384","1":"product","2":"type-product","3":"status-publish","4":"has-post-thumbnail","6":"product_cat-rorelsedetektor","7":"product_cat-dsc-larm-neo-power-hybridlarm","8":"product_tag-dsc-neo-svensk-manual","9":"product_tag-neo-detektorer","10":"product_tag-sbsc-larmklassr","11":"product_shipping_class-postnord-varubrev","12":"pa_brands-4dsc","13":"tm-has-options","15":"first","16":"onbackorder","17":"sale","18":"featured","19":"taxable","20":"shipping-taxable","21":"purchasable","22":"product-type-simple"},"acf":[],"_links":{"self":[{"href":"https:\/\/secureus.se\/fr\/wp-json\/wp\/v2\/product\/72384","targetHints":{"allow":["GET"]}}],"collection":[{"href":"https:\/\/secureus.se\/fr\/wp-json\/wp\/v2\/product"}],"about":[{"href":"https:\/\/secureus.se\/fr\/wp-json\/wp\/v2\/types\/product"}],"wp:featuredmedia":[{"embeddable":true,"href":"https:\/\/secureus.se\/fr\/wp-json\/wp\/v2\/media\/141601"}],"wp:attachment":[{"href":"https:\/\/secureus.se\/fr\/wp-json\/wp\/v2\/media?parent=72384"}],"wp:term":[{"taxonomy":"product_brand","embeddable":true,"href":"https:\/\/secureus.se\/fr\/wp-json\/wp\/v2\/product_brand?post=72384"},{"taxonomy":"product_cat","embeddable":true,"href":"https:\/\/secureus.se\/fr\/wp-json\/wp\/v2\/product_cat?post=72384"},{"taxonomy":"product_tag","embeddable":true,"href":"https:\/\/secureus.se\/fr\/wp-json\/wp\/v2\/product_tag?post=72384"}],"curies":[{"name":"wp","href":"https:\/\/api.w.org\/{rel}","templated":true}]}}