{"id":72387,"date":"2023-01-23T09:55:50","date_gmt":"2023-01-23T08:55:50","guid":{"rendered":"https:\/\/secureus.se\/produkt\/powerg-external-temperature-probe-for-pg8905\/"},"modified":"2025-12-31T20:40:48","modified_gmt":"2025-12-31T19:40:48","slug":"dsc-probe-external-temperature-pg8905","status":"publish","type":"product","link":"https:\/\/secureus.se\/fr\/dsc-probe-external-temperature-pg8905\/","title":{"rendered":"Sonde DSC Temp\u00e9rature Externe PowerG pour PG8905"},"content":{"rendered":"<p><strong>Sonde DSC Temp\u00e9rature Externe PowerG pour PG8905<\/strong> est un capteur de temp\u00e9rature externe haute performance qui permet de surveiller les temp\u00e9ratures dans diff\u00e9rents environnements.<\/p>\n<p>Il est parfait pour une utilisation en ext\u00e9rieur, dans les chambres froides ou les cong\u00e9lateurs, garantissant que vous gardez toujours une trace des conditions de temp\u00e9rature l\u00e0 o\u00f9 cela compte.<\/p>\n<p>Ce capteur de temp\u00e9rature est \u00e9quip\u00e9 d&#039;un c\u00e2ble de 3,5 m\u00e8tres de long qui se connecte facilement au PG8905.<\/p>\n<p>La temp\u00e9rature peut \u00eatre affich\u00e9e directement sur le clavier PowerSeries Neo, permettant de voir simultan\u00e9ment les temp\u00e9ratures int\u00e9rieure et ext\u00e9rieure.<\/p>\n<p>Cette fonction est particuli\u00e8rement utile pour fournir des avertissements ou des alarmes \u00e0 des temp\u00e9ratures \u00e9lev\u00e9es ou basses dans une plage comprise entre -40 \u00b0C et +85 \u00b0C.<\/p>\n<p>Gr\u00e2ce \u00e0 sa facilit\u00e9 d&#039;utilisation et sa fiabilit\u00e9, la sonde DSC offre une solution flexible et adaptable pour tous vos besoins de surveillance de la temp\u00e9rature.<\/p>\n<p>Compatible avec le PowerSeries Neo, il vous permet de garder un \u0153il sur les temp\u00e9ratures importantes, vous offrant ainsi une tranquillit\u00e9 d&#039;esprit aussi bien \u00e0 la maison qu&#039;au travail.<\/p>","protected":false},"excerpt":{"rendered":"<p>La sonde de temp\u00e9rature externe DSC PG8905 est un capteur de temp\u00e9rature externe con\u00e7u pour \u00eatre utilis\u00e9 avec la sonde de temp\u00e9rature PG8905.<\/p>\n<p>Il permet une mesure pr\u00e9cise des temp\u00e9ratures \u00e0 l&#039;ext\u00e9rieur, dans les r\u00e9frig\u00e9rateurs ou les cong\u00e9lateurs.<\/p>\n<p>Avec un c\u00e2ble de 3,5 m\u00e8tres, il se connecte facilement au PG8905 et permet d&#039;afficher les temp\u00e9ratures sur l&#039;\u00e9cran LCD du panneau PowerSeries Neo.<\/p>","protected":false},"featured_media":140580,"template":"","meta":{"_acf_changed":false},"product_brand":[],"product_cat":[1322,3324],"product_tag":[3311],"class_list":{"0":"post-72387","1":"product","2":"type-product","3":"status-publish","4":"has-post-thumbnail","6":"product_cat-dsc-larm-neo-power-hybridlarm","7":"product_cat-vatten-och-temperaturlarm","8":"product_tag-dsc-neo-svensk-manual","9":"product_shipping_class-tunga-paket","10":"pa_brands-4dsc","11":"tm-has-options","13":"first","14":"onbackorder","15":"sale","16":"featured","17":"taxable","18":"shipping-taxable","19":"purchasable","20":"product-type-simple"},"acf":[],"_links":{"self":[{"href":"https:\/\/secureus.se\/fr\/wp-json\/wp\/v2\/product\/72387","targetHints":{"allow":["GET"]}}],"collection":[{"href":"https:\/\/secureus.se\/fr\/wp-json\/wp\/v2\/product"}],"about":[{"href":"https:\/\/secureus.se\/fr\/wp-json\/wp\/v2\/types\/product"}],"wp:featuredmedia":[{"embeddable":true,"href":"https:\/\/secureus.se\/fr\/wp-json\/wp\/v2\/media\/140580"}],"wp:attachment":[{"href":"https:\/\/secureus.se\/fr\/wp-json\/wp\/v2\/media?parent=72387"}],"wp:term":[{"taxonomy":"product_brand","embeddable":true,"href":"https:\/\/secureus.se\/fr\/wp-json\/wp\/v2\/product_brand?post=72387"},{"taxonomy":"product_cat","embeddable":true,"href":"https:\/\/secureus.se\/fr\/wp-json\/wp\/v2\/product_cat?post=72387"},{"taxonomy":"product_tag","embeddable":true,"href":"https:\/\/secureus.se\/fr\/wp-json\/wp\/v2\/product_tag?post=72387"}],"curies":[{"name":"wp","href":"https:\/\/api.w.org\/{rel}","templated":true}]}}