{"id":72393,"date":"2023-01-23T09:55:50","date_gmt":"2023-01-23T08:55:50","guid":{"rendered":"https:\/\/secureus.se\/produkt\/power-g-wireless-pir-gardin-pg8924-2\/"},"modified":"2025-12-31T20:52:36","modified_gmt":"2025-12-31T19:52:36","slug":"dsc-pir-curtain-pg8924","status":"publish","type":"product","link":"https:\/\/secureus.se\/fr\/dsc-pir-curtain-pg8924\/","title":{"rendered":"Rideau PIR DSC PG8924 \u2013 D\u00e9tecteur de rideau"},"content":{"rendered":"<p><strong>Rideau PIR DSC PG8924<\/strong>\u00a0est un d\u00e9tecteur \u00e0 rideau innovant qui assure la s\u00fbret\u00e9 et la s\u00e9curit\u00e9 en prot\u00e9geant les zones sensibles avec une zone de surveillance \u00e9troite.<\/p>\n<p>\u00c9quip\u00e9 de la technologie PowerG avanc\u00e9e, ce d\u00e9tecteur sans fil offre une port\u00e9e impressionnante allant jusqu&#039;\u00e0 2 km en plein air, ce qui le rend id\u00e9al pour les installations commerciales et r\u00e9sidentielles.<\/p>\n<p>Avec la possibilit\u00e9 de r\u00e9gler la port\u00e9e de surveillance \u00e0 2, 4 ou 6 m\u00e8tres, le PG8924 s&#039;adapte facilement aux besoins sp\u00e9cifiques et aux emplacements de montage.<\/p>\n<p>Il a une dur\u00e9e de vie de la batterie allant jusqu&#039;\u00e0 7 ans, ce qui minimise le besoin de changements fr\u00e9quents de batterie, et il est facile \u00e0 installer avec un indicateur LED de signal clair pour aider \u00e0 choisir l&#039;emplacement d&#039;installation optimal.<\/p>\n<p>Le PG8924 est \u00e9galement compatible avec les syst\u00e8mes PowerSeries Neo et offre une solution flexible pour surveiller les zones de fen\u00eatres et de portes, les murs en verre et autres zones o\u00f9 des lignes plus \u00e9troites doivent \u00eatre prot\u00e9g\u00e9es.<\/p>\n<h3>Caract\u00e9ristiques et avantages\u00a0:<\/h3>\n<ul>\n<li><strong>Technologie PowerG<\/strong> pour une communication longue port\u00e9e et fiable.<\/li>\n<li>Port\u00e9e de surveillance s\u00e9lectionnable : 2, 4 ou 6 m\u00e8tres.<\/li>\n<li>Convient pour prot\u00e9ger les fen\u00eatres, les portes et les parois vitr\u00e9es.<\/li>\n<li>Batterie longue dur\u00e9e (7 ans) avec pile lithium 3V CR123A.<\/li>\n<li>Installation simple avec indicateur de signal pour une s\u00e9lection d&#039;emplacement optimale.<\/li>\n<\/ul>\n<h3>Sp\u00e9cifications techniques :<\/h3>\n<ul>\n<li><strong>Dimensions:<\/strong> 105x35x30mm<\/li>\n<li><strong>Autonomie de la batterie\u00a0:<\/strong> Jusqu&#039;\u00e0 7 ans<\/li>\n<li><strong>Type de batterie\u00a0:<\/strong> Pile au lithium 3V CR123A<\/li>\n<li><strong>Poids:<\/strong> 60g<\/li>\n<li><strong>Plage de temp\u00e9rature\u00a0:<\/strong> -10 \u00b0C \u00e0 55 \u00b0C<\/li>\n<\/ul>","protected":false},"excerpt":{"rendered":"<p>PIR Curtain PG8924 est un d\u00e9tecteur de rideau sans fil con\u00e7u pour les syst\u00e8mes DSC NEO et Iotega.<\/p>\n<p>Il utilise la technologie PowerG pour une autonomie allant jusqu&#039;\u00e0 2 km en plein air.<\/p>\n<p>Avec une port\u00e9e de surveillance s\u00e9lectionnable de 2, 4 ou 6 m\u00e8tres, il offre une surveillance efficace des portes, fen\u00eatres et parois vitr\u00e9es.<\/p>\n<p>La dur\u00e9e de vie de la batterie peut atteindre 7 ans avec une pile au lithium 3V CR123A.<\/p>","protected":false},"featured_media":140921,"template":"","meta":{"_acf_changed":false},"product_brand":[],"product_cat":[3326,1322],"product_tag":[3152,3311,3016,2472],"class_list":{"0":"post-72393","1":"product","2":"type-product","3":"status-publish","4":"has-post-thumbnail","6":"product_cat-rorelsedetektor","7":"product_cat-dsc-larm-neo-power-hybridlarm","8":"product_tag-cr123-tillbehor","9":"product_tag-dsc-neo-svensk-manual","10":"product_tag-neo-detektorer","11":"product_tag-sbsc-larmklassr","12":"product_shipping_class-postnord-varubrev","13":"pa_brands-4dsc","14":"tm-has-options","16":"first","17":"onbackorder","18":"sale","19":"featured","20":"taxable","21":"shipping-taxable","22":"purchasable","23":"product-type-simple"},"acf":[],"_links":{"self":[{"href":"https:\/\/secureus.se\/fr\/wp-json\/wp\/v2\/product\/72393","targetHints":{"allow":["GET"]}}],"collection":[{"href":"https:\/\/secureus.se\/fr\/wp-json\/wp\/v2\/product"}],"about":[{"href":"https:\/\/secureus.se\/fr\/wp-json\/wp\/v2\/types\/product"}],"wp:featuredmedia":[{"embeddable":true,"href":"https:\/\/secureus.se\/fr\/wp-json\/wp\/v2\/media\/140921"}],"wp:attachment":[{"href":"https:\/\/secureus.se\/fr\/wp-json\/wp\/v2\/media?parent=72393"}],"wp:term":[{"taxonomy":"product_brand","embeddable":true,"href":"https:\/\/secureus.se\/fr\/wp-json\/wp\/v2\/product_brand?post=72393"},{"taxonomy":"product_cat","embeddable":true,"href":"https:\/\/secureus.se\/fr\/wp-json\/wp\/v2\/product_cat?post=72393"},{"taxonomy":"product_tag","embeddable":true,"href":"https:\/\/secureus.se\/fr\/wp-json\/wp\/v2\/product_tag?post=72393"}],"curies":[{"name":"wp","href":"https:\/\/api.w.org\/{rel}","templated":true}]}}