{"id":72394,"date":"2023-01-23T09:55:49","date_gmt":"2023-01-23T08:55:49","guid":{"rendered":"https:\/\/secureus.se\/produkt\/dsc-neo-power-g-wireless-overfallsknapp-singel-tryck-pg8938-2\/"},"modified":"2025-12-31T20:44:31","modified_gmt":"2025-12-31T19:44:31","slug":"dsc-1-button-hand-transmitter-pg8938","status":"publish","type":"product","link":"https:\/\/secureus.se\/fr\/dsc-1-button-hand-transmitter-pg8938\/","title":{"rendered":"DSC \u00c9metteur manuel \u00e0 1 bouton sans fil PG8938"},"content":{"rendered":"<p><strong>\u00c9metteur manuel DSC \u00e0 1 bouton PG8938<\/strong> est un bouton d&#039;urgence sans fil \u00e0 une touche pour Iotega, PowerSeries NEO et PRO. Cette unit\u00e9 offre un bouton large et facile \u00e0 utiliser pour faciliter l&#039;activation de l&#039;alarme d&#039;urgence, ce qui la rend id\u00e9ale pour une r\u00e9ponse rapide dans les situations d&#039;urgence.<\/p>\n<h4>Caract\u00e9ristiques:<\/h4>\n<ul>\n<li><strong>Activation<\/strong>: Le bouton doit \u00eatre maintenu enfonc\u00e9 pendant au moins deux secondes pour \u00e9viter les erreurs d&#039;appui.<\/li>\n<li><strong>Confirmation du statut<\/strong>: Confirmation visuelle via une LED lorsque l&#039;alarme est activ\u00e9e.<\/li>\n<li><strong>Clip de ceinture et collier<\/strong>: Inclus pour une portabilit\u00e9 facile.<\/li>\n<li><strong>Compatibilit\u00e9<\/strong>: Un maximum de 16 boutons peuvent \u00eatre utilis\u00e9s avec le dispositif central HS2016 et jusqu&#039;\u00e0 32 avec d&#039;autres dispositifs, sans occuper d&#039;emplacements de section.<\/li>\n<li><strong>Autonomie de la batterie<\/strong>: 5 ans (usage normal).<\/li>\n<li><strong>Type de batterie<\/strong>: Pile au lithium 3V CR2032.<\/li>\n<\/ul>\n<h4>Pourquoi PowerSeries est exceptionnel<\/h4>\n<p>\u00catre capable de surveiller jusqu&#039;\u00e0 128 zones sans fil et mat\u00e9riellement rend le PowerSeries Neo exceptionnel pour les grandes installations. De plus, 8 cloisons permettent des solutions de s\u00e9curit\u00e9 personnalis\u00e9es pour diff\u00e9rentes sections de l&#039;entreprise ou de la maison.<\/p>\n<h4>PowerSeries\u00a0:\u00a0la s\u00e9curit\u00e9 \u00e0 de nouveaux niveaux<\/h4>\n<p>Introduction Le PowerSeries de DSC red\u00e9finit la s\u00e9curit\u00e9 contre les intrusions en combinant la modularit\u00e9 et la connectivit\u00e9 filaire avec la simplicit\u00e9 d&#039;une large gamme d&#039;appareils et d&#039;accessoires sans fil. Le r\u00e9sultat est le syst\u00e8me hybride le plus complet actuellement disponible sur le march\u00e9.<\/p>\n<h4>Pourquoi PowerSeries Neo est une solution r\u00e9volutionnaire<\/h4>\n<p>Cette plate-forme flexible b\u00e9n\u00e9ficie des fonctionnalit\u00e9s sup\u00e9rieures de PowerG, la principale technologie d&#039;intrusion sans fil du secteur. Des solutions innovantes de v\u00e9rification d&#039;alarme, ainsi qu&#039;une suite logicielle compl\u00e8te pour les services \u00e0 distance, font du PowerSeries la solution haut de gamme optimale pour les particuliers et les entreprises.<\/p>\n<h4>Flexibilit\u00e9 en mati\u00e8re de s\u00e9curit\u00e9<\/h4>\n<p>La PowerSeries combine le meilleur des deux mondes : la stabilit\u00e9 des syst\u00e8mes filaires et la flexibilit\u00e9 des appareils sans fil. Cela permet une personnalisation adapt\u00e9e \u00e0 des besoins uniques et en fait le syst\u00e8me le plus personnalisable du march\u00e9.<\/p>\n<h4>Technologie innovante pour une s\u00e9curit\u00e9 sup\u00e9rieure<\/h4>\n<p>En utilisant la technologie PowerG, le PowerSeries \u00e9l\u00e8ve la s\u00e9curit\u00e9 \u00e0 un nouveau niveau. Il offre non seulement une protection fiable contre les intrusions, mais permet \u00e9galement une int\u00e9gration fluide avec divers appareils sans fil.<\/p>\n<h3>V\u00e9rification d&#039;alarme et services \u00e0 distance<\/h3>\n<p>Le PowerSeries est livr\u00e9 avec des solutions innovantes de v\u00e9rification des alarmes pour garantir des r\u00e9ponses correctes \u00e0 chaque alarme. Le logiciel complet de service \u00e0 distance permet la surveillance et le contr\u00f4le o\u00f9 que vous soyez.<\/p>\n<h3>FAQ sur les PowerSeries<\/h3>\n<ul>\n<li><strong>Q : Pourquoi le PowerSeries est-il appel\u00e9 une solution hybride ?<\/strong>\n<ul>\n<li><strong>UN:<\/strong> Le PowerSeries est hybride car il combine les technologies filaire et sans fil pour une solution de s\u00e9curit\u00e9 compl\u00e8te et personnalisable.<\/li>\n<\/ul>\n<\/li>\n<li><strong>Q\u00a0: Comment la technologie PowerG garantit-elle une s\u00e9curit\u00e9 sans fil sup\u00e9rieure\u00a0?<\/strong>\n<ul>\n<li><strong>UN:<\/strong> La technologie PowerG offre non seulement une connectivit\u00e9 fiable, mais \u00e9galement une r\u00e9sistance au cryptage et au brouillage pour une s\u00e9curit\u00e9 sup\u00e9rieure.<\/li>\n<\/ul>\n<\/li>\n<li><strong>Q : Quels types d&#039;appareils sans fil peuvent \u00eatre int\u00e9gr\u00e9s au PowerSeries ?<\/strong>\n<ul>\n<li><strong>UN:<\/strong> La PowerSeries prend en charge une grande vari\u00e9t\u00e9 d&#039;appareils sans fil, notamment des d\u00e9tecteurs, des cam\u00e9ras et des accessoires pour maison intelligente.<\/li>\n<\/ul>\n<\/li>\n<li><strong>Q\u00a0: Qu&#039;est-ce que la v\u00e9rification des alarmes et pourquoi est-elle importante\u00a0?<\/strong>\n<ul>\n<li><strong>UN:<\/strong> La v\u00e9rification des alarmes garantit que chaque alarme est authentique, r\u00e9duisant ainsi les fausses alarmes et fournissant des r\u00e9ponses plus rapides et plus pr\u00e9cises du syst\u00e8me de s\u00e9curit\u00e9.<\/li>\n<\/ul>\n<\/li>\n<li><strong>Q\u00a0: Puis-je surveiller et contr\u00f4ler le PowerSeries \u00e0 distance\u00a0?<\/strong>\n<ul>\n<li><strong>UN:<\/strong> Oui, le logiciel complet de service \u00e0 distance permet la surveillance et le contr\u00f4le via une application mobile ou un ordinateur, o\u00f9 que vous soyez.<\/li>\n<\/ul>\n<\/li>\n<li><strong>Q : Le PowerSeries convient-il \u00e0 un usage r\u00e9sidentiel et commercial ?<\/strong>\n<ul>\n<li><strong>UN:<\/strong> Oui, sa flexibilit\u00e9 et ses solutions sur mesure le rendent id\u00e9al aussi bien pour les particuliers que pour les entreprises.<\/li>\n<\/ul>\n<\/li>\n<\/ul>\n<h3>Conclusion<\/h3>\n<p>Avec l&#039;\u00e9metteur manuel \u00e0 1 bouton PowerSeries Neo DSC PG8938, vous n&#039;obtenez pas seulement une solution de s\u00e9curit\u00e9 ; vous b\u00e9n\u00e9ficiez de l\u2019innovation, de la flexibilit\u00e9 et d\u2019une technologie sup\u00e9rieure. C&#039;est une s\u00e9curit\u00e9 \u00e0 de nouveaux niveaux, adapt\u00e9e \u00e0 vos besoins uniques.<\/p>","protected":false},"excerpt":{"rendered":"<p>L&#039;\u00e9metteur manuel DSC \u00e0 1 bouton PG8938 est un bouton d&#039;urgence sans fil convivial con\u00e7u pour les syst\u00e8mes d&#039;alarme DSC NEO.<\/p>\n<p>Avec son gros bouton, il permet d&#039;activer facilement l&#039;alarme d&#039;urgence, ce qui augmente la s\u00e9curit\u00e9 aussi bien dans les maisons que dans les entreprises.<\/p>\n<p>Equip\u00e9 d&#039;une LED de confirmation d&#039;\u00e9tat et d&#039;une batterie longue dur\u00e9e allant jusqu&#039;\u00e0 5 ans, cet \u00e9metteur offre une solution de protection fiable et efficace.<\/p>","protected":false},"featured_media":141621,"template":"","meta":{"_acf_changed":false},"product_brand":[],"product_cat":[3327,1322],"product_tag":[3311],"class_list":{"0":"post-72394","1":"product","2":"type-product","3":"status-publish","4":"has-post-thumbnail","6":"product_cat-overfall-fjarrkontrol","7":"product_cat-dsc-larm-neo-power-hybridlarm","8":"product_tag-dsc-neo-svensk-manual","9":"product_shipping_class-postnord-varubrev","10":"pa_brands-4dsc","11":"tm-has-options","13":"first","14":"instock","15":"sale","16":"featured","17":"taxable","18":"shipping-taxable","19":"purchasable","20":"product-type-simple"},"acf":[],"_links":{"self":[{"href":"https:\/\/secureus.se\/fr\/wp-json\/wp\/v2\/product\/72394","targetHints":{"allow":["GET"]}}],"collection":[{"href":"https:\/\/secureus.se\/fr\/wp-json\/wp\/v2\/product"}],"about":[{"href":"https:\/\/secureus.se\/fr\/wp-json\/wp\/v2\/types\/product"}],"wp:featuredmedia":[{"embeddable":true,"href":"https:\/\/secureus.se\/fr\/wp-json\/wp\/v2\/media\/141621"}],"wp:attachment":[{"href":"https:\/\/secureus.se\/fr\/wp-json\/wp\/v2\/media?parent=72394"}],"wp:term":[{"taxonomy":"product_brand","embeddable":true,"href":"https:\/\/secureus.se\/fr\/wp-json\/wp\/v2\/product_brand?post=72394"},{"taxonomy":"product_cat","embeddable":true,"href":"https:\/\/secureus.se\/fr\/wp-json\/wp\/v2\/product_cat?post=72394"},{"taxonomy":"product_tag","embeddable":true,"href":"https:\/\/secureus.se\/fr\/wp-json\/wp\/v2\/product_tag?post=72394"}],"curies":[{"name":"wp","href":"https:\/\/api.w.org\/{rel}","templated":true}]}}