{"id":72395,"date":"2023-01-23T09:55:49","date_gmt":"2023-01-23T08:55:49","guid":{"rendered":"https:\/\/secureus.se\/produkt\/dsc-neo-power-g-wireless-ir-detektor-kamera-detektor-husdjur-pg8934p-2\/"},"modified":"2026-04-01T14:39:27","modified_gmt":"2026-04-01T12:39:27","slug":"dsc-pir-camera-detector-wireless-pg8934p","status":"publish","type":"product","link":"https:\/\/secureus.se\/fr\/dsc-pir-camera-detector-wireless-pg8934p\/","title":{"rendered":"D\u00e9tecteur de cam\u00e9ra DSC PIR sans fil PG8934P"},"content":{"rendered":"<p><strong>D\u00e9tecteur de cam\u00e9ra DSC PIR sans fil PG8934P<\/strong> combine une d\u00e9tection de mouvement de haute qualit\u00e9 avec la technologie de cam\u00e9ra pour garantir une solution de s\u00e9curit\u00e9 efficace.<\/p>\n<p>Avec une zone de couverture de 12 m\u00e8tres et un champ de vision de 90\u00b0, ce d\u00e9tecteur est parfait aussi bien pour la maison que pour l&#039;entreprise.<\/p>\n<p>Il utilise la technologie PowerG qui offre une autonomie allant jusqu&#039;\u00e0 2 km en plein air.<\/p>\n<p>Lors de la d\u00e9tection d&#039;un mouvement, le PG8934P active la cam\u00e9ra, qui capture rapidement des images qui sont envoy\u00e9es au centre d&#039;alarme pour un examen imm\u00e9diat.<\/p>\n<p>Le d\u00e9tecteur est \u00e9galement \u00e9quip\u00e9 de True Motion Recognition\u2122 pour minimiser les fausses alarmes et dispose d&#039;une fonction animal qui autorise les animaux jusqu&#039;\u00e0 38 kg.<\/p>\n<p><strong>Caract\u00e9ristiques et avantages\u00a0:<\/strong><\/p>\n<ul>\n<li>Cam\u00e9ra CMOS avec \u00e9clairage IR pour la surveillance de jour et de nuit.<\/li>\n<li>V\u00e9rification visuelle des alarmes en temps r\u00e9el pour une s\u00e9curit\u00e9 accrue.<\/li>\n<li>Longue dur\u00e9e de vie de la batterie jusqu&#039;\u00e0 3 ans.<\/li>\n<li>Compatible avec les syst\u00e8mes PowerSeries Neo.<\/li>\n<li>Conception facile \u00e0 installer qui minimise les co\u00fbts d\u2019installation.<\/li>\n<\/ul>\n<p><strong>Sp\u00e9cification technique\u00a0:<\/strong><\/p>\n<ul>\n<li>Zone de surveillance : 12 m\u00e8tres, 90\u00b0.<\/li>\n<li>Autonomie de la batterie : 3 ans (normale).<\/li>\n<li>Type de batterie : 2 piles au lithium 3 V CR-123A.<\/li>\n<li>Fonction animal de compagnie : jusqu&#039;\u00e0 38 kg.<\/li>\n<li>Dimensions : 125 x 63 x 60 mm.<\/li>\n<li>Temp\u00e9rature de fonctionnement : -10\u00b0 \u00e0 50\u00b0C.<\/li>\n<\/ul>","protected":false},"excerpt":{"rendered":"<p>Le d\u00e9tecteur de cam\u00e9ra DSC PIR sans fil PG8934P est un d\u00e9tecteur IR sans fil avec cam\u00e9ra, adapt\u00e9 aux animaux de compagnie et con\u00e7u pour Iotega, PowerSeries NEO et PRO.<\/p>\n<p>En cas d&#039;alarme, le d\u00e9tecteur active la cam\u00e9ra qui prend imm\u00e9diatement des photos et les envoie \u00e0 la centrale d&#039;alarme, permettant une surveillance en temps r\u00e9el.<\/p>\n<p>Il dispose d&#039;une port\u00e9e de surveillance de 12 m\u00e8tres et d&#039;une autonomie de batterie allant jusqu&#039;\u00e0 3 ans.<\/p>","protected":false},"featured_media":141634,"template":"","meta":{"_acf_changed":false},"product_brand":[],"product_cat":[3325,1322],"product_tag":[3311,3016,2472],"class_list":{"0":"post-72395","1":"product","2":"type-product","3":"status-publish","4":"has-post-thumbnail","6":"product_cat-kameradetektor","7":"product_cat-dsc-larm-neo-power-hybridlarm","8":"product_tag-dsc-neo-svensk-manual","9":"product_tag-neo-detektorer","10":"product_tag-sbsc-larmklassr","11":"product_shipping_class-postnord-varubrev","12":"pa_brands-4dsc","13":"tm-has-options","15":"first","16":"instock","17":"sale","18":"featured","19":"taxable","20":"shipping-taxable","21":"purchasable","22":"product-type-simple"},"acf":[],"_links":{"self":[{"href":"https:\/\/secureus.se\/fr\/wp-json\/wp\/v2\/product\/72395","targetHints":{"allow":["GET"]}}],"collection":[{"href":"https:\/\/secureus.se\/fr\/wp-json\/wp\/v2\/product"}],"about":[{"href":"https:\/\/secureus.se\/fr\/wp-json\/wp\/v2\/types\/product"}],"wp:featuredmedia":[{"embeddable":true,"href":"https:\/\/secureus.se\/fr\/wp-json\/wp\/v2\/media\/141634"}],"wp:attachment":[{"href":"https:\/\/secureus.se\/fr\/wp-json\/wp\/v2\/media?parent=72395"}],"wp:term":[{"taxonomy":"product_brand","embeddable":true,"href":"https:\/\/secureus.se\/fr\/wp-json\/wp\/v2\/product_brand?post=72395"},{"taxonomy":"product_cat","embeddable":true,"href":"https:\/\/secureus.se\/fr\/wp-json\/wp\/v2\/product_cat?post=72395"},{"taxonomy":"product_tag","embeddable":true,"href":"https:\/\/secureus.se\/fr\/wp-json\/wp\/v2\/product_tag?post=72395"}],"curies":[{"name":"wp","href":"https:\/\/api.w.org\/{rel}","templated":true}]}}