{"id":72398,"date":"2023-01-23T09:55:48","date_gmt":"2023-01-23T08:55:48","guid":{"rendered":"https:\/\/secureus.se\/produkt\/dsc-neo-knappsats-tradlos-hs2lcd-wf-p-prox-engelsk-text-2\/"},"modified":"2026-05-04T14:09:34","modified_gmt":"2026-05-04T12:09:34","slug":"dsc-hs2lcdwfp-svensk-text","status":"publish","type":"product","link":"https:\/\/secureus.se\/fr\/dsc-hs2lcdwfp-svensk-text\/","title":{"rendered":"Clavier de s\u00e9curit\u00e9 sans fil DSC HS2LCDWFP avec Prox et texte su\u00e9dois"},"content":{"rendered":"<p><strong>DSC HS2LCDWFP<\/strong> est un clavier de s\u00e9curit\u00e9 sans fil avanc\u00e9 con\u00e7u pour \u00eatre utilis\u00e9 avec le syst\u00e8me d&#039;alarme DSC Neo.<\/p>\n<p>Ce clavier dispose d&#039;un \u00e9cran LCD facile \u00e0 lire qui affiche les informations en su\u00e9dois, ce qui le rend facile \u00e0 utiliser pour les utilisateurs su\u00e9dois.<\/p>\n<p>Il dispose d&#039;une radio int\u00e9gr\u00e9e qui permet de communiquer jusqu&#039;\u00e0 2 000 m\u00e8tres en plein air, ce qui offre une grande flexibilit\u00e9 lors de l&#039;installation de capteurs sans fil et d&#039;autres produits Neo.<\/p>\n<p>L&#039;une des caract\u00e9ristiques distinctives est le lecteur PROX\/EM int\u00e9gr\u00e9, qui permet l&#039;utilisation de cartes prox pour armer ou d\u00e9sarmer le syst\u00e8me d&#039;alarme rapidement et facilement.<\/p>\n<p>Il offre des textes programmables pour les sections et les zones d&#039;alarme, ainsi que la possibilit\u00e9 de lire la m\u00e9moire des \u00e9v\u00e9nements directement sur l&#039;\u00e9cran.<\/p>\n<p>Avec cinq boutons de fonction, trois boutons d&#039;urgence et une connexion \u00e0 vis pour entr\u00e9e de section filaire ou sortie PGM, le HS2LCDWFP est polyvalent et convivial.<\/p>\n<p>La consommation de courant est comprise entre 55 et 105 mA, ce qui la rend efficace et fiable pour une utilisation \u00e0 long terme.<\/p>","protected":false},"excerpt":{"rendered":"<p>DSC HS2LCDWFP est un clavier sans fil avec \u00e9cran LCD prenant en charge le texte su\u00e9dois pour les syst\u00e8mes d&#039;alarme Neo.<\/p>\n<p>Il dispose d&#039;une radio int\u00e9gr\u00e9e pour les appareils sans fil et d&#039;un lecteur PROX pour une connexion facile.<\/p>\n<p>Dot\u00e9 de textes de sections programmables et d&#039;une m\u00e9moire d&#039;\u00e9v\u00e9nements, ce clavier est \u00e0 la fois convivial et fonctionnel.<\/p>\n<p>&nbsp;<\/p>","protected":false},"featured_media":141643,"template":"","meta":{"_acf_changed":false},"product_brand":[],"product_cat":[3329,1322],"product_tag":[3311,3028,3029],"class_list":{"0":"post-72398","1":"product","2":"type-product","3":"status-publish","4":"has-post-thumbnail","6":"product_cat-knappsats-kod","7":"product_cat-dsc-larm-neo-power-hybridlarm","8":"product_tag-dsc-neo-svensk-manual","9":"product_tag-neo-knappsats-manoverpaneler","10":"product_tag-neo-dsc-knappsats-manoverpaneler","11":"product_shipping_class-postnord-varubrev","12":"pa_brands-4dsc","13":"tm-has-options","15":"first","16":"outofstock","17":"sale","18":"featured","19":"taxable","20":"shipping-taxable","21":"purchasable","22":"product-type-simple"},"acf":[],"_links":{"self":[{"href":"https:\/\/secureus.se\/fr\/wp-json\/wp\/v2\/product\/72398","targetHints":{"allow":["GET"]}}],"collection":[{"href":"https:\/\/secureus.se\/fr\/wp-json\/wp\/v2\/product"}],"about":[{"href":"https:\/\/secureus.se\/fr\/wp-json\/wp\/v2\/types\/product"}],"wp:featuredmedia":[{"embeddable":true,"href":"https:\/\/secureus.se\/fr\/wp-json\/wp\/v2\/media\/141643"}],"wp:attachment":[{"href":"https:\/\/secureus.se\/fr\/wp-json\/wp\/v2\/media?parent=72398"}],"wp:term":[{"taxonomy":"product_brand","embeddable":true,"href":"https:\/\/secureus.se\/fr\/wp-json\/wp\/v2\/product_brand?post=72398"},{"taxonomy":"product_cat","embeddable":true,"href":"https:\/\/secureus.se\/fr\/wp-json\/wp\/v2\/product_cat?post=72398"},{"taxonomy":"product_tag","embeddable":true,"href":"https:\/\/secureus.se\/fr\/wp-json\/wp\/v2\/product_tag?post=72398"}],"curies":[{"name":"wp","href":"https:\/\/api.w.org\/{rel}","templated":true}]}}