{"id":72401,"date":"2023-01-23T09:55:48","date_gmt":"2023-01-23T08:55:48","guid":{"rendered":"https:\/\/secureus.se\/produkt\/dsc-neo-power-g-wireless-fjarrkontroll-pg8939-2\/"},"modified":"2026-01-06T20:44:46","modified_gmt":"2026-01-06T19:44:46","slug":"dsc-pg8939-fjarrkontroll","status":"publish","type":"product","link":"https:\/\/secureus.se\/fr\/dsc-pg8939-fjarrkontroll\/","title":{"rendered":"\u00c9metteur portatif DSC PG8939 \u00e0 4 boutons \u00c9metteur radio \u00e0 4 boutons PowerG \u2013 NEO System 868 Mhz"},"content":{"rendered":"<p><strong>DSC PG8939<\/strong> est une t\u00e9l\u00e9commande sans fil avanc\u00e9e con\u00e7ue pour offrir aux utilisateurs un contr\u00f4le fluide et s\u00e9curis\u00e9 des syst\u00e8mes d&#039;alarme Iotega, PowerSeries NEO et PRO.<\/p>\n<p>Gr\u00e2ce \u00e0 ses quatre boutons faciles \u00e0 utiliser, les utilisateurs peuvent facilement contr\u00f4ler diverses fonctions, notamment l&#039;armement et le d\u00e9sarmement de l&#039;alarme ainsi que l&#039;activation des alarmes d&#039;urgence et de panique.<\/p>\n<p>La t\u00e9l\u00e9commande est \u00e9quip\u00e9e d&#039;un d\u00e9lai unique d&#039;une seconde pour chaque pression sur un bouton, ce qui emp\u00eache le d\u00e9clenchement accidentel d&#039;une alarme.<\/p>\n<p>Il dispose \u00e9galement d&#039;une confirmation d&#039;\u00e9tat avec une indication LED et audio, afin que les utilisateurs sachent toujours que leurs commandes ont \u00e9t\u00e9 ex\u00e9cut\u00e9es correctement.<\/p>\n<p>Avec une autonomie impressionnante allant jusqu&#039;\u00e0 8 ans en utilisation normale, le DSC PG8939 est \u00e0 la fois pratique et durable.<\/p>\n<p>Le PG8939 a un design compact et est livr\u00e9 avec un clip ceinture et un collier, ce qui le rend facile \u00e0 garder \u00e0 port\u00e9e de main lorsque vous en avez le plus besoin.<\/p>\n<p>En int\u00e9grant le DSC PG8939 \u00e0 votre syst\u00e8me de s\u00e9curit\u00e9, vous obtenez une solution fiable et efficace pour prot\u00e9ger votre maison ou votre entreprise.<\/p>\n<p>Cela fait du DSC PG8939 un composant id\u00e9al dans tout syst\u00e8me de s\u00e9curit\u00e9, alliant de la meilleure fa\u00e7on possible commodit\u00e9, fiabilit\u00e9 et facilit\u00e9 d&#039;utilisation.<\/p>","protected":false},"excerpt":{"rendered":"<p>Le DSC PG8939 est une t\u00e9l\u00e9commande sans fil \u00e0 quatre boutons qui facilite le contr\u00f4le de l&#039;alarme dans les syst\u00e8mes Iotega, PowerSeries NEO et PRO.<\/p>\n<p>D&#039;une simple pression, les utilisateurs peuvent activer des alarmes d&#039;urgence et contr\u00f4ler les sorties.<\/p>\n<p>La t\u00e9l\u00e9commande a une longue dur\u00e9e de vie des piles allant jusqu&#039;\u00e0 8 ans et est livr\u00e9e avec une LED pour confirmer l&#039;\u00e9tat.<\/p>\n<p>Clip de ceinture et collier inclus pour plus de commodit\u00e9.<\/p>","protected":false},"featured_media":141654,"template":"","meta":{"_acf_changed":false},"product_brand":[],"product_cat":[3327,1322],"product_tag":[3311,3031],"class_list":{"0":"post-72401","1":"product","2":"type-product","3":"status-publish","4":"has-post-thumbnail","6":"product_cat-overfall-fjarrkontrol","7":"product_cat-dsc-larm-neo-power-hybridlarm","8":"product_tag-dsc-neo-svensk-manual","9":"product_tag-neo-ovriga-tillbehor","10":"product_shipping_class-postnord-varubrev","11":"pa_brands-4dsc","12":"tm-has-options","14":"first","15":"onbackorder","16":"sale","17":"featured","18":"taxable","19":"shipping-taxable","20":"purchasable","21":"product-type-simple"},"acf":[],"_links":{"self":[{"href":"https:\/\/secureus.se\/fr\/wp-json\/wp\/v2\/product\/72401","targetHints":{"allow":["GET"]}}],"collection":[{"href":"https:\/\/secureus.se\/fr\/wp-json\/wp\/v2\/product"}],"about":[{"href":"https:\/\/secureus.se\/fr\/wp-json\/wp\/v2\/types\/product"}],"wp:featuredmedia":[{"embeddable":true,"href":"https:\/\/secureus.se\/fr\/wp-json\/wp\/v2\/media\/141654"}],"wp:attachment":[{"href":"https:\/\/secureus.se\/fr\/wp-json\/wp\/v2\/media?parent=72401"}],"wp:term":[{"taxonomy":"product_brand","embeddable":true,"href":"https:\/\/secureus.se\/fr\/wp-json\/wp\/v2\/product_brand?post=72401"},{"taxonomy":"product_cat","embeddable":true,"href":"https:\/\/secureus.se\/fr\/wp-json\/wp\/v2\/product_cat?post=72401"},{"taxonomy":"product_tag","embeddable":true,"href":"https:\/\/secureus.se\/fr\/wp-json\/wp\/v2\/product_tag?post=72401"}],"curies":[{"name":"wp","href":"https:\/\/api.w.org\/{rel}","templated":true}]}}