{"id":72402,"date":"2023-01-23T09:55:48","date_gmt":"2023-01-23T08:55:48","guid":{"rendered":"https:\/\/secureus.se\/produkt\/utgangskort-hsm2208-med-8-pgm-2\/"},"modified":"2025-12-31T20:40:23","modified_gmt":"2025-12-31T19:40:23","slug":"dsc-hsm2300-power-supply-module","status":"publish","type":"product","link":"https:\/\/secureus.se\/fr\/dsc-hsm2300-power-supply-module\/","title":{"rendered":"Module d&#039;alimentation surveill\u00e9 DSC HSM2300"},"content":{"rendered":"<p><strong>DSCHSM2300<\/strong> est un module d&#039;alimentation puissant et fiable con\u00e7u pour r\u00e9pondre aux besoins des syst\u00e8mes d&#039;alarme DSC Neo.<\/p>\n<p>Avec une sortie de 12 V CC et 1 A, il est id\u00e9al pour les installations o\u00f9 une puissance suppl\u00e9mentaire est requise, en particulier lors de l&#039;extension du syst\u00e8me.<\/p>\n<p>Le HSM2300 est con\u00e7u pour \u00eatre connect\u00e9 \u00e0 un transformateur de 40 VA et \u00e0 sa propre batterie de secours (7 Ah) afin de garantir que le syst\u00e8me continue de fonctionner m\u00eame en cas de panne de courant.<\/p>\n<p>Ce module est enti\u00e8rement surveill\u00e9 pour d\u00e9tecter d&#039;\u00e9ventuels d\u00e9fauts CA, batterie faible et d\u00e9fauts AUX, offrant un niveau de s\u00e9curit\u00e9 suppl\u00e9mentaire.<\/p>\n<p>Avec sa sortie de 1 A, il peut \u00eatre utilis\u00e9 pour alimenter divers composants de s\u00e9curit\u00e9, notamment des sir\u00e8nes et d&#039;autres appareils, ce qui en fait une solution polyvalente pour les installations r\u00e9sidentielles et commerciales.<\/p>\n<p>Le PowerSeries Neo est exceptionnel avec sa capacit\u00e9 \u00e0 surveiller jusqu&#039;\u00e0 128 zones sans fil et mat\u00e9riellement, permettant une solution de s\u00e9curit\u00e9 personnalis\u00e9e avec 8 partitions pour diff\u00e9rentes zones d&#039;un b\u00e2timent.<\/p>\n<p>Avec le HSM2300 int\u00e9gr\u00e9 au syst\u00e8me, les utilisateurs peuvent \u00eatre s\u00fbrs que leur s\u00e9curit\u00e9 est garantie et qu&#039;ils disposent d&#039;une alimentation robuste pour prendre en charge l&#039;ensemble du syst\u00e8me.<\/p>","protected":false},"excerpt":{"rendered":"<p>Le DSC HSM2300 est une alimentation 12 V CC avec une sortie de 1 A, sp\u00e9cialement con\u00e7ue pour les syst\u00e8mes d&#039;alarme Neo.<\/p>\n<p>Il prend en charge une installation maximale avec jusqu&#039;\u00e0 4 cartes d&#039;alimentation pour HS2128 et 3 pour les autres syst\u00e8mes.<\/p>\n<p>En garantissant une alimentation \u00e9lectrique fiable, le HSM2300 prot\u00e8ge contre les chutes de tension et les surcharges, ce qui en fait un \u00e9l\u00e9ment important dans le maintien de la s\u00e9curit\u00e9.<\/p>","protected":false},"featured_media":140762,"template":"","meta":{"_acf_changed":false},"product_brand":[],"product_cat":[3328,1322],"product_tag":[3311,3030],"class_list":{"0":"post-72402","1":"product","2":"type-product","3":"status-publish","4":"has-post-thumbnail","6":"product_cat-kort-utbyggnad","7":"product_cat-dsc-larm-neo-power-hybridlarm","8":"product_tag-dsc-neo-svensk-manual","9":"product_tag-neo-matnings-utgangskort","10":"product_shipping_class-postnord-varubrev","11":"pa_brands-4dsc","12":"tm-has-options","14":"first","15":"onbackorder","16":"sale","17":"featured","18":"taxable","19":"shipping-taxable","20":"purchasable","21":"product-type-simple"},"acf":[],"_links":{"self":[{"href":"https:\/\/secureus.se\/fr\/wp-json\/wp\/v2\/product\/72402","targetHints":{"allow":["GET"]}}],"collection":[{"href":"https:\/\/secureus.se\/fr\/wp-json\/wp\/v2\/product"}],"about":[{"href":"https:\/\/secureus.se\/fr\/wp-json\/wp\/v2\/types\/product"}],"wp:featuredmedia":[{"embeddable":true,"href":"https:\/\/secureus.se\/fr\/wp-json\/wp\/v2\/media\/140762"}],"wp:attachment":[{"href":"https:\/\/secureus.se\/fr\/wp-json\/wp\/v2\/media?parent=72402"}],"wp:term":[{"taxonomy":"product_brand","embeddable":true,"href":"https:\/\/secureus.se\/fr\/wp-json\/wp\/v2\/product_brand?post=72402"},{"taxonomy":"product_cat","embeddable":true,"href":"https:\/\/secureus.se\/fr\/wp-json\/wp\/v2\/product_cat?post=72402"},{"taxonomy":"product_tag","embeddable":true,"href":"https:\/\/secureus.se\/fr\/wp-json\/wp\/v2\/product_tag?post=72402"}],"curies":[{"name":"wp","href":"https:\/\/api.w.org\/{rel}","templated":true}]}}