{"id":72403,"date":"2023-01-23T09:55:48","date_gmt":"2023-01-23T08:55:48","guid":{"rendered":"https:\/\/secureus.se\/produkt\/dsc-neo-matnings-utgangskort-hsm2204-12vdc-1-amp-4-p-2\/"},"modified":"2026-04-17T09:56:00","modified_gmt":"2026-04-17T07:56:00","slug":"dsc-hsm2204-power-module","status":"publish","type":"product","link":"https:\/\/secureus.se\/fr\/dsc-hsm2204-power-module\/","title":{"rendered":"Module d&#039;alimentation DSC HSM2204 avec 4 sorties haute puissance"},"content":{"rendered":"<p><strong>Module d&#039;alimentation DSC HSM2204<\/strong> est une solution robuste et polyvalente pour am\u00e9liorer l&#039;alimentation \u00e9lectrique des syst\u00e8mes d&#039;alarme DSC Neo.<\/p>\n<p>Cette unit\u00e9 est \u00e9quip\u00e9e d&#039;une sortie principale qui fournit 12 V CC avec un courant allant jusqu&#039;\u00e0 1 A, ainsi que de quatre sorties programmables pouvant \u00e9galement g\u00e9rer 1 A chacune.<\/p>\n<p>Cela rend le HSM2204 id\u00e9al pour les installations commerciales et r\u00e9sidentielles o\u00f9 une alimentation suppl\u00e9mentaire peut \u00eatre n\u00e9cessaire pour alimenter divers composants de s\u00e9curit\u00e9, tels que les sir\u00e8nes et autres appareils.<\/p>\n<p>Le HSM2204 est con\u00e7u pour offrir un haut niveau de surveillance et de s\u00e9curit\u00e9.<\/p>\n<p>Il est enti\u00e8rement surveill\u00e9 pour les d\u00e9fauts CA, la batterie faible et les d\u00e9fauts AUX, offrant aux utilisateurs la tranquillit\u00e9 d&#039;esprit que leur syst\u00e8me de s\u00e9curit\u00e9 est toujours dans un \u00e9tat optimal. Avec une capacit\u00e9 pouvant accueillir jusqu&#039;\u00e0 quatre modules d&#039;alimentation dans un syst\u00e8me pour le HS2128, trois pour le HS2064 et un pour d&#039;autres appareils centraux, le HSM2204 offre une configuration et une int\u00e9gration flexibles dans divers environnements de s\u00e9curit\u00e9.<\/p>\n<p>Ce module n\u00e9cessite une connexion \u00e0 un transformateur (40 VA) et une batterie de secours de 7 Ah pour garantir que le syst\u00e8me reste actif m\u00eame en cas de panne de courant.<\/p>\n<p>Avec son design compact et son installation conviviale, le DSC HSM2204 est un excellent composant pour ceux qui souhaitent am\u00e9liorer la s\u00e9curit\u00e9 et la fiabilit\u00e9 de leurs syst\u00e8mes d&#039;alarme.<\/p>","protected":false},"excerpt":{"rendered":"<p>Le DSC HSM2204 est une carte d&#039;alimentation puissante pour les syst\u00e8mes d&#039;alarme Neo, avec une sortie 12VDC\/1 Amp et quatre sorties programmables (1 Amp).<\/p>\n<p>Il offre une surveillance des pannes secteur, des batteries faibles et des pannes AUX.<\/p>\n<p>Id\u00e9al pour les grandes installations et n\u00e9cessite une connexion \u00e0 un transformateur et une batterie de secours.<\/p>\n<p>Le HSM2204 prend en charge jusqu&#039;\u00e0 quatre cartes dans un seul syst\u00e8me pour une flexibilit\u00e9 et une s\u00e9curit\u00e9 accrues.<\/p>\n<p>&nbsp;<\/p>","protected":false},"featured_media":141171,"template":"","meta":{"_acf_changed":false},"product_brand":[],"product_cat":[3328,1322],"product_tag":[3311,3030],"class_list":{"0":"post-72403","1":"product","2":"type-product","3":"status-publish","4":"has-post-thumbnail","6":"product_cat-kort-utbyggnad","7":"product_cat-dsc-larm-neo-power-hybridlarm","8":"product_tag-dsc-neo-svensk-manual","9":"product_tag-neo-matnings-utgangskort","10":"product_shipping_class-postnord-varubrev","11":"pa_brands-4dsc","12":"tm-has-options","14":"first","15":"instock","16":"sale","17":"featured","18":"taxable","19":"shipping-taxable","20":"purchasable","21":"product-type-simple"},"acf":[],"_links":{"self":[{"href":"https:\/\/secureus.se\/fr\/wp-json\/wp\/v2\/product\/72403","targetHints":{"allow":["GET"]}}],"collection":[{"href":"https:\/\/secureus.se\/fr\/wp-json\/wp\/v2\/product"}],"about":[{"href":"https:\/\/secureus.se\/fr\/wp-json\/wp\/v2\/types\/product"}],"wp:featuredmedia":[{"embeddable":true,"href":"https:\/\/secureus.se\/fr\/wp-json\/wp\/v2\/media\/141171"}],"wp:attachment":[{"href":"https:\/\/secureus.se\/fr\/wp-json\/wp\/v2\/media?parent=72403"}],"wp:term":[{"taxonomy":"product_brand","embeddable":true,"href":"https:\/\/secureus.se\/fr\/wp-json\/wp\/v2\/product_brand?post=72403"},{"taxonomy":"product_cat","embeddable":true,"href":"https:\/\/secureus.se\/fr\/wp-json\/wp\/v2\/product_cat?post=72403"},{"taxonomy":"product_tag","embeddable":true,"href":"https:\/\/secureus.se\/fr\/wp-json\/wp\/v2\/product_tag?post=72403"}],"curies":[{"name":"wp","href":"https:\/\/api.w.org\/{rel}","templated":true}]}}