{"id":72404,"date":"2023-01-23T09:55:47","date_gmt":"2023-01-23T08:55:47","guid":{"rendered":"https:\/\/secureus.se\/produkt\/neo-output-expander-hsm2208\/"},"modified":"2026-04-01T14:39:10","modified_gmt":"2026-04-01T12:39:10","slug":"dsc-hsm2208-module-8-output","status":"publish","type":"product","link":"https:\/\/secureus.se\/fr\/dsc-hsm2208-module-8-output\/","title":{"rendered":"Module DSC HSM2208 pour extension \u00e0 8 sorties pour PowerSeries NEO"},"content":{"rendered":"<p><strong>DSC HSM2208<\/strong> est une puissante extension de module con\u00e7ue pour \u00e9tendre les capacit\u00e9s du syst\u00e8me d&#039;alarme Neo avec huit sorties transistor programmables.<\/p>\n<p>Chaque sortie peut \u00eatre charg\u00e9e jusqu&#039;\u00e0 50 mA et offre 41 options de fonctions diff\u00e9rentes, ce qui en fait une solution flexible pour les besoins de s\u00e9curit\u00e9 personnalis\u00e9s.<\/p>\n<p>Le HSM2208 est fourni sans bo\u00eetier, ce qui permet \u00e0 l&#039;utilisateur de le monter dans son propre bo\u00eetier ou dans le bo\u00eetier principal de la centrale.<\/p>\n<p>Avec une consommation de courant de seulement 40 mA, le module peut \u00eatre int\u00e9gr\u00e9 efficacement dans les syst\u00e8mes existants sans affecter les performances.<\/p>\n<p>Le nombre maximum de cartes HSM2208 pouvant \u00eatre install\u00e9es varie en fonction de la capacit\u00e9 de la centrale, donnant aux utilisateurs la possibilit\u00e9 d&#039;\u00e9tendre facilement leurs syst\u00e8mes de s\u00e9curit\u00e9.<\/p>\n<p>Ce module est une solution id\u00e9ale pour les applications r\u00e9sidentielles et commerciales qui n\u00e9cessitent une surveillance fiable et flexible.<\/p>","protected":false},"excerpt":{"rendered":"<p>DSC HSM2208 est une carte de sortie avec 8 sorties transistor programmables pour les syst\u00e8mes d&#039;alarme Neo.<\/p>\n<p>Max 50 mA par sortie et installation flexible dans diff\u00e9rents bo\u00eetiers.<\/p>","protected":false},"featured_media":141191,"template":"","meta":{"_acf_changed":false},"product_brand":[],"product_cat":[1322,3328],"product_tag":[3311,3030],"class_list":{"0":"post-72404","1":"product","2":"type-product","3":"status-publish","4":"has-post-thumbnail","6":"product_cat-dsc-larm-neo-power-hybridlarm","7":"product_cat-kort-utbyggnad","8":"product_tag-dsc-neo-svensk-manual","9":"product_tag-neo-matnings-utgangskort","10":"product_shipping_class-postnord-varubrev","11":"pa_brands-4dsc","12":"tm-has-options","14":"first","15":"instock","16":"sale","17":"featured","18":"taxable","19":"shipping-taxable","20":"purchasable","21":"product-type-simple"},"acf":[],"_links":{"self":[{"href":"https:\/\/secureus.se\/fr\/wp-json\/wp\/v2\/product\/72404","targetHints":{"allow":["GET"]}}],"collection":[{"href":"https:\/\/secureus.se\/fr\/wp-json\/wp\/v2\/product"}],"about":[{"href":"https:\/\/secureus.se\/fr\/wp-json\/wp\/v2\/types\/product"}],"wp:featuredmedia":[{"embeddable":true,"href":"https:\/\/secureus.se\/fr\/wp-json\/wp\/v2\/media\/141191"}],"wp:attachment":[{"href":"https:\/\/secureus.se\/fr\/wp-json\/wp\/v2\/media?parent=72404"}],"wp:term":[{"taxonomy":"product_brand","embeddable":true,"href":"https:\/\/secureus.se\/fr\/wp-json\/wp\/v2\/product_brand?post=72404"},{"taxonomy":"product_cat","embeddable":true,"href":"https:\/\/secureus.se\/fr\/wp-json\/wp\/v2\/product_cat?post=72404"},{"taxonomy":"product_tag","embeddable":true,"href":"https:\/\/secureus.se\/fr\/wp-json\/wp\/v2\/product_tag?post=72404"}],"curies":[{"name":"wp","href":"https:\/\/api.w.org\/{rel}","templated":true}]}}