{"id":72408,"date":"2023-01-23T09:55:47","date_gmt":"2023-01-23T08:55:47","guid":{"rendered":"https:\/\/secureus.se\/produkt\/neo-keypad-lcd-hs2lcd-svensk-text\/"},"modified":"2026-05-04T14:11:07","modified_gmt":"2026-05-04T12:11:07","slug":"dsc-security-keypad-hs2lcd","status":"publish","type":"product","link":"https:\/\/secureus.se\/fr\/dsc-security-keypad-hs2lcd\/","title":{"rendered":"Clavier de s\u00e9curit\u00e9 DSC HS2LCD \u2013 texte su\u00e9dois"},"content":{"rendered":"<p><strong>Clavier de s\u00e9curit\u00e9 DSC HS2LCD<\/strong> est un clavier avanc\u00e9 et convivial con\u00e7u pour fonctionner avec le syst\u00e8me d&#039;alarme Neo.<\/p>\n<p>Cet appareil dispose d&#039;un \u00e9cran LCD clair avec des textes su\u00e9dois, ce qui facilite la navigation pour les utilisateurs dans les environnements su\u00e9dois. Prenant en charge jusqu&#039;\u00e0 128 zones filaires ou sans fil, le clavier peut \u00eatre personnalis\u00e9 pour r\u00e9pondre \u00e0 une vari\u00e9t\u00e9 de besoins de s\u00e9curit\u00e9, qu&#039;il s&#039;agisse d&#039;installations r\u00e9sidentielles ou commerciales.<\/p>\n<p>Le HS2LCD propose des \u00e9tiquettes enti\u00e8rement programmables comportant jusqu&#039;\u00e0 32 caract\u00e8res, permettant une personnalisation et une identification claire des diff\u00e9rentes sections et zones d&#039;alarme.<\/p>\n<p>Le clavier dispose de cinq touches de fonction programmables pour un acc\u00e8s rapide et de trois touches d&#039;urgence pour une r\u00e9ponse imm\u00e9diate en cas d&#039;urgence.<\/p>\n<p>De plus, l&#039;appareil dispose d&#039;un affichage de temp\u00e9rature int\u00e9gr\u00e9, qui fournit des informations suppl\u00e9mentaires \u00e0 l&#039;utilisateur.<\/p>\n<p>Le design moderne et fin du HS2LCD, avec des boutons r\u00e9tro\u00e9clair\u00e9s, garantit une utilisation facile m\u00eame dans des conditions de faible luminosit\u00e9.<\/p>\n<p>Avec une consommation de courant comprise entre 55 et 105 mA, ce clavier est \u00e9galement \u00e9conome en \u00e9nergie.<\/p>\n<p>Avec des fonctionnalit\u00e9s telles que la m\u00e9moire d&#039;\u00e9v\u00e9nements, le r\u00e9tro\u00e9clairage programmable et le double support mural, le HS2LCD offre une combinaison de fonctionnalit\u00e9s et de flexibilit\u00e9 difficile \u00e0 battre.<\/p>\n<p>Que vous cherchiez \u00e0 renforcer la s\u00e9curit\u00e9 de votre maison ou de votre entreprise, le clavier de s\u00e9curit\u00e9 DSC HS2LCD est une solution fiable et efficace.<\/p>","protected":false},"excerpt":{"rendered":"<p>Le clavier de s\u00e9curit\u00e9 DSC HS2LCD est un clavier filaire avec \u00e9cran LCD et texte su\u00e9dois, con\u00e7u pour le syst\u00e8me d&#039;alarme Neo.<\/p>\n<p>Il dispose de textes programmables pour les sections et les m\u00e9moires d&#039;\u00e9v\u00e9nements qui peuvent \u00eatre lus sur l&#039;\u00e9cran.<\/p>\n<p>Avec cinq boutons de fonction, trois boutons d&#039;urgence et la capacit\u00e9 de prendre en charge jusqu&#039;\u00e0 128 zones, il offre une solution conviviale pour une surveillance et un contr\u00f4le efficaces.<\/p>","protected":false},"featured_media":140615,"template":"","meta":{"_acf_changed":false},"product_brand":[],"product_cat":[3329,1322],"product_tag":[3311,3028,3029],"class_list":{"0":"post-72408","1":"product","2":"type-product","3":"status-publish","4":"has-post-thumbnail","6":"product_cat-knappsats-kod","7":"product_cat-dsc-larm-neo-power-hybridlarm","8":"product_tag-dsc-neo-svensk-manual","9":"product_tag-neo-knappsats-manoverpaneler","10":"product_tag-neo-dsc-knappsats-manoverpaneler","11":"product_shipping_class-postnord-varubrev","12":"pa_brands-4dsc","13":"tm-has-options","15":"first","16":"outofstock","17":"sale","18":"featured","19":"taxable","20":"shipping-taxable","21":"purchasable","22":"product-type-simple"},"acf":[],"_links":{"self":[{"href":"https:\/\/secureus.se\/fr\/wp-json\/wp\/v2\/product\/72408","targetHints":{"allow":["GET"]}}],"collection":[{"href":"https:\/\/secureus.se\/fr\/wp-json\/wp\/v2\/product"}],"about":[{"href":"https:\/\/secureus.se\/fr\/wp-json\/wp\/v2\/types\/product"}],"wp:featuredmedia":[{"embeddable":true,"href":"https:\/\/secureus.se\/fr\/wp-json\/wp\/v2\/media\/140615"}],"wp:attachment":[{"href":"https:\/\/secureus.se\/fr\/wp-json\/wp\/v2\/media?parent=72408"}],"wp:term":[{"taxonomy":"product_brand","embeddable":true,"href":"https:\/\/secureus.se\/fr\/wp-json\/wp\/v2\/product_brand?post=72408"},{"taxonomy":"product_cat","embeddable":true,"href":"https:\/\/secureus.se\/fr\/wp-json\/wp\/v2\/product_cat?post=72408"},{"taxonomy":"product_tag","embeddable":true,"href":"https:\/\/secureus.se\/fr\/wp-json\/wp\/v2\/product_tag?post=72408"}],"curies":[{"name":"wp","href":"https:\/\/api.w.org\/{rel}","templated":true}]}}