{"id":72413,"date":"2023-01-23T09:55:47","date_gmt":"2023-01-23T08:55:47","guid":{"rendered":"https:\/\/secureus.se\/produkt\/zone-expander-hsm2108-8-sektioner-neo\/"},"modified":"2026-04-13T12:00:52","modified_gmt":"2026-04-13T10:00:52","slug":"dsc-hsm2108-sektionskort","status":"publish","type":"product","link":"https:\/\/secureus.se\/fr\/dsc-hsm2108-sektionskort\/","title":{"rendered":"Extension de s\u00e9curit\u00e9 c\u00e2bl\u00e9e DSC HSM2108 - 8 sections"},"content":{"rendered":"<p><strong>DSC HSM2108<\/strong> est un \u00e9l\u00e9ment important pour augmenter la capacit\u00e9 du syst\u00e8me d&#039;alarme DSC Neo.<\/p>\n<p>Cette carte de sections permet d&#039;ajouter jusqu&#039;\u00e0 8 sections filaires par carte, permettant d&#039;adapter la solution de s\u00e9curit\u00e9 \u00e0 des besoins sp\u00e9cifiques.<\/p>\n<p>Le HSM2108 offre des sections doublement \u00e9quilibr\u00e9es enti\u00e8rement programmables, offrant \u00e0 l&#039;utilisateur flexibilit\u00e9 et contr\u00f4le sur la configuration du syst\u00e8me de s\u00e9curit\u00e9.<\/p>\n<p>\u00c0 capacit\u00e9 maximale, jusqu&#039;\u00e0 15 panneaux de section peuvent \u00eatre connect\u00e9s au HS2128, 7 au HS2064, 3 au HS2032 et 1 au HS2016, offrant ainsi de nombreuses possibilit\u00e9s pour les installations r\u00e9sidentielles et commerciales.<\/p>\n<p>La carte est fournie sans bo\u00eetier et peut \u00eatre mont\u00e9e dans un bo\u00eetier s\u00e9par\u00e9 ou int\u00e9gr\u00e9e dans le bo\u00eetier principal du panneau de commande, facilitant ainsi l&#039;installation et la manipulation.<\/p>\n<p>Le HSM2108 a une consommation de courant de 30 mA et assure une surveillance et une s\u00e9curit\u00e9 fiables du syst\u00e8me.<\/p>\n<p>Gr\u00e2ce \u00e0 cette approche modulaire, les utilisateurs peuvent faire \u00e9voluer et adapter leurs syst\u00e8mes de s\u00e9curit\u00e9 pour r\u00e9pondre aux exigences actuelles et futures.<\/p>\n<p><b>\u00a0<\/b>est un \u00e9l\u00e9ment important pour augmenter la capacit\u00e9 du syst\u00e8me d&#039;alarme DSC Neo.<\/p>\n<p>Cette carte de sections permet d&#039;ajouter jusqu&#039;\u00e0 8 sections filaires par carte, permettant d&#039;adapter la solution de s\u00e9curit\u00e9 \u00e0 des besoins sp\u00e9cifiques. Le HSM2108 offre des sections doublement \u00e9quilibr\u00e9es enti\u00e8rement programmables, offrant \u00e0 l&#039;utilisateur flexibilit\u00e9 et contr\u00f4le sur la configuration du syst\u00e8me de s\u00e9curit\u00e9.<\/p>\n<p>\u00c0 capacit\u00e9 maximale, jusqu&#039;\u00e0 15 panneaux de section peuvent \u00eatre connect\u00e9s au HS2128, 7 au HS2064, 3 au HS2032 et 1 au HS2016, offrant ainsi de nombreuses possibilit\u00e9s pour les installations r\u00e9sidentielles et commerciales.<\/p>\n<p>La carte est fournie sans bo\u00eetier et peut \u00eatre mont\u00e9e dans un bo\u00eetier s\u00e9par\u00e9 ou int\u00e9gr\u00e9e dans le bo\u00eetier principal du panneau de commande, facilitant ainsi l&#039;installation et la manipulation.<\/p>\n<p>Le HSM2108 a une consommation de courant de 30 mA et assure une surveillance et une s\u00e9curit\u00e9 fiables du syst\u00e8me.<\/p>\n<p>Gr\u00e2ce \u00e0 cette approche modulaire, les utilisateurs peuvent faire \u00e9voluer et adapter leurs syst\u00e8mes de s\u00e9curit\u00e9 pour r\u00e9pondre aux exigences actuelles et futures.<\/p>","protected":false},"excerpt":{"rendered":"<p>DSC HSM2108 est une carte de section qui \u00e9tend le syst\u00e8me d&#039;alarme Neo avec 8 sections filaires par carte.<\/p>\n<p>Avec des sections doublement \u00e9quilibr\u00e9es enti\u00e8rement programmables, cela offre une s\u00e9curit\u00e9 modulaire et une flexibilit\u00e9 pour les installations personnalis\u00e9es.<\/p>\n<p>Le HSM2108 n\u00e9cessite une connexion \u00e0 un bo\u00eetier et a une consommation de courant de 30 mA.<\/p>\n<p>&nbsp;<\/p>","protected":false},"featured_media":140955,"template":"","meta":{"_acf_changed":false},"product_brand":[],"product_cat":[3328,1322],"product_tag":[3311,3030],"class_list":{"0":"post-72413","1":"product","2":"type-product","3":"status-publish","4":"has-post-thumbnail","6":"product_cat-kort-utbyggnad","7":"product_cat-dsc-larm-neo-power-hybridlarm","8":"product_tag-dsc-neo-svensk-manual","9":"product_tag-neo-matnings-utgangskort","10":"product_shipping_class-postnord-varubrev","11":"pa_brands-4dsc","12":"tm-has-options","14":"first","15":"instock","16":"sale","17":"featured","18":"taxable","19":"shipping-taxable","20":"purchasable","21":"product-type-simple"},"acf":[],"_links":{"self":[{"href":"https:\/\/secureus.se\/fr\/wp-json\/wp\/v2\/product\/72413","targetHints":{"allow":["GET"]}}],"collection":[{"href":"https:\/\/secureus.se\/fr\/wp-json\/wp\/v2\/product"}],"about":[{"href":"https:\/\/secureus.se\/fr\/wp-json\/wp\/v2\/types\/product"}],"wp:featuredmedia":[{"embeddable":true,"href":"https:\/\/secureus.se\/fr\/wp-json\/wp\/v2\/media\/140955"}],"wp:attachment":[{"href":"https:\/\/secureus.se\/fr\/wp-json\/wp\/v2\/media?parent=72413"}],"wp:term":[{"taxonomy":"product_brand","embeddable":true,"href":"https:\/\/secureus.se\/fr\/wp-json\/wp\/v2\/product_brand?post=72413"},{"taxonomy":"product_cat","embeddable":true,"href":"https:\/\/secureus.se\/fr\/wp-json\/wp\/v2\/product_cat?post=72413"},{"taxonomy":"product_tag","embeddable":true,"href":"https:\/\/secureus.se\/fr\/wp-json\/wp\/v2\/product_tag?post=72413"}],"curies":[{"name":"wp","href":"https:\/\/api.w.org\/{rel}","templated":true}]}}