{"id":72417,"date":"2023-01-23T09:55:46","date_gmt":"2023-01-23T08:55:46","guid":{"rendered":"https:\/\/secureus.se\/produkt\/dsc-neo-power-g-wireless-ir-detektor-husdjur-pg8914-2\/"},"modified":"2026-04-14T13:54:37","modified_gmt":"2026-04-14T11:54:37","slug":"dsc-pir-pg8914-wireless-digital-pet","status":"publish","type":"product","link":"https:\/\/secureus.se\/fr\/dsc-pir-pg8914-wireless-digital-pet\/","title":{"rendered":"DSC PIR PG8914 Animal num\u00e9rique sans fil (38Kg) PowerG"},"content":{"rendered":"<p><strong>DSC PIR PG8914<\/strong> est le dernier d\u00e9tecteur IR sans fil de la s\u00e9rie PowerG, con\u00e7u pour offrir une d\u00e9tection de mouvement et une s\u00e9curit\u00e9 sup\u00e9rieures.<\/p>\n<p>Dot\u00e9 d&#039;une fonction animal int\u00e9gr\u00e9e qui peut \u00eatre activ\u00e9e ou d\u00e9sactiv\u00e9e, ce d\u00e9tecteur est id\u00e9al pour les maisons avec des animaux, car il peut ignorer les mouvements des animaux pesant jusqu&#039;\u00e0 38 kg.<\/p>\n<p>Il utilise la technologie PowerG avanc\u00e9e qui garantit une communication fiable \u00e0 des distances allant jusqu&#039;\u00e0 2 km en champ ouvert.<\/p>\n<p>Le d\u00e9tecteur a une port\u00e9e de d\u00e9tection maximale de 12 m\u00e8tres et est \u00e9quip\u00e9 de True Motion Recognition\u2122, qui lui permet de distinguer les menaces r\u00e9elles des autres mouvements pouvant provoquer de fausses alarmes.<\/p>\n<p>Avec son design moderne et sa taille compacte, le PG8914 s&#039;int\u00e8gre dans tout type d&#039;environnement et est facile \u00e0 installer sans n\u00e9cessiter de r\u00e9glages verticaux.<\/p>\n<p>La dur\u00e9e de vie de la batterie est impressionnante et s&#039;\u00e9tend jusqu&#039;\u00e0 6 \u00e0 8 ans, ce qui garantit un fonctionnement durable et sans entretien.<\/p>\n<p>Le DSC PIR PG8914 est une solution parfaite pour les syst\u00e8mes de s\u00e9curit\u00e9 r\u00e9sidentiels et commerciaux et peut \u00eatre facilement int\u00e9gr\u00e9 aux syst\u00e8mes DSC PowerSeries Neo.<\/p>","protected":false},"excerpt":{"rendered":"<p>Le DSC PIR PG8914 est un d\u00e9tecteur IR sans fil qui offre une d\u00e9tection de mouvement avanc\u00e9e avec une fonction adapt\u00e9e aux animaux pesant jusqu&#039;\u00e0 38 kg.<\/p>\n<p>Equip\u00e9 de la technologie PowerG, il dispose d&#039;une port\u00e9e allant jusqu&#039;\u00e0 12 m\u00e8tres et de True Motion Recognition\u2122 pour minimiser les fausses alarmes.<\/p>\n<p>La longue dur\u00e9e de vie de la batterie de 6 \u00e0 8 ans en fait une solution de s\u00e9curit\u00e9 fiable pour votre maison ou votre entreprise.<\/p>","protected":false},"featured_media":140970,"template":"","meta":{"_acf_changed":false},"product_brand":[],"product_cat":[3326,1322],"product_tag":[3152,3311,3016,2472],"class_list":{"0":"post-72417","1":"product","2":"type-product","3":"status-publish","4":"has-post-thumbnail","6":"product_cat-rorelsedetektor","7":"product_cat-dsc-larm-neo-power-hybridlarm","8":"product_tag-cr123-tillbehor","9":"product_tag-dsc-neo-svensk-manual","10":"product_tag-neo-detektorer","11":"product_tag-sbsc-larmklassr","12":"product_shipping_class-postnord-varubrev","13":"pa_brands-4dsc","14":"tm-has-options","16":"first","17":"instock","18":"sale","19":"featured","20":"taxable","21":"shipping-taxable","22":"purchasable","23":"product-type-simple"},"acf":[],"_links":{"self":[{"href":"https:\/\/secureus.se\/fr\/wp-json\/wp\/v2\/product\/72417","targetHints":{"allow":["GET"]}}],"collection":[{"href":"https:\/\/secureus.se\/fr\/wp-json\/wp\/v2\/product"}],"about":[{"href":"https:\/\/secureus.se\/fr\/wp-json\/wp\/v2\/types\/product"}],"wp:featuredmedia":[{"embeddable":true,"href":"https:\/\/secureus.se\/fr\/wp-json\/wp\/v2\/media\/140970"}],"wp:attachment":[{"href":"https:\/\/secureus.se\/fr\/wp-json\/wp\/v2\/media?parent=72417"}],"wp:term":[{"taxonomy":"product_brand","embeddable":true,"href":"https:\/\/secureus.se\/fr\/wp-json\/wp\/v2\/product_brand?post=72417"},{"taxonomy":"product_cat","embeddable":true,"href":"https:\/\/secureus.se\/fr\/wp-json\/wp\/v2\/product_cat?post=72417"},{"taxonomy":"product_tag","embeddable":true,"href":"https:\/\/secureus.se\/fr\/wp-json\/wp\/v2\/product_tag?post=72417"}],"curies":[{"name":"wp","href":"https:\/\/api.w.org\/{rel}","templated":true}]}}