{"id":72418,"date":"2023-01-23T09:55:45","date_gmt":"2023-01-23T08:55:45","guid":{"rendered":"https:\/\/secureus.se\/produkt\/powerg-wireless-pir-360-10m-pg8862\/"},"modified":"2025-12-31T20:39:40","modified_gmt":"2025-12-31T19:39:40","slug":"dsc-wireless-pir-360-pg8862","status":"publish","type":"product","link":"https:\/\/secureus.se\/fr\/dsc-wireless-pir-360-pg8862\/","title":{"rendered":"DSC sans fil PIR 360\u00b0 \u00ab 10 m \u00bb sans fil PG8862"},"content":{"rendered":"<p><strong>DSC PIR sans fil PG8862<\/strong> est un d\u00e9tecteur de mouvement avanc\u00e9 con\u00e7u pour fournir une d\u00e9tection \u00e0 360 degr\u00e9s, ce qui le rend id\u00e9al pour un montage au plafond dans des pi\u00e8ces de taille moyenne.<\/p>\n<p>Avec un rayon de d\u00e9tection allant jusqu&#039;\u00e0 20 m\u00e8tres, ce d\u00e9tecteur peut \u00eatre plac\u00e9 \u00e0 une hauteur de 2 \u00e0 6 m\u00e8tres, lui assurant ainsi de couvrir une large zone sans angles morts.<\/p>\n<p>L&#039;une des caract\u00e9ristiques les plus remarquables du PG8862 est sa capacit\u00e9 \u00e0 s&#039;adapter \u00e0 diff\u00e9rents environnements, lui permettant de reconna\u00eetre les mouvements sans r\u00e9agir aux interf\u00e9rences ind\u00e9sirables.<\/p>\n<p>Il est \u00e9galement \u00e9quip\u00e9 d&#039;indicateurs LED qui indiquent l&#039;\u00e9tat pendant l&#039;installation et la maintenance, ce qui facilite la surveillance et l&#039;optimisation des performances du syst\u00e8me.<\/p>\n<p>De plus, le PG8862 est con\u00e7u pour \u00eatre \u00e9conome en \u00e9nergie avec une dur\u00e9e de vie de la batterie allant jusqu&#039;\u00e0 3 ans, offrant ainsi un fonctionnement fiable sur une p\u00e9riode plus longue.<\/p>\n<p>Il fonctionne \u00e0 une fr\u00e9quence de 868 MHz et s&#039;int\u00e8gre facilement aux syst\u00e8mes DSC PowerSeries NEO, ce qui en fait un excellent choix pour les applications r\u00e9sidentielles et commerciales.<\/p>\n<p>Avec le DSC Wireless PIR PG8862, vous n&#039;obtenez pas seulement un d\u00e9tecteur ; vous obtenez un syst\u00e8me de protection fiable qui offre s\u00fbret\u00e9 et s\u00e9curit\u00e9 dans toutes les situations.<\/p>","protected":false},"excerpt":{"rendered":"<p>Le DSC Wireless PIR PG8862 est un d\u00e9tecteur de mouvement sans fil avec une couverture \u00e0 360 degr\u00e9s pour montage au plafond, id\u00e9al pour s\u00e9curiser des pi\u00e8ces de taille moyenne.<\/p>\n<p>Avec un rayon de d\u00e9tection de 20 m\u00e8tres et une hauteur d&#039;installation jusqu&#039;\u00e0 6 m\u00e8tres, il offre une protection fiable contre les intrusions.<\/p>\n<p>\u00c9quip\u00e9 d&#039;indicateurs LED et d&#039;une batterie longue dur\u00e9e, il garantit une installation facile et un fonctionnement \u00e0 long terme.<\/p>\n<p>&nbsp;<\/p>","protected":false},"featured_media":141212,"template":"","meta":{"_acf_changed":false},"product_brand":[],"product_cat":[1322,3326],"product_tag":[3152,3311,2472],"class_list":{"0":"post-72418","1":"product","2":"type-product","3":"status-publish","4":"has-post-thumbnail","6":"product_cat-dsc-larm-neo-power-hybridlarm","7":"product_cat-rorelsedetektor","8":"product_tag-cr123-tillbehor","9":"product_tag-dsc-neo-svensk-manual","10":"product_tag-sbsc-larmklassr","11":"product_shipping_class-postnord-varubrev","12":"pa_brands-4dsc","13":"tm-has-options","15":"first","16":"instock","17":"sale","18":"featured","19":"taxable","20":"shipping-taxable","21":"purchasable","22":"product-type-simple"},"acf":[],"_links":{"self":[{"href":"https:\/\/secureus.se\/fr\/wp-json\/wp\/v2\/product\/72418","targetHints":{"allow":["GET"]}}],"collection":[{"href":"https:\/\/secureus.se\/fr\/wp-json\/wp\/v2\/product"}],"about":[{"href":"https:\/\/secureus.se\/fr\/wp-json\/wp\/v2\/types\/product"}],"wp:featuredmedia":[{"embeddable":true,"href":"https:\/\/secureus.se\/fr\/wp-json\/wp\/v2\/media\/141212"}],"wp:attachment":[{"href":"https:\/\/secureus.se\/fr\/wp-json\/wp\/v2\/media?parent=72418"}],"wp:term":[{"taxonomy":"product_brand","embeddable":true,"href":"https:\/\/secureus.se\/fr\/wp-json\/wp\/v2\/product_brand?post=72418"},{"taxonomy":"product_cat","embeddable":true,"href":"https:\/\/secureus.se\/fr\/wp-json\/wp\/v2\/product_cat?post=72418"},{"taxonomy":"product_tag","embeddable":true,"href":"https:\/\/secureus.se\/fr\/wp-json\/wp\/v2\/product_tag?post=72418"}],"curies":[{"name":"wp","href":"https:\/\/api.w.org\/{rel}","templated":true}]}}