{"id":72422,"date":"2023-01-23T09:55:45","date_gmt":"2023-01-23T08:55:45","guid":{"rendered":"https:\/\/secureus.se\/produkt\/dsc-neo-power-g-wireless-repeater-pg8920-2\/"},"modified":"2026-02-23T14:45:39","modified_gmt":"2026-02-23T13:45:39","slug":"dsc-repeater-pg8920-powerg-wireless","status":"publish","type":"product","link":"https:\/\/secureus.se\/fr\/dsc-repeater-pg8920-powerg-wireless\/","title":{"rendered":"R\u00e9p\u00e9teur DSC PG8920 PowerG sans fil"},"content":{"rendered":"<p><strong>R\u00e9p\u00e9teur DSC PG8920<\/strong> est une station de liaison sans fil essentielle pour \u00e9tendre la port\u00e9e de communication des syst\u00e8mes d&#039;alarme PowerSeries Neo.<\/p>\n<p>Agissant comme un r\u00e9p\u00e9teur, il \u00e9tend le signal sans fil entre le syst\u00e8me d&#039;alarme et les autres appareils PowerG, garantissant que toutes les parties du syst\u00e8me communiquent efficacement, quels que soient la taille ou les mat\u00e9riaux du b\u00e2timent.<\/p>\n<p>Avec une port\u00e9e allant jusqu&#039;\u00e0 2 km en ligne de mire et un r\u00e9glage automatique de la force de transmission, le PG8920 contribue \u00e0 am\u00e9liorer la dur\u00e9e de vie de la batterie des appareils connect\u00e9s en minimisant la puissance de transmission requise.<\/p>\n<p>Il est \u00e9galement \u00e9quip\u00e9 d&#039;un indicateur de force du signal LED, qui rend l&#039;installation plus facile et plus efficace en aidant l&#039;installateur \u00e0 choisir l&#039;emplacement d&#039;installation optimal.<\/p>\n<p>Le PG8920 est livr\u00e9 avec un adaptateur secteur et dispose d&#039;une batterie Ni-MH rechargeable int\u00e9gr\u00e9e qui offre 48 heures de secours en cas de panne de courant.<\/p>\n<p>Avec des fonctionnalit\u00e9s de s\u00e9curit\u00e9 robustes et un design moderne, le PG8920 est le compl\u00e9ment parfait pour garantir une communication fiable et une s\u00e9curit\u00e9 maximale dans votre syst\u00e8me d&#039;alarme PowerG.<\/p>","protected":false},"excerpt":{"rendered":"<p>Le r\u00e9p\u00e9teur DSC PG8920 est une puissante station de liaison pour les syst\u00e8mes PowerG, con\u00e7ue pour \u00e9tendre la port\u00e9e sans fil entre le syst\u00e8me d&#039;alarme et d&#039;autres appareils.<\/p>\n<p>Gr\u00e2ce \u00e0 la prise en charge du r\u00e9glage automatique de la force de transmission et \u00e0 une batterie de secours de 48 heures, il garantit une communication stable et fiable, m\u00eame dans les environnements les plus difficiles.<\/p>","protected":false},"featured_media":141202,"template":"","meta":{"_acf_changed":false},"product_brand":[],"product_cat":[3338,1322],"product_tag":[3311],"class_list":{"0":"post-72422","1":"product","2":"type-product","3":"status-publish","4":"has-post-thumbnail","6":"product_cat-repeater","7":"product_cat-dsc-larm-neo-power-hybridlarm","8":"product_tag-dsc-neo-svensk-manual","9":"product_shipping_class-postnord-varubrev","10":"pa_brands-4dsc","11":"tm-has-options","13":"first","14":"instock","15":"sale","16":"featured","17":"taxable","18":"shipping-taxable","19":"purchasable","20":"product-type-simple"},"acf":[],"_links":{"self":[{"href":"https:\/\/secureus.se\/fr\/wp-json\/wp\/v2\/product\/72422","targetHints":{"allow":["GET"]}}],"collection":[{"href":"https:\/\/secureus.se\/fr\/wp-json\/wp\/v2\/product"}],"about":[{"href":"https:\/\/secureus.se\/fr\/wp-json\/wp\/v2\/types\/product"}],"wp:featuredmedia":[{"embeddable":true,"href":"https:\/\/secureus.se\/fr\/wp-json\/wp\/v2\/media\/141202"}],"wp:attachment":[{"href":"https:\/\/secureus.se\/fr\/wp-json\/wp\/v2\/media?parent=72422"}],"wp:term":[{"taxonomy":"product_brand","embeddable":true,"href":"https:\/\/secureus.se\/fr\/wp-json\/wp\/v2\/product_brand?post=72422"},{"taxonomy":"product_cat","embeddable":true,"href":"https:\/\/secureus.se\/fr\/wp-json\/wp\/v2\/product_cat?post=72422"},{"taxonomy":"product_tag","embeddable":true,"href":"https:\/\/secureus.se\/fr\/wp-json\/wp\/v2\/product_tag?post=72422"}],"curies":[{"name":"wp","href":"https:\/\/api.w.org\/{rel}","templated":true}]}}