{"id":72425,"date":"2023-01-23T09:55:44","date_gmt":"2023-01-23T08:55:44","guid":{"rendered":"https:\/\/secureus.se\/produkt\/dsc-neo-power-g-transceiver-hsm2host-2\/"},"modified":"2025-12-31T20:36:52","modified_gmt":"2025-12-31T19:36:52","slug":"dsc-hsm2host-transceiver-module","status":"publish","type":"product","link":"https:\/\/secureus.se\/fr\/dsc-hsm2host-transceiver-module\/","title":{"rendered":"Module \u00e9metteur-r\u00e9cepteur DSC HSM2HOST"},"content":{"rendered":"<p><strong>DSC HSM2HOST<\/strong> est un puissant \u00e9metteur-r\u00e9cepteur radio con\u00e7u pour optimiser les installations sans fil des syst\u00e8mes d&#039;alarme PowerSeries NEO et PEO.<\/p>\n<p>Offrant une port\u00e9e impressionnante allant jusqu&#039;\u00e0 2 km, le HSM2HOST est un excellent choix pour les environnements r\u00e9sidentiels et professionnels qui n\u00e9cessitent une s\u00e9curit\u00e9 et une flexibilit\u00e9 fiables.<\/p>\n<p>Ce module fournit un cryptage AES 128 bits, qui prot\u00e8ge la communication entre les appareils et garantit la s\u00e9curit\u00e9 de tous les transferts de donn\u00e9es.<\/p>\n<p>Avec HSM2HOST, chaque d\u00e9tecteur sans fil peut se voir attribuer un num\u00e9ro de zone, permettant une gestion efficace et facile jusqu&#039;\u00e0 128 zones.<\/p>\n<p>L&#039;appareil peut \u00eatre connect\u00e9 au syst\u00e8me sans restrictions et peut fonctionner avec des stations de liaison pour augmenter la port\u00e9e si n\u00e9cessaire.<\/p>\n<p>Veuillez noter qu&#039;un seul \u00e9metteur-r\u00e9cepteur radio peut \u00eatre connect\u00e9 par syst\u00e8me et qu&#039;il ne peut pas \u00eatre combin\u00e9 avec des claviers dot\u00e9s d&#039;un \u00e9metteur-r\u00e9cepteur radio int\u00e9gr\u00e9.<\/p>\n<p>HSM2HOST est un composant indispensable pour ceux qui souhaitent maximiser la s\u00e9curit\u00e9 de leurs installations et profiter des avantages de la technologie PowerG.<\/p>\n<p>Avec une consommation de courant de seulement 60 mA, il est \u00e9galement \u00e9conome en \u00e9nergie, ce qui le rend id\u00e9al pour une utilisation continue.<\/p>","protected":false},"excerpt":{"rendered":"<p>Le DSC HSM2HOST est un \u00e9metteur-r\u00e9cepteur radio avanc\u00e9 qui permet une communication sans fil bidirectionnelle pour les syst\u00e8mes d&#039;alarme PowerSeries NEO.<\/p>\n<p>Avec une port\u00e9e allant jusqu&#039;\u00e0 2 km et un cryptage AES 128 bits, il garantit une transmission de donn\u00e9es fiable et s\u00e9curis\u00e9e.<\/p>\n<p>Il est id\u00e9al pour \u00e9tendre efficacement le r\u00e9seau sans fil et cr\u00e9er une solution de s\u00e9curit\u00e9 robuste.<\/p>","protected":false},"featured_media":140791,"template":"","meta":{"_acf_changed":false},"product_brand":[],"product_cat":[3338,1322],"product_tag":[3311],"class_list":{"0":"post-72425","1":"product","2":"type-product","3":"status-publish","4":"has-post-thumbnail","6":"product_cat-repeater","7":"product_cat-dsc-larm-neo-power-hybridlarm","8":"product_tag-dsc-neo-svensk-manual","9":"product_shipping_class-postnord-varubrev","10":"pa_brands-4dsc","11":"tm-has-options","13":"first","14":"instock","15":"sale","16":"featured","17":"taxable","18":"shipping-taxable","19":"purchasable","20":"product-type-simple"},"acf":[],"_links":{"self":[{"href":"https:\/\/secureus.se\/fr\/wp-json\/wp\/v2\/product\/72425","targetHints":{"allow":["GET"]}}],"collection":[{"href":"https:\/\/secureus.se\/fr\/wp-json\/wp\/v2\/product"}],"about":[{"href":"https:\/\/secureus.se\/fr\/wp-json\/wp\/v2\/types\/product"}],"wp:featuredmedia":[{"embeddable":true,"href":"https:\/\/secureus.se\/fr\/wp-json\/wp\/v2\/media\/140791"}],"wp:attachment":[{"href":"https:\/\/secureus.se\/fr\/wp-json\/wp\/v2\/media?parent=72425"}],"wp:term":[{"taxonomy":"product_brand","embeddable":true,"href":"https:\/\/secureus.se\/fr\/wp-json\/wp\/v2\/product_brand?post=72425"},{"taxonomy":"product_cat","embeddable":true,"href":"https:\/\/secureus.se\/fr\/wp-json\/wp\/v2\/product_cat?post=72425"},{"taxonomy":"product_tag","embeddable":true,"href":"https:\/\/secureus.se\/fr\/wp-json\/wp\/v2\/product_tag?post=72425"}],"curies":[{"name":"wp","href":"https:\/\/api.w.org\/{rel}","templated":true}]}}