{"id":72437,"date":"2023-01-23T09:55:42","date_gmt":"2023-01-23T08:55:42","guid":{"rendered":"https:\/\/secureus.se\/produkt\/neo-communicator-4g-cellular-le2080\/"},"modified":"2026-03-19T11:38:20","modified_gmt":"2026-03-19T10:38:20","slug":"dsc-le2080-4g-alarm-communicator","status":"publish","type":"product","link":"https:\/\/secureus.se\/fr\/dsc-le2080-4g-alarm-communicator\/","title":{"rendered":"Transmetteur d&#039;alarme DSC LE2080 4G LTE\/HSPA\/Internet cellulaire\/double chemin, communication d&#039;alarme pour PowerSeries NEO"},"content":{"rendered":"<p><b>DSC LE2080 4G <\/b>\u00a0est un \u00e9metteur d&#039;alarme avanc\u00e9 con\u00e7u pour fournir une communication fiable et rapide entre votre syst\u00e8me d&#039;alarme DSC NEO et une centrale d&#039;alarme.<\/p>\n<p>Gr\u00e2ce \u00e0 sa compatibilit\u00e9 avec le r\u00e9seau 4G, il peut garantir que vos messages d&#039;alarme vous parviennent en toute s\u00e9curit\u00e9 m\u00eame apr\u00e8s la coupure du r\u00e9seau 3G.<\/p>\n<p>Il peut \u00eatre utilis\u00e9 comme \u00e9metteur d&#039;alarme principal ou secondaire et offre une fiabilit\u00e9 op\u00e9rationnelle \u00e9lev\u00e9e gr\u00e2ce \u00e0 la possibilit\u00e9 de basculer entre 2G, 3G et 4G.<\/p>\n<p>Le LE2080 est compatible avec la programmation \u00e0 distance via DLS, ce qui facilite la gestion des param\u00e8tres et des mises \u00e0 jour du syst\u00e8me.<\/p>\n<p>Il prend en charge les formats d&#039;alarme SIA et Contact ID et dispose \u00e9galement de fonctions SMS et de la possibilit\u00e9 de transmission d&#039;images \u00e0 partir des d\u00e9tecteurs de cam\u00e9ra Neo.<\/p>\n<p>L&#039;installation est simple et s&#039;effectue avec une plaque de montage et un c\u00e2ble de connexion inclus, ainsi qu&#039;une antenne pour une puissance de signal optimale.<\/p>\n<p>De plus, le LE2080 est homologu\u00e9 en classe d&#039;alarme 2 par le SBSC, ce qui garantit qu&#039;il r\u00e9pond \u00e0 des normes de s\u00e9curit\u00e9 strictes.<\/p>\n<p>Avec une consommation de courant comprise entre 100 mA et 400 mA et une plage de temp\u00e9rature de -10 \u00e0 +55 \u00b0C, ce transmetteur d&#039;alarme est une solution robuste aussi bien pour les maisons que les entreprises.<\/p>","protected":false},"excerpt":{"rendered":"<p>Le DSC LE2080 4G est un \u00e9metteur d&#039;alarme int\u00e9gr\u00e9 pour les syst\u00e8mes PowerSeries NEO, permettant la communication via 4G.<\/p>\n<p>Gr\u00e2ce \u00e0 sa grande fiabilit\u00e9 op\u00e9rationnelle assur\u00e9e par la prise en charge des r\u00e9seaux 2G, 3G et surtout 4G, il peut fonctionner comme \u00e9metteur d&#039;alarme principal ou secondaire.<\/p>\n<p>Le LE2080 prend en charge la programmation \u00e0 distance et g\u00e8re divers formats d&#039;alarme, notamment les fonctions SMS et la transmission d&#039;images \u00e0 partir de d\u00e9tecteurs de cam\u00e9ra.<\/p>","protected":false},"featured_media":140828,"template":"","meta":{"_acf_changed":false},"product_brand":[],"product_cat":[3320,1322],"product_tag":[3311,3024],"class_list":{"0":"post-72437","1":"product","2":"type-product","3":"status-publish","4":"has-post-thumbnail","6":"product_cat-larmsandare-dsc-larm-neo-power-hybridlarm","7":"product_cat-dsc-larm-neo-power-hybridlarm","8":"product_tag-dsc-neo-svensk-manual","9":"product_tag-neo-gsm-ip-4g-larmsandare","10":"product_shipping_class-tunga-paket","11":"pa_brands-4dsc","12":"tm-has-options","14":"first","15":"instock","16":"sale","17":"featured","18":"taxable","19":"shipping-taxable","20":"purchasable","21":"product-type-simple"},"acf":[],"_links":{"self":[{"href":"https:\/\/secureus.se\/fr\/wp-json\/wp\/v2\/product\/72437","targetHints":{"allow":["GET"]}}],"collection":[{"href":"https:\/\/secureus.se\/fr\/wp-json\/wp\/v2\/product"}],"about":[{"href":"https:\/\/secureus.se\/fr\/wp-json\/wp\/v2\/types\/product"}],"wp:featuredmedia":[{"embeddable":true,"href":"https:\/\/secureus.se\/fr\/wp-json\/wp\/v2\/media\/140828"}],"wp:attachment":[{"href":"https:\/\/secureus.se\/fr\/wp-json\/wp\/v2\/media?parent=72437"}],"wp:term":[{"taxonomy":"product_brand","embeddable":true,"href":"https:\/\/secureus.se\/fr\/wp-json\/wp\/v2\/product_brand?post=72437"},{"taxonomy":"product_cat","embeddable":true,"href":"https:\/\/secureus.se\/fr\/wp-json\/wp\/v2\/product_cat?post=72437"},{"taxonomy":"product_tag","embeddable":true,"href":"https:\/\/secureus.se\/fr\/wp-json\/wp\/v2\/product_tag?post=72437"}],"curies":[{"name":"wp","href":"https:\/\/api.w.org\/{rel}","templated":true}]}}