{"id":72439,"date":"2023-01-23T09:55:42","date_gmt":"2023-01-23T08:55:42","guid":{"rendered":"https:\/\/secureus.se\/produkt\/neo-knappsats-touchscreen-hs2tchp-svart-engelsk-2\/"},"modified":"2025-12-31T20:51:00","modified_gmt":"2025-12-31T19:51:00","slug":"dsc-hs2tchp-touchscreen-black","status":"publish","type":"product","link":"https:\/\/secureus.se\/fr\/dsc-hs2tchp-touchscreen-black\/","title":{"rendered":"Clavier tactile DSC HS2TCHP de 7 pouces avec support Prox noir (anglais + 5 langues)"},"content":{"rendered":"<h1>Clavier \u00e0 \u00e9cran tactile DSC HS2TCHP de 7 pouces avec prise en charge Prox<\/h1>\n<p><strong>Clavier \u00e0 \u00e9cran tactile DSC HS2TCHP<\/strong> est la solution ultime pour un contr\u00f4le simple et visuel de <strong>Le syst\u00e8me de s\u00e9curit\u00e9 PowerSeries NEO<\/strong>.<\/p>\n<p>Avec son \u00e9cran couleur haute r\u00e9solution de 7 pouces et son interface intuitive, il offre aux utilisateurs une exp\u00e9rience moderne et efficace de surveillance et de contr\u00f4le.<\/p>\n<h5>Fonctions principales<\/h5>\n<ul>\n<li><strong>\u00c9cran tactile de 7 pouces<\/strong>: Grand \u00e9cran couleur haute r\u00e9solution qui offre une vue d\u2019ensemble claire et une navigation facile.<\/li>\n<li><strong>Prise en charge imm\u00e9diate<\/strong>: Acc\u00e8s rapide avec les balises MPT Prox pour une facilit\u00e9 d&#039;utilisation et une flexibilit\u00e9.<\/li>\n<li><strong>Interface multilingue<\/strong>: Prise en charge de 6 langues : anglais, fran\u00e7ais, italien, allemand, n\u00e9erlandais et polonais.<\/li>\n<li><strong>Page d&#039;accueil personnalisable<\/strong>: configurez l&#039;\u00e9cran d&#039;accueil en fonction des besoins individuels pour un acc\u00e8s facile aux fonctions les plus importantes.<\/li>\n<li><strong>Indicateurs d&#039;\u00e9tat LED<\/strong>: Affiche rapidement et clairement l&#039;\u00e9tat du syst\u00e8me, y compris pr\u00eat, alarme, probl\u00e8me et alimentation secteur.<\/li>\n<li><strong>Clavier QWERTY<\/strong>: Programmation simple des \u00e9tiquettes et gestion des param\u00e8tres.<\/li>\n<\/ul>\n<h5>Avantages<\/h5>\n<ul>\n<li><strong>Contr\u00f4le visuel<\/strong>: L&#039;\u00e9cran tactile permet un contr\u00f4le intuitif et visuel du syst\u00e8me de s\u00e9curit\u00e9.<\/li>\n<li><strong>Utilisation rapide et facile<\/strong>: La prise en charge Prox permet un acc\u00e8s rapide sans avoir \u00e0 m\u00e9moriser les codes.<\/li>\n<li><strong>Flexibilit\u00e9<\/strong>: Convient aux maisons et aux entreprises qui n\u00e9cessitent une surveillance de s\u00e9curit\u00e9 moderne.<\/li>\n<li><strong>Affichage d&#039;images num\u00e9riques<\/strong>: Possibilit\u00e9 d&#039;afficher des images personnalis\u00e9es via une carte SD int\u00e9gr\u00e9e.<\/li>\n<\/ul>\n<h5>Domaines d&#039;utilisation<\/h5>\n<ul>\n<li><strong>R\u00e9sidences<\/strong>: Fournit une surveillance simple et visuelle des syst\u00e8mes de s\u00e9curit\u00e9 domestique.<\/li>\n<li><strong>B\u00e2timents commerciaux<\/strong>: Id\u00e9al pour les bureaux et les entreprises qui n\u00e9cessitent un contr\u00f4le flexible et convivial.<\/li>\n<li><strong>Environnements multi-utilisateurs<\/strong>: Parfait pour les sites multi-utilisateurs gr\u00e2ce au support Prox et \u00e0 la s\u00e9lection de la langue.<\/li>\n<\/ul>\n<p>Avec <strong>DSC HS2TCHP<\/strong> vous obtenez un clavier convivial, \u00e9l\u00e9gant et fonctionnel qui combine une technologie moderne avec une installation facile et des performances fiables.<\/p>","protected":false},"excerpt":{"rendered":"<p>Le DSC HS2TCHP est un clavier \u00e0 \u00e9cran tactile de 7 pouces avec prise en charge Prox qui permet un contr\u00f4le intuitif du PowerSeries NEO.<\/p>\n<p>Affichage personnalisable, indicateurs d&#039;\u00e9tat LED et prise en charge multilingue.<\/p>\n<p>&nbsp;<\/p>","protected":false},"featured_media":140980,"template":"","meta":{"_acf_changed":false},"product_brand":[],"product_cat":[3329,1322],"product_tag":[3311,3028,3029],"class_list":{"0":"post-72439","1":"product","2":"type-product","3":"status-publish","4":"has-post-thumbnail","6":"product_cat-knappsats-kod","7":"product_cat-dsc-larm-neo-power-hybridlarm","8":"product_tag-dsc-neo-svensk-manual","9":"product_tag-neo-knappsats-manoverpaneler","10":"product_tag-neo-dsc-knappsats-manoverpaneler","11":"product_shipping_class-postnord-varubrev","12":"pa_brands-4dsc","13":"tm-has-options","15":"first","16":"onbackorder","17":"sale","18":"featured","19":"taxable","20":"shipping-taxable","21":"purchasable","22":"product-type-simple"},"acf":[],"_links":{"self":[{"href":"https:\/\/secureus.se\/fr\/wp-json\/wp\/v2\/product\/72439","targetHints":{"allow":["GET"]}}],"collection":[{"href":"https:\/\/secureus.se\/fr\/wp-json\/wp\/v2\/product"}],"about":[{"href":"https:\/\/secureus.se\/fr\/wp-json\/wp\/v2\/types\/product"}],"wp:featuredmedia":[{"embeddable":true,"href":"https:\/\/secureus.se\/fr\/wp-json\/wp\/v2\/media\/140980"}],"wp:attachment":[{"href":"https:\/\/secureus.se\/fr\/wp-json\/wp\/v2\/media?parent=72439"}],"wp:term":[{"taxonomy":"product_brand","embeddable":true,"href":"https:\/\/secureus.se\/fr\/wp-json\/wp\/v2\/product_brand?post=72439"},{"taxonomy":"product_cat","embeddable":true,"href":"https:\/\/secureus.se\/fr\/wp-json\/wp\/v2\/product_cat?post=72439"},{"taxonomy":"product_tag","embeddable":true,"href":"https:\/\/secureus.se\/fr\/wp-json\/wp\/v2\/product_tag?post=72439"}],"curies":[{"name":"wp","href":"https:\/\/api.w.org\/{rel}","templated":true}]}}