{"id":72444,"date":"2023-01-23T09:55:41","date_gmt":"2023-01-23T08:55:41","guid":{"rendered":"https:\/\/secureus.se\/produkt\/dsc-neo-power-g-wireless-utomhus-magnetkontakt-pg8312-2\/"},"modified":"2026-02-26T10:34:28","modified_gmt":"2026-02-26T09:34:28","slug":"dsc-magnetkontakt-pg8312","status":"publish","type":"product","link":"https:\/\/secureus.se\/fr\/dsc-magnetkontakt-pg8312\/","title":{"rendered":"Contact magn\u00e9tique DSC PG8312 Contact magn\u00e9tique ext\u00e9rieur sans fil PowerG"},"content":{"rendered":"<p><b>Contact magn\u00e9tique DSC PG8312\u00a0<\/b>est la solution parfaite pour la s\u00e9curit\u00e9 ext\u00e9rieure, con\u00e7ue pour prot\u00e9ger les fen\u00eatres, les portes et les portails contre tout acc\u00e8s non autoris\u00e9.<\/p>\n<p>\u00c9quip\u00e9 de la derni\u00e8re technologie PowerG, le PG8312 offre une communication bidirectionnelle et des performances fiables qui garantissent que votre syst\u00e8me de s\u00e9curit\u00e9 est toujours actif.<\/p>\n<p>Avec une distance de d\u00e9tection allant jusqu&#039;\u00e0 8 m\u00e8tres et une certification IP66, il peut r\u00e9sister \u00e0 des conditions m\u00e9t\u00e9orologiques difficiles et est con\u00e7u pour durer dans des environnements difficiles.<\/p>\n<p>L&#039;une des caract\u00e9ristiques les plus remarquables du PG8312 est sa large tol\u00e9rance d&#039;espacement, qui r\u00e9duit le risque de fausses alarmes et facilite grandement l&#039;installation.<\/p>\n<p>De plus, le contact magn\u00e9tique a une dur\u00e9e de vie estim\u00e9e de la batterie allant jusqu&#039;\u00e0 5 ans avec une utilisation normale, ce qui en fait une solution \u00e9conomique pour une s\u00e9curit\u00e9 \u00e0 long terme.<\/p>\n<p>Le contact magn\u00e9tique DSC PG8312 fait partie du syst\u00e8me PowerSeries Neo, ce qui signifie qu&#039;il peut \u00eatre int\u00e9gr\u00e9 de mani\u00e8re transparente \u00e0 d&#039;autres composants de s\u00e9curit\u00e9 pour cr\u00e9er une solution de s\u00e9curit\u00e9 compl\u00e8te et personnalis\u00e9e.<\/p>\n<p>Avec ce produit, vous b\u00e9n\u00e9ficiez d\u2019une combinaison de technologie innovante et de facilit\u00e9 d\u2019utilisation, ce qui vous apporte s\u00e9curit\u00e9 et tranquillit\u00e9 d\u2019esprit.<\/p>","protected":false},"excerpt":{"rendered":"<p>Le contact magn\u00e9tique DSC PG8312 est un contact magn\u00e9tique ext\u00e9rieur sans fil qui offre une protection fiable pour les fen\u00eatres, les portes et les portails.<\/p>\n<p>Avec sa certification IP66, il fonctionne efficacement dans des conditions m\u00e9t\u00e9orologiques extr\u00eames et poss\u00e8de une autonomie allant jusqu&#039;\u00e0 5 ans.<\/p>\n<p>Sa large tol\u00e9rance d&#039;\u00e9cart minimise les fausses alarmes et facilite l&#039;installation, ce qui en fait une solution id\u00e9ale pour les syst\u00e8mes de s\u00e9curit\u00e9 r\u00e9sidentiels et commerciaux.<\/p>","protected":false},"featured_media":140836,"template":"","meta":{"_acf_changed":false},"product_brand":[],"product_cat":[1322,3337],"product_tag":[3311,2472],"class_list":{"0":"post-72444","1":"product","2":"type-product","3":"status-publish","4":"has-post-thumbnail","6":"product_cat-dsc-larm-neo-power-hybridlarm","7":"product_cat-magnetkontakt-pg","8":"product_tag-dsc-neo-svensk-manual","9":"product_tag-sbsc-larmklassr","10":"product_shipping_class-postnord-varubrev","11":"pa_brands-4dsc","12":"tm-has-options","14":"first","15":"instock","16":"sale","17":"featured","18":"taxable","19":"shipping-taxable","20":"purchasable","21":"product-type-simple"},"acf":[],"_links":{"self":[{"href":"https:\/\/secureus.se\/fr\/wp-json\/wp\/v2\/product\/72444","targetHints":{"allow":["GET"]}}],"collection":[{"href":"https:\/\/secureus.se\/fr\/wp-json\/wp\/v2\/product"}],"about":[{"href":"https:\/\/secureus.se\/fr\/wp-json\/wp\/v2\/types\/product"}],"wp:featuredmedia":[{"embeddable":true,"href":"https:\/\/secureus.se\/fr\/wp-json\/wp\/v2\/media\/140836"}],"wp:attachment":[{"href":"https:\/\/secureus.se\/fr\/wp-json\/wp\/v2\/media?parent=72444"}],"wp:term":[{"taxonomy":"product_brand","embeddable":true,"href":"https:\/\/secureus.se\/fr\/wp-json\/wp\/v2\/product_brand?post=72444"},{"taxonomy":"product_cat","embeddable":true,"href":"https:\/\/secureus.se\/fr\/wp-json\/wp\/v2\/product_cat?post=72444"},{"taxonomy":"product_tag","embeddable":true,"href":"https:\/\/secureus.se\/fr\/wp-json\/wp\/v2\/product_tag?post=72444"}],"curies":[{"name":"wp","href":"https:\/\/api.w.org\/{rel}","templated":true}]}}