{"id":72451,"date":"2023-01-23T09:55:40","date_gmt":"2023-01-23T08:55:40","guid":{"rendered":"https:\/\/secureus.se\/produkt\/neo-keypad-lcd-w-transceiver-hs2lcdrf-svensk-text\/"},"modified":"2026-01-06T20:52:12","modified_gmt":"2026-01-06T19:52:12","slug":"dsc-keypad-hs2lcdrf","status":"publish","type":"product","link":"https:\/\/secureus.se\/fr\/dsc-keypad-hs2lcdrf\/","title":{"rendered":"Clavier DSC HS2LCDRF \u2013 Radio sans fil\/\u00e9metteur-r\u00e9cepteur Texte su\u00e9dois"},"content":{"rendered":"<p><strong>Clavier DSC HS2LCDRF<\/strong> est un clavier sans fil avanc\u00e9 con\u00e7u pour fonctionner avec les syst\u00e8mes d&#039;alarme DSC Neo.<\/p>\n<p>Il dispose d&#039;un \u00e9cran LCD clair prenant en charge le su\u00e9dois et plusieurs autres langues, ce qui le rend facile \u00e0 utiliser pour tous les utilisateurs.<\/p>\n<p>Le r\u00e9cepteur radio int\u00e9gr\u00e9 permet une int\u00e9gration facile avec des capteurs sans fil et d&#039;autres produits Neo, offrant ainsi une solution de s\u00e9curit\u00e9 flexible et adaptable.<\/p>\n<p>Le clavier est \u00e9quip\u00e9 de textes librement programmables pour les sections et les zones d&#039;alarme, ce qui facilite la personnalisation des messages pour diff\u00e9rentes zones de s\u00e9curit\u00e9.<\/p>\n<p>Il dispose de cinq boutons de fonction pour des commandes rapides, de trois boutons d&#039;urgence et d&#039;une connexion \u00e0 vis qui peut \u00eatre utilis\u00e9e comme entr\u00e9e de section filaire ou sortie PGM.<\/p>\n<p>Avec une consommation de courant de seulement 55-105 mA, le HS2LCDRF est \u00e0 la fois \u00e9conome en \u00e9nergie et fiable.<\/p>\n<p>Le syst\u00e8me PowerSeries Neo est exceptionnel pour les grandes installations, car il peut surveiller jusqu&#039;\u00e0 128 zones et permet des solutions de s\u00e9curit\u00e9 personnalis\u00e9es \u00e0 huit partitions.<\/p>\n<p>Le clavier DSC HS2LCDRF combine la stabilit\u00e9 des syst\u00e8mes filaires avec la flexibilit\u00e9 des appareils sans fil, ce qui en fait une solution id\u00e9ale pour la maison et l&#039;entreprise.<\/p>","protected":false},"excerpt":{"rendered":"<p>Le clavier DSC HS2LCDRF est un clavier sans fil avec \u00e9cran LCD prenant en charge plusieurs langues, dont le su\u00e9dois.<\/p>\n<p>Il est con\u00e7u pour les syst\u00e8mes d&#039;alarme Neo et dispose d&#039;une radio int\u00e9gr\u00e9e pour permettre la connexion de capteurs sans fil.<\/p>\n<p>Avec des textes programmables, 5 boutons de fonction et 3 boutons d&#039;urgence, il offre \u00e0 la fois fonctionnalit\u00e9 et facilit\u00e9 d&#039;utilisation, ce qui en fait un excellent choix pour les maisons et les entreprises.<\/p>","protected":false},"featured_media":141733,"template":"","meta":{"_acf_changed":false},"product_brand":[],"product_cat":[3329,1322],"product_tag":[3311,3028,3029],"class_list":{"0":"post-72451","1":"product","2":"type-product","3":"status-publish","4":"has-post-thumbnail","6":"product_cat-knappsats-kod","7":"product_cat-dsc-larm-neo-power-hybridlarm","8":"product_tag-dsc-neo-svensk-manual","9":"product_tag-neo-knappsats-manoverpaneler","10":"product_tag-neo-dsc-knappsats-manoverpaneler","11":"product_shipping_class-tunga-paket","12":"pa_brands-4dsc","13":"tm-has-options","15":"first","16":"outofstock","17":"sale","18":"taxable","19":"shipping-taxable","20":"purchasable","21":"product-type-simple"},"acf":[],"_links":{"self":[{"href":"https:\/\/secureus.se\/fr\/wp-json\/wp\/v2\/product\/72451","targetHints":{"allow":["GET"]}}],"collection":[{"href":"https:\/\/secureus.se\/fr\/wp-json\/wp\/v2\/product"}],"about":[{"href":"https:\/\/secureus.se\/fr\/wp-json\/wp\/v2\/types\/product"}],"wp:featuredmedia":[{"embeddable":true,"href":"https:\/\/secureus.se\/fr\/wp-json\/wp\/v2\/media\/141733"}],"wp:attachment":[{"href":"https:\/\/secureus.se\/fr\/wp-json\/wp\/v2\/media?parent=72451"}],"wp:term":[{"taxonomy":"product_brand","embeddable":true,"href":"https:\/\/secureus.se\/fr\/wp-json\/wp\/v2\/product_brand?post=72451"},{"taxonomy":"product_cat","embeddable":true,"href":"https:\/\/secureus.se\/fr\/wp-json\/wp\/v2\/product_cat?post=72451"},{"taxonomy":"product_tag","embeddable":true,"href":"https:\/\/secureus.se\/fr\/wp-json\/wp\/v2\/product_tag?post=72451"}],"curies":[{"name":"wp","href":"https:\/\/api.w.org\/{rel}","templated":true}]}}