{"id":72795,"date":"2023-02-24T14:43:24","date_gmt":"2023-02-24T13:43:24","guid":{"rendered":"https:\/\/secureus.se\/produkt\/magicard-mb300ymcko-colour-ribbon-300-prints\/"},"modified":"2026-04-09T11:13:03","modified_gmt":"2026-04-09T09:13:03","slug":"ribbon-magicard-mb300ymcko-colour-ribbon-300-prints","status":"publish","type":"product","link":"https:\/\/secureus.se\/fr\/ribbon-magicard-mb300ymcko-colour-ribbon-300-prints\/","title":{"rendered":"Ruban Magicard \u2013 MB300YMCKO (300 impressions)"},"content":{"rendered":"<h1>Ruban<br \/>\n  Magicard &#8211; MB300YMCKO (300 utskrifter)<\/h1>\n<p>F\u00e4rgband Magicard &#8211; MB300YMCKO (300 utskrifter) \u00e4r ett f\u00e4rgband<br \/>\n  pour l&#039;impression de cartes plastiques avec des couleurs vives, un texte clair et une bonne qualit\u00e9<br \/>\n  Reproduction d\u00e9taill\u00e9e. Le ruban YMCKO assure la combinaison correcte de panneaux de couleur et<br \/>\n  Couche de protection pour l&#039;impression professionnelle de cartes.<\/p>\n<p>Convient aux cartes d&#039;identit\u00e9, cartes d&#039;acc\u00e8s, cartes de membre et autres.<br \/>\n  cartes en plastique o\u00f9 une qualit\u00e9 d&#039;impression et une fiabilit\u00e9 \u00e9lev\u00e9es sont<br \/>\n  important.<\/p>\n<ul>\n<li>Capacit\u00e9 : jusqu&#039;\u00e0 300 impressions<\/li>\n<li>Type de ruban : YMCKO<\/li>\n<li>Artikelnummer: MB300YMCKO<\/li>\n<\/ul>\n<p><strong>Kompatibel med Magicard<br \/>\n  600.<\/strong><\/p>\n<p><strong>Poids du produit :<\/strong> 0,20kg<\/p>","protected":false},"excerpt":{"rendered":"<p>Ruban couleur \u2013 Ruban \u2013 Retransfert vers imprimante de cartes et imprimante de cartes plastiques<\/p>","protected":false},"featured_media":141551,"template":"","meta":{"_acf_changed":false},"product_brand":[],"product_cat":[3216,4830],"product_tag":[3182,4863,2921,3069],"class_list":{"0":"post-72795","1":"product","2":"type-product","3":"status-publish","4":"has-post-thumbnail","6":"product_cat-magicard-fargband-retransfer","7":"product_cat-magicard-600-band","8":"product_tag-magicard-tillbehor","9":"product_tag-pf","10":"product_tag-ribbon-ymck-farg","11":"product_tag-trade-produkt","12":"product_shipping_class-postnord-varubrev","13":"pa_brands-magicard","14":"pa_fabrikat-kortskrivare-magicard","15":"tm-has-options","17":"first","18":"instock","19":"sale","20":"taxable","21":"shipping-taxable","22":"purchasable","23":"product-type-simple"},"acf":[],"_links":{"self":[{"href":"https:\/\/secureus.se\/fr\/wp-json\/wp\/v2\/product\/72795","targetHints":{"allow":["GET"]}}],"collection":[{"href":"https:\/\/secureus.se\/fr\/wp-json\/wp\/v2\/product"}],"about":[{"href":"https:\/\/secureus.se\/fr\/wp-json\/wp\/v2\/types\/product"}],"wp:featuredmedia":[{"embeddable":true,"href":"https:\/\/secureus.se\/fr\/wp-json\/wp\/v2\/media\/141551"}],"wp:attachment":[{"href":"https:\/\/secureus.se\/fr\/wp-json\/wp\/v2\/media?parent=72795"}],"wp:term":[{"taxonomy":"product_brand","embeddable":true,"href":"https:\/\/secureus.se\/fr\/wp-json\/wp\/v2\/product_brand?post=72795"},{"taxonomy":"product_cat","embeddable":true,"href":"https:\/\/secureus.se\/fr\/wp-json\/wp\/v2\/product_cat?post=72795"},{"taxonomy":"product_tag","embeddable":true,"href":"https:\/\/secureus.se\/fr\/wp-json\/wp\/v2\/product_tag?post=72795"}],"curies":[{"name":"wp","href":"https:\/\/api.w.org\/{rel}","templated":true}]}}