{"id":72808,"date":"2023-02-27T12:24:03","date_gmt":"2023-02-27T11:24:03","guid":{"rendered":"https:\/\/secureus.se\/produkt\/centralkort-hs2016-neo\/"},"modified":"2026-04-01T14:01:55","modified_gmt":"2026-04-01T12:01:55","slug":"dsc-security-control-panel-hs2016","status":"publish","type":"product","link":"https:\/\/secureus.se\/fr\/dsc-security-control-panel-hs2016\/","title":{"rendered":"Panneau de contr\u00f4le de s\u00e9curit\u00e9 DSC HS2016"},"content":{"rendered":"<p><strong>Panneau de contr\u00f4le de s\u00e9curit\u00e9 DSC HS2016<\/strong> est une carte centrale con\u00e7ue pour offrir une s\u00e9curit\u00e9 et une flexibilit\u00e9 \u00e9lev\u00e9es. Il peut g\u00e9rer jusqu&#039;\u00e0 16 sections et dispose de 8 zones int\u00e9gr\u00e9es, permettant une surveillance efficace des installations de petite et moyenne taille.<\/p>\n<p>Avec la possibilit\u00e9 d&#039;\u00e9tendre jusqu&#039;\u00e0 128 zones sans fil et mat\u00e9rielles, ainsi que 4 sorties programmables, le syst\u00e8me peut \u00eatre adapt\u00e9 aux besoins sp\u00e9cifiques.<\/p>\n<p>La plateforme PowerSeries Neo offre une s\u00e9curit\u00e9 sup\u00e9rieure en combinant une connectivit\u00e9 filaire avec une technologie sans fil avanc\u00e9e. Il s&#039;agit d&#039;un syst\u00e8me hybride qui int\u00e8gre une vari\u00e9t\u00e9 d&#039;appareils et d&#039;accessoires sans fil, offrant aux utilisateurs un syst\u00e8me de s\u00e9curit\u00e9 complet et personnalisable.<\/p>\n<p>Le HS2016 est \u00e9galement \u00e9quip\u00e9 de fonctionnalit\u00e9s innovantes pour la v\u00e9rification des alarmes et les services \u00e0 distance, permettant au syst\u00e8me d&#039;\u00eatre surveill\u00e9 et contr\u00f4l\u00e9 \u00e0 distance via des applications mobiles ou des ordinateurs.<\/p>\n<p>Avec une interface de programmation intuitive et un syst\u00e8me robuste de gestion des codes utilisateur et des messages d&#039;alarme, le HS2016 garantit que tous les besoins de s\u00e9curit\u00e9 sont satisfaits de mani\u00e8re efficace et fiable. C&#039;est un excellent choix pour les particuliers et les entreprises \u00e0 la recherche d&#039;une solution de s\u00e9curit\u00e9 \u00e9volutive.<\/p>\n<h3>Sp\u00e9cifications techniques\u00a0:<\/h3>\n<ul>\n<li><strong>Nom du produit\u00a0:<\/strong> Carte HS2016<\/li>\n<li><strong>Fabricant:<\/strong> DSC<\/li>\n<li><strong>Nombre maximum de sections filaires et sans fil\u00a0:<\/strong> 16<\/li>\n<li><strong>Nombre d&#039;entr\u00e9es de section\u00a0:<\/strong> 6<\/li>\n<li><strong>Domaines\u00a0:<\/strong> 2<\/li>\n<li><strong>Codes utilisateur\u00a0:<\/strong> 48<\/li>\n<li><strong>Sorties PGM\u00a0:<\/strong> 2 (extensible jusqu&#039;\u00e0 un maximum de 22)<\/li>\n<li><strong>Nombre maximum de t\u00e9l\u00e9commandes sans fil\u00a0:<\/strong> 16<\/li>\n<li><strong>M\u00e9moire d&#039;\u00e9v\u00e9nements\u00a0:<\/strong> 500<\/li>\n<li><strong>Poids:<\/strong> 250 g<\/li>\n<li><strong>Dimensions:<\/strong> 92 \u00d7 45 \u00d7 15 mm<\/li>\n<\/ul>\n<p>&nbsp;<\/p>","protected":false},"excerpt":{"rendered":"<p>Le panneau de contr\u00f4le de s\u00e9curit\u00e9 DSC HS2016 est une solution de s\u00e9curit\u00e9 \u00e9volutive qui g\u00e8re jusqu&#039;\u00e0 16 sections.<\/p>\n<p>Avec des zones int\u00e9gr\u00e9es et la possibilit\u00e9 d&#039;extension sans fil, il est id\u00e9al aussi bien pour les maisons que pour les entreprises.<\/p>\n<p>Avec la prise en charge de sorties programmables et de diverses options de communication, le HS2016 offre une plate-forme polyvalente pour une surveillance de s\u00e9curit\u00e9 efficace.<\/p>","protected":false},"featured_media":140505,"template":"","meta":{"_acf_changed":false},"product_brand":[],"product_cat":[3321,1322],"product_tag":[3311,3022,3026],"class_list":{"0":"post-72808","1":"product","2":"type-product","3":"status-publish","4":"has-post-thumbnail","6":"product_cat-centralkort","7":"product_cat-dsc-larm-neo-power-hybridlarm","8":"product_tag-dsc-neo-svensk-manual","9":"product_tag-neo-central-kapslingar","10":"product_tag-neo-centralkort-lager","11":"product_shipping_class-postnord-varubrev","12":"pa_brands-4dsc","13":"tm-has-options","15":"first","16":"instock","17":"sale","18":"featured","19":"taxable","20":"shipping-taxable","21":"purchasable","22":"product-type-simple"},"acf":[],"_links":{"self":[{"href":"https:\/\/secureus.se\/fr\/wp-json\/wp\/v2\/product\/72808","targetHints":{"allow":["GET"]}}],"collection":[{"href":"https:\/\/secureus.se\/fr\/wp-json\/wp\/v2\/product"}],"about":[{"href":"https:\/\/secureus.se\/fr\/wp-json\/wp\/v2\/types\/product"}],"wp:featuredmedia":[{"embeddable":true,"href":"https:\/\/secureus.se\/fr\/wp-json\/wp\/v2\/media\/140505"}],"wp:attachment":[{"href":"https:\/\/secureus.se\/fr\/wp-json\/wp\/v2\/media?parent=72808"}],"wp:term":[{"taxonomy":"product_brand","embeddable":true,"href":"https:\/\/secureus.se\/fr\/wp-json\/wp\/v2\/product_brand?post=72808"},{"taxonomy":"product_cat","embeddable":true,"href":"https:\/\/secureus.se\/fr\/wp-json\/wp\/v2\/product_cat?post=72808"},{"taxonomy":"product_tag","embeddable":true,"href":"https:\/\/secureus.se\/fr\/wp-json\/wp\/v2\/product_tag?post=72808"}],"curies":[{"name":"wp","href":"https:\/\/api.w.org\/{rel}","templated":true}]}}