{"id":72810,"date":"2023-02-27T12:41:13","date_gmt":"2023-02-27T11:41:13","guid":{"rendered":"https:\/\/secureus.se\/produkt\/centralkort-hs2064-neo-2\/"},"modified":"2026-05-04T12:58:36","modified_gmt":"2026-05-04T10:58:36","slug":"dsc-security-control-panel-hs2064","status":"publish","type":"product","link":"https:\/\/secureus.se\/fr\/dsc-security-control-panel-hs2064\/","title":{"rendered":"Panneau de contr\u00f4le de s\u00e9curit\u00e9 DSC HS2064"},"content":{"rendered":"<p><strong>S\u00e9curit\u00e9 \u00e9volutive et flexible avec le panneau de contr\u00f4le de s\u00e9curit\u00e9 DSC HS2064\u00a0:<\/strong> Le panneau de contr\u00f4le de s\u00e9curit\u00e9 DSC HS2064 est con\u00e7u pour offrir un syst\u00e8me de s\u00e9curit\u00e9 efficace et flexible pour la maison et l&#039;entreprise. Il peut g\u00e9rer jusqu&#039;\u00e0 64 sections, ce qui le rend id\u00e9al pour les installations de petite et moyenne taille n\u00e9cessitant une s\u00e9curit\u00e9 fiable.<\/p>\n<p>Le panneau est une carte centrale qui contr\u00f4le et distribue les alarmes, alarmes et sir\u00e8nes, ce qui garantit le fonctionnement optimal de l&#039;ensemble du syst\u00e8me. Il est fourni sans bo\u00eetier, donnant \u00e0 l&#039;utilisateur la possibilit\u00e9 d&#039;acheter un bo\u00eetier appropri\u00e9 s\u00e9par\u00e9ment.<\/p>\n<p><strong>Fonctionnalit\u00e9s polyvalentes\u00a0:<\/strong> Le HS2064 fait partie du PowerSeries Neo, ce qui signifie qu&#039;il est dot\u00e9 de fonctionnalit\u00e9s telles que 8 zones int\u00e9gr\u00e9es et la possibilit\u00e9 d&#039;\u00e9tendre jusqu&#039;\u00e0 128 zones sans fil et 4 sorties PGM, qui peuvent \u00eatre \u00e9tendues \u00e0 80. Cela offre une flexibilit\u00e9 et des options de personnalisation. pour diff\u00e9rentes solutions de s\u00e9curit\u00e9.<\/p>\n<p><strong>Sp\u00e9cification technique\u00a0:<\/strong><\/p>\n<ul>\n<li><strong>Poids:<\/strong> 250 g<\/li>\n<li><strong>Nombre maximum de t\u00e9l\u00e9commandes sans fil\u00a0:<\/strong> 32<\/li>\n<li><strong>Nombre maximum de codes utilisateur\u00a0:<\/strong> 500<\/li>\n<li><strong>Nombre maximum de m\u00e9moires d&#039;\u00e9v\u00e9nements\u00a0:<\/strong> 500<\/li>\n<li><strong>Sorties PGM\u00a0:<\/strong> 4 (extensible \u00e0 80)<\/li>\n<\/ul>\n<p><strong>Technologie innovante\u00a0:<\/strong> La technologie PowerG garantit une protection fiable contre les intrusions avec cryptage et r\u00e9sistance \u00e0 la falsification. Le DSC PowerSeries propose \u00e9galement des solutions de v\u00e9rification d&#039;alarme et un logiciel de service \u00e0 distance complet pour une surveillance et un contr\u00f4le faciles, o\u00f9 que vous soyez.<\/p>\n<p>Avec le panneau de contr\u00f4le de s\u00e9curit\u00e9 DSC HS2064, vous obtenez une solution de s\u00e9curit\u00e9 qui allie technologie moderne, facilit\u00e9 d&#039;utilisation et flexibilit\u00e9, parfaitement adapt\u00e9e \u00e0 vos besoins sp\u00e9cifiques.<\/p>","protected":false},"excerpt":{"rendered":"<p>Le panneau de contr\u00f4le de s\u00e9curit\u00e9 DSC HS2064 est une solution de carte centrale puissante et \u00e9volutive qui prend en charge jusqu&#039;\u00e0 64 sections.<\/p>\n<p>Avec des fonctionnalit\u00e9s telles que 8 zones int\u00e9gr\u00e9es et la possibilit\u00e9 d&#039;\u00e9tendre jusqu&#039;\u00e0 128 zones sans fil, il offre une surveillance de s\u00e9curit\u00e9 compl\u00e8te.<\/p>\n<p>Il est id\u00e9al pour les applications r\u00e9sidentielles et commerciales et peut \u00eatre facilement personnalis\u00e9 pour r\u00e9pondre \u00e0 des besoins de s\u00e9curit\u00e9 sp\u00e9cifiques.<\/p>","protected":false},"featured_media":140505,"template":"","meta":{"_acf_changed":false},"product_brand":[],"product_cat":[3321,1322],"product_tag":[3311,3022,3026],"class_list":{"0":"post-72810","1":"product","2":"type-product","3":"status-publish","4":"has-post-thumbnail","6":"product_cat-centralkort","7":"product_cat-dsc-larm-neo-power-hybridlarm","8":"product_tag-dsc-neo-svensk-manual","9":"product_tag-neo-central-kapslingar","10":"product_tag-neo-centralkort-lager","11":"product_shipping_class-postnord-varubrev","12":"pa_brands-4dsc","13":"tm-has-options","15":"first","16":"instock","17":"sale","18":"featured","19":"taxable","20":"shipping-taxable","21":"purchasable","22":"product-type-simple"},"acf":[],"_links":{"self":[{"href":"https:\/\/secureus.se\/fr\/wp-json\/wp\/v2\/product\/72810","targetHints":{"allow":["GET"]}}],"collection":[{"href":"https:\/\/secureus.se\/fr\/wp-json\/wp\/v2\/product"}],"about":[{"href":"https:\/\/secureus.se\/fr\/wp-json\/wp\/v2\/types\/product"}],"wp:featuredmedia":[{"embeddable":true,"href":"https:\/\/secureus.se\/fr\/wp-json\/wp\/v2\/media\/140505"}],"wp:attachment":[{"href":"https:\/\/secureus.se\/fr\/wp-json\/wp\/v2\/media?parent=72810"}],"wp:term":[{"taxonomy":"product_brand","embeddable":true,"href":"https:\/\/secureus.se\/fr\/wp-json\/wp\/v2\/product_brand?post=72810"},{"taxonomy":"product_cat","embeddable":true,"href":"https:\/\/secureus.se\/fr\/wp-json\/wp\/v2\/product_cat?post=72810"},{"taxonomy":"product_tag","embeddable":true,"href":"https:\/\/secureus.se\/fr\/wp-json\/wp\/v2\/product_tag?post=72810"}],"curies":[{"name":"wp","href":"https:\/\/api.w.org\/{rel}","templated":true}]}}