{"id":73277,"date":"2022-03-10T15:40:00","date_gmt":"2022-03-10T14:40:00","guid":{"rendered":"https:\/\/secureus.se\/produkt\/abloy-eltryckeslas-el582-70mm\/"},"modified":"2026-04-17T14:42:57","modified_gmt":"2026-04-17T12:42:57","slug":"abloy-eltryckeslas-el582-70mm","status":"publish","type":"product","link":"https:\/\/secureus.se\/fr\/abloy-eltryckeslas-el582-70mm\/","title":{"rendered":"Abloy Serrure \u00e9lectrique \u00e0 pouss\u00e9e EL582 70mm"},"content":{"rendered":"<p>Un remplacement direct pour l&#039;Abloy 8180\/8181.<\/p>\n<p>EL582 est un verrou de fonction \u00e0 pression \u00e0 commande \u00e9lectrom\u00e9canique qui est ce qu&#039;on appelle type multifonction.<\/p>\n<p>EL 582 est une serrure \u00e9lectrique du type serrure de jour et convient bien comme verrouillage de jour dans les b\u00e2timents commerciaux, verrouillage int\u00e9rieur et portes ext\u00e9rieures dans les immeubles d&#039;habitation.<\/p>\n<p>Suspension r\u00e9glable droite\/gauche (sans ouvrir la serrure).<\/p>\n<p>Boitier variable 20\/14mm position verrouill\u00e9e.<\/p>\n<p>Multitension 12-24 V DC -10%\/+10% Courant maximum : 350 mA Courant au repos : 120 mA<\/p>\n<p>Fonction avant\/arri\u00e8re commutable.<\/p>\n<p>Deux micro-interrupteurs<\/p>\n<p>Dimensions et emplacements des pistons selon la norme Assa.<\/p>","protected":false},"excerpt":{"rendered":"<p>En direkt ers\u00e4ttare f\u00f6r Abloy 8180\/8181. EL582 \u00e4r ett elektromekaniskt styrt tryckesfunktionsl\u00e5s som \u00e4r av sk. multifunktionstyp. EL 582 \u00e4r ett ell\u00e5s av dagl\u00e5styp och passar bra som dagl\u00e5sning i<\/p>","protected":false},"featured_media":145608,"template":"","meta":{"_acf_changed":false},"product_brand":[],"product_cat":[2429],"product_tag":[2927,2286,2417],"class_list":{"0":"post-73277","1":"product","2":"type-product","3":"status-publish","4":"has-post-thumbnail","6":"product_cat-ellas","7":"product_tag-abloy-el582","8":"product_tag-ellas-eltryckeslas","9":"product_tag-rel-abloy-ellas","10":"product_shipping_class-tunga-paket","11":"pa_brands-abloy","12":"tm-no-options","14":"first","15":"instock","16":"sale","17":"featured","18":"taxable","19":"shipping-taxable","20":"purchasable","21":"product-type-simple"},"acf":[],"_links":{"self":[{"href":"https:\/\/secureus.se\/fr\/wp-json\/wp\/v2\/product\/73277","targetHints":{"allow":["GET"]}}],"collection":[{"href":"https:\/\/secureus.se\/fr\/wp-json\/wp\/v2\/product"}],"about":[{"href":"https:\/\/secureus.se\/fr\/wp-json\/wp\/v2\/types\/product"}],"wp:featuredmedia":[{"embeddable":true,"href":"https:\/\/secureus.se\/fr\/wp-json\/wp\/v2\/media\/145608"}],"wp:attachment":[{"href":"https:\/\/secureus.se\/fr\/wp-json\/wp\/v2\/media?parent=73277"}],"wp:term":[{"taxonomy":"product_brand","embeddable":true,"href":"https:\/\/secureus.se\/fr\/wp-json\/wp\/v2\/product_brand?post=73277"},{"taxonomy":"product_cat","embeddable":true,"href":"https:\/\/secureus.se\/fr\/wp-json\/wp\/v2\/product_cat?post=73277"},{"taxonomy":"product_tag","embeddable":true,"href":"https:\/\/secureus.se\/fr\/wp-json\/wp\/v2\/product_tag?post=73277"}],"curies":[{"name":"wp","href":"https:\/\/api.w.org\/{rel}","templated":true}]}}