{"id":75112,"date":"2022-03-10T15:40:00","date_gmt":"2022-03-10T14:40:00","guid":{"rendered":"https:\/\/secureus.se\/produkt\/abloy-eltryckeslas-el482-35mm\/"},"modified":"2026-01-19T12:38:38","modified_gmt":"2026-01-19T11:38:38","slug":"abloy-eltryckeslas-el482-35mm","status":"publish","type":"product","link":"https:\/\/secureus.se\/fr\/abloy-eltryckeslas-el482-35mm\/","title":{"rendered":"Abloy Serrure \u00e9lectrique \u00e0 pouss\u00e9e EL482 35mm"},"content":{"rendered":"<h3>Domaine d&#039;utilisation<\/h3>\n<p>La serrure \u00e0 pression \u00e9lectrique EL482 est une serrure multifonctionnelle adapt\u00e9e aux portes \u00e0 haute fr\u00e9quence au profil \u00e9troit.<\/p>\n<p>adapt\u00e9 comme verrouillage de jour et verrouillage interne dans le commerce, les bureaux et l&#039;industrie ou dans les entr\u00e9es et les espaces publics des b\u00e2timents multifamiliaux. ABLOY EL480 peut \u00eatre utilis\u00e9 en bordure de cellule incendie.<\/p>\n<h3>Caract\u00e9ristiques<\/h3>\n<p>\u2022 Chute de pression verrouill\u00e9e<\/p>\n<p>\u2022 La serrure peut toujours \u00eatre actionn\u00e9e avec un cylindre\/un bouton<\/p>\n<p>\u2022 Multifonctionnel<\/p>\n<p>\u2013 12-24 VCC, stable<\/p>\n<p>\u2013 fonction avant\/arri\u00e8re facilement commutable<\/p>\n<p>2 micro-interrupteurs<\/p>\n<p>\u2013 Verrouillage (position de la porte)<\/p>\n<p>\u2013 Mouvement press\u00e9 profondeur de mandrin 29 ou 35 mm<\/p>\n<p>\u2022 Tous les c\u00e2bles sont \u00e9quip\u00e9s de connecteurs pour une installation facile avec le c\u00e2ble de connexion EA220<\/p>\n<p>\u2022 Enti\u00e8rement adapt\u00e9 \u00e0 la norme de niche ASSA ABLOY<\/p>\n<h3>Fonction<\/h3>\n<p>EL482 avec fonction standard<\/p>\n<p>\u2013 Pression ext\u00e9rieure et int\u00e9rieure \u00e0 commande \u00e9lectrique<\/p>\n<h3>Donn\u00e9es techniques<\/h3>\n<p>\u2022 Consommation \u00e9lectrique Max. 350mA<\/p>\n<p>\u2022 Repos 120 mA<\/p>\n<p>\u2022 Microswitch Commutation unipolaire Max. 30 VCC, 400 mA<\/p>","protected":false},"excerpt":{"rendered":"<p>Anv\u00e4ndningsomr\u00e5de Eltryckesl\u00e5s EL482\u00a0\u00e4r ett multifunktionellt l\u00e5s anpassat f\u00f6r h\u00f6gfrekventa d\u00f6rrar i smalprofilutf\u00f6rande. passar bra som dagl\u00e5sning och intern l\u00e5sning inom handel, kontor och industri eller i entr\u00e9er och allm\u00e4nna utrymmen<\/p>","protected":false},"featured_media":145606,"template":"","meta":{"_acf_changed":false},"product_brand":[],"product_cat":[2429],"product_tag":[2929,2286,2417],"class_list":{"0":"post-75112","1":"product","2":"type-product","3":"status-publish","4":"has-post-thumbnail","6":"product_cat-ellas","7":"product_tag-abloy-el482","8":"product_tag-ellas-eltryckeslas","9":"product_tag-rel-abloy-ellas","10":"product_shipping_class-tunga-paket","11":"pa_brands-abloy","12":"tm-no-options","14":"first","15":"instock","16":"sale","17":"featured","18":"taxable","19":"shipping-taxable","20":"purchasable","21":"product-type-simple"},"acf":[],"_links":{"self":[{"href":"https:\/\/secureus.se\/fr\/wp-json\/wp\/v2\/product\/75112","targetHints":{"allow":["GET"]}}],"collection":[{"href":"https:\/\/secureus.se\/fr\/wp-json\/wp\/v2\/product"}],"about":[{"href":"https:\/\/secureus.se\/fr\/wp-json\/wp\/v2\/types\/product"}],"wp:featuredmedia":[{"embeddable":true,"href":"https:\/\/secureus.se\/fr\/wp-json\/wp\/v2\/media\/145606"}],"wp:attachment":[{"href":"https:\/\/secureus.se\/fr\/wp-json\/wp\/v2\/media?parent=75112"}],"wp:term":[{"taxonomy":"product_brand","embeddable":true,"href":"https:\/\/secureus.se\/fr\/wp-json\/wp\/v2\/product_brand?post=75112"},{"taxonomy":"product_cat","embeddable":true,"href":"https:\/\/secureus.se\/fr\/wp-json\/wp\/v2\/product_cat?post=75112"},{"taxonomy":"product_tag","embeddable":true,"href":"https:\/\/secureus.se\/fr\/wp-json\/wp\/v2\/product_tag?post=75112"}],"curies":[{"name":"wp","href":"https:\/\/api.w.org\/{rel}","templated":true}]}}