{"id":76634,"date":"2023-05-09T15:42:51","date_gmt":"2023-05-09T13:42:51","guid":{"rendered":"https:\/\/secureus.se\/produkt\/rfid-tagg-glasfiber-hd-epoxy-mifare1k-std-nr\/"},"modified":"2026-03-09T14:43:03","modified_gmt":"2026-03-09T13:43:03","slug":"rfid-tagg-glasfiber-hd-mifare1k-std-nr","status":"publish","type":"product","link":"https:\/\/secureus.se\/fr\/rfid-tagg-glasfiber-hd-mifare1k-std-nr\/","title":{"rendered":"Tag Mifare1k\u00ae \u2013 Syst\u00e8me d&#039;alarme\/passeur Noir \u2013 Fibre de verre HD+"},"content":{"rendered":"<h1>\u00c9tiquette Mifare1k Fibre de Verre HD+(Plus)<\/h1>\n<h3>\u00c9tiquette pour syst\u00e8me d&#039;alarme\/passeur et r\u00e9servation.<\/h3>\n<p><strong>Ici, nous avons ajout\u00e9 des num\u00e9ros par d\u00e9faut pour les syst\u00e8mes suivants pour\u00a0:<\/strong><\/p>\n<p><span style=\"text-decoration: underline\"><strong>Pour EM4200\u00a0: ASSA (S), RCO Security (R), Axema VAKA (V), Bewator\/Vanderbilt (B)<\/strong><\/span><\/p>\n<p><span style=\"text-decoration: underline\"><strong>Mifare\u00a0: MFR=RCO, MFV=Axema VAKA, MFD=Lecture d\u00e9cimale pour d&#039;autres syst\u00e8mes sur le march\u00e9 su\u00e9dois.<\/strong><\/span><\/p>\n<div>\n<p><span style=\"text-decoration: underline\"><strong><span style=\"font-size: 16px\">Ce porte-cl\u00e9s innovant est sp\u00e9cialement con\u00e7u pour r\u00e9pondre \u00e0 vos besoins en mati\u00e8re de s\u00e9curit\u00e9 et d&#039;identification. Avec sa construction robuste et ses fonctionnalit\u00e9s impressionnantes, l&#039;\u00e9tiquette RFUD \u00ab Glasfiber HD \u00bb offre une solution fiable et efficace pour diverses applications.<\/span><\/strong><\/span><\/p>\n<\/div>\n<p>Nous proposons plusieurs variantes de tags Glasfiber HD+ pour r\u00e9pondre \u00e0 vos exigences sp\u00e9cifiques.<\/p>\n<p>Vous pouvez choisir parmi plusieurs produits parmi EM4200, Mifare1k, la combinaison de Mifare1k et EM4200, Mifare4k et la combinaison de Mifare4k et EM4200.<\/p>\n<p>Chaque variante poss\u00e8de ses propres caract\u00e9ristiques et fonctions, vous offrant flexibilit\u00e9 et polyvalence.<\/p>\n<p>Pour personnaliser davantage le porte-cl\u00e9s, nous offrons la possibilit\u00e9 de graver des num\u00e9ros tels que des num\u00e9ros de s\u00e9rie ou des num\u00e9ros de vos syst\u00e8mes d&#039;acc\u00e8s.<\/p>\n<p>(RCO, Vanderbilt, Bewator, Axema Aptus ASSA, etc.).<\/p>\n<p>Cela facilite l\u2019identification et la gestion de vos balises, permettant ainsi de gagner du temps et d\u2019augmenter l\u2019efficacit\u00e9 de votre flux de travail.<\/p>\n<p>La fibre de verre HD+ est \u00e9galement disponible avec des num\u00e9ros finis grav\u00e9s dans notre magasin, vous pouvez \u00e9galement en commander 500 et plus avec vos propres num\u00e9ros.<\/p>\n<h3>Comme toujours chez nous, puce originale de<a href=\"https:\/\/www.nxp.com\/\" rel=\"noopener\"> NXP<\/a> et <a href=\"https:\/\/www.emmicroelectronic.com\/\" rel=\"noopener\">EM Micro\u00e9lectronique.<\/a><\/h3>\n<p><strong>Convient \u00e0 tout et \u00e0 tous !<\/strong><\/p>\n<ul>\n<li>Syst\u00e8me de laissez-passer<\/li>\n<li>Syst\u00e8me de visiteur<\/li>\n<li>R\u00e9servation de blanchisserie<\/li>\n<li>Syst\u00e8me d&#039;alarme et de s\u00e9curit\u00e9<\/li>\n<\/ul>\n<p>&nbsp;<\/p>","protected":false},"excerpt":{"rendered":"<p><span style=\"text-decoration: underline\"><strong>La commande minimum est de 500 unit\u00e9s si vous souhaitez un num\u00e9ro ou un logo unique.<\/strong><\/span><\/p>\n<p>Il s&#039;agit de notre Uranus HD+ en fibre de verre avec une couche protectrice d&#039;Epoxy qui vous permet d&#039;obtenir votre logo en couleur.<\/p>\n<p>Aucun frais suppl\u00e9mentaire de conception ou de d\u00e9marrage n\u2019est ajout\u00e9.<\/p>\n<p><span style=\"text-decoration: underline\"><strong>Anti-vandalisme et \u00e9tanche pour une dur\u00e9e de vie extra longue<\/strong><\/span><\/p>\n<p>&nbsp;Ce produit est dot\u00e9 d&#039;une puce certifi\u00e9e par NXP\u00ae, une entreprise technologique mondiale dont le si\u00e8ge est aux Pays-Bas. NXP\u00ae est sp\u00e9cialis\u00e9 dans la RFID et le NFC et propose une gamme de produits en mati\u00e8re de s\u00e9curit\u00e9, de connectivit\u00e9 et de solutions embarqu\u00e9es<\/p>","protected":false},"featured_media":133938,"template":"","meta":{"_acf_changed":false},"product_brand":[],"product_cat":[2354],"product_tag":[2436,2074,4146,2958],"class_list":{"0":"post-76634","1":"product","2":"type-product","3":"status-publish","4":"has-post-thumbnail","6":"product_cat-rfid-taggar","7":"product_tag-250-moq-hd","8":"product_tag-ej-lagerfraga","9":"product_tag-nxp","10":"product_tag-stonehouse-produkt","11":"product_shipping_class-postnord-varubrev","12":"pa_brands-stonehouse-security","13":"pa_chip-teknik-mifare1k","14":"pa_farg-svart","15":"pa_tagg-glasfiber-tagg-glasfiber-hd","16":"tm-no-options","18":"first","19":"instock","20":"sale","21":"featured","22":"taxable","23":"shipping-taxable","24":"purchasable","25":"product-type-simple"},"acf":[],"_links":{"self":[{"href":"https:\/\/secureus.se\/fr\/wp-json\/wp\/v2\/product\/76634","targetHints":{"allow":["GET"]}}],"collection":[{"href":"https:\/\/secureus.se\/fr\/wp-json\/wp\/v2\/product"}],"about":[{"href":"https:\/\/secureus.se\/fr\/wp-json\/wp\/v2\/types\/product"}],"wp:featuredmedia":[{"embeddable":true,"href":"https:\/\/secureus.se\/fr\/wp-json\/wp\/v2\/media\/133938"}],"wp:attachment":[{"href":"https:\/\/secureus.se\/fr\/wp-json\/wp\/v2\/media?parent=76634"}],"wp:term":[{"taxonomy":"product_brand","embeddable":true,"href":"https:\/\/secureus.se\/fr\/wp-json\/wp\/v2\/product_brand?post=76634"},{"taxonomy":"product_cat","embeddable":true,"href":"https:\/\/secureus.se\/fr\/wp-json\/wp\/v2\/product_cat?post=76634"},{"taxonomy":"product_tag","embeddable":true,"href":"https:\/\/secureus.se\/fr\/wp-json\/wp\/v2\/product_tag?post=76634"}],"curies":[{"name":"wp","href":"https:\/\/api.w.org\/{rel}","templated":true}]}}