{"id":76711,"date":"2023-05-18T12:29:19","date_gmt":"2023-05-18T10:29:19","guid":{"rendered":"https:\/\/secureus.se\/produkt\/cb-batteri-teknik-4-x-gp130aam-4-8v-1-3ah-battery-pack-for-powermaster-g\/"},"modified":"2026-04-28T19:15:37","modified_gmt":"2026-04-28T17:15:37","slug":"batteri-powermaster-2000mah-visonic","status":"publish","type":"product","link":"https:\/\/secureus.se\/fr\/batteri-powermaster-2000mah-visonic\/","title":{"rendered":"Batterie PowerMaster 10, RP600 et PG8920 \u2013 4,8 V, 2\u00a0000 mAh \u2013 Visonic DSC"},"content":{"rendered":"<h1>Batterie Visonic \u2013 PowerMaster et PowerMax<\/h1>\n<p>Avec cette batterie haute capacit\u00e9 pour appareils PowerMaster, vous obtenez une solution qui garantit une disponibilit\u00e9 plus longue et des performances ininterrompues pour votre syst\u00e8me de s\u00e9curit\u00e9.<\/p>\n<h2 class=\"desc-title info-toggle\">La batterie est compatible avec les mod\u00e8les suivants<i class=\"far fa-chevron-up\"><\/i><\/h2>\n<div id=\"__BVID__72\" class=\"collapse show\">\n<ul class=\"compatibility\">\n<li>Visonic PowerMaster 10<\/li>\n<li>Panneau de contr\u00f4le Visonic PowerMax 99-301712<\/li>\n<li>Visonic Powermax Express<\/li>\n<li>PG8920<\/li>\n<li>RP600<\/li>\n<\/ul>\n<\/div>\n<h4>Avantages :<\/h4>\n<ul>\n<li><strong>Compatibilit\u00e9<\/strong>:Con\u00e7u pour les appareils Visonic, ce qui le rend facile \u00e0 int\u00e9grer.<\/li>\n<li><strong>Fiabilit\u00e9<\/strong>:Une construction robuste et une alimentation \u00e9lectrique constante garantissent des performances maximales.<\/li>\n<li><strong>Facile \u00e0 installer<\/strong>:La batterie est facile \u00e0 remplacer, ce qui permet d&#039;\u00e9conomiser du temps et des efforts.<\/li>\n<\/ul>\n<p>Investissez dans une nouvelle batterie PowerMaster pour am\u00e9liorer l\u2019efficacit\u00e9 et garantir que votre syst\u00e8me fonctionne toujours comme il le devrait.<\/p>","protected":false},"excerpt":{"rendered":"<p>Cette batterie haute capacit\u00e9 permet d'allonger la dur\u00e9e d'utilisation.<\/p>","protected":false},"featured_media":146428,"template":"","meta":{"_acf_changed":false},"product_brand":[],"product_cat":[3379,3322,1862],"product_tag":[2330,2334],"class_list":{"0":"post-76711","1":"product","2":"type-product","3":"status-publish","4":"has-post-thumbnail","6":"product_cat-visonic-batteri-reservdelar","7":"product_cat-batteri-stromforsorjning","8":"product_cat-batterier-knappcell","9":"product_tag-visonic-manoverpanel","10":"product_tag-visonic-reservdel","11":"product_shipping_class-postnord-varubrev","12":"tm-no-options","14":"first","15":"instock","16":"sale","17":"featured","18":"taxable","19":"shipping-taxable","20":"purchasable","21":"product-type-simple"},"acf":[],"_links":{"self":[{"href":"https:\/\/secureus.se\/fr\/wp-json\/wp\/v2\/product\/76711","targetHints":{"allow":["GET"]}}],"collection":[{"href":"https:\/\/secureus.se\/fr\/wp-json\/wp\/v2\/product"}],"about":[{"href":"https:\/\/secureus.se\/fr\/wp-json\/wp\/v2\/types\/product"}],"wp:featuredmedia":[{"embeddable":true,"href":"https:\/\/secureus.se\/fr\/wp-json\/wp\/v2\/media\/146428"}],"wp:attachment":[{"href":"https:\/\/secureus.se\/fr\/wp-json\/wp\/v2\/media?parent=76711"}],"wp:term":[{"taxonomy":"product_brand","embeddable":true,"href":"https:\/\/secureus.se\/fr\/wp-json\/wp\/v2\/product_brand?post=76711"},{"taxonomy":"product_cat","embeddable":true,"href":"https:\/\/secureus.se\/fr\/wp-json\/wp\/v2\/product_cat?post=76711"},{"taxonomy":"product_tag","embeddable":true,"href":"https:\/\/secureus.se\/fr\/wp-json\/wp\/v2\/product_tag?post=76711"}],"curies":[{"name":"wp","href":"https:\/\/api.w.org\/{rel}","templated":true}]}}